{"id":777,"date":"2016-07-06T23:07:46","date_gmt":"2016-07-06T21:07:46","guid":{"rendered":"http:\/\/safm.sk\/portal\/?page_id=777"},"modified":"2025-02-03T13:37:06","modified_gmt":"2025-02-03T12:37:06","slug":"vyrocne-spravy","status":"publish","type":"page","link":"https:\/\/safm.sk\/portal\/o-nas\/vyrocne-spravy\/","title":{"rendered":"V\u00fdro\u010dn\u00e9 spr\u00e1vy"},"content":{"rendered":"\n<!-- Generated using Document Gallery. Get yours here: http:\/\/wordpress.org\/extend\/plugins\/document-gallery -->\n<div id=\"document-gallery-1\" class=\"document-gallery\" data-shortcode='{\"id\":777,\"include\":\"10837\",\"exclude\":\"\",\"columns\":4,\"fancy\":true,\"order\":\"ASC\",\"orderby\":\"post__in\",\"relation\":\"AND\",\"limit\":-1,\"mime_types\":\"application,video,text,audio,image\",\"new_window\":true,\"paginate\":true,\"post_status\":\"any\",\"post_type\":\"attachment\",\"attachment_pg\":false,\"descriptions\":false,\"skip\":0}' data-icon-width='24'>\n<div class='document-icon-row'>\n   <div class=\"document-icon\">\n      <a href=\"https:\/\/safm.sk\/portal\/wp-content\/uploads\/2025\/02\/SAFM_Vyrocna_sprava_2024-1.pdf\" target=\"_blank\">\n         <img src=\"https:\/\/safm.sk\/portal\/wp-content\/uploads\/2025\/02\/SAFM_Vyrocna_sprava_2024-1-thumb.png\" title=\"SAFM_Vyrocna_sprava_2024\" alt=\"SAFM_Vyrocna_sprava_2024\" data-ext=\"pdf\"\/>\n         <span class=\"title\">SAFM_Vyrocna_sprava_2024<\/span>\n      <\/a>\n   <\/div>\n\n<\/div>\n<\/div>\r\n\n<!-- Generated using Document Gallery. Get yours here: http:\/\/wordpress.org\/extend\/plugins\/document-gallery -->\n<div id=\"document-gallery-2\" class=\"document-gallery\" data-shortcode='{\"id\":777,\"include\":\"10326\",\"exclude\":\"\",\"columns\":4,\"fancy\":true,\"order\":\"ASC\",\"orderby\":\"post__in\",\"relation\":\"AND\",\"limit\":-1,\"mime_types\":\"application,video,text,audio,image\",\"new_window\":true,\"paginate\":true,\"post_status\":\"any\",\"post_type\":\"attachment\",\"attachment_pg\":false,\"descriptions\":false,\"skip\":0}' data-icon-width='24'>\n<div class='document-icon-row'>\n   <div class=\"document-icon\">\n      <a href=\"https:\/\/safm.sk\/portal\/wp-content\/uploads\/2024\/06\/SAFM_Vyrocna_sprava_2023.pdf\" target=\"_blank\">\n         <img src=\"https:\/\/safm.sk\/portal\/wp-content\/uploads\/2024\/06\/SAFM_Vyrocna_sprava_2023-thumb.png\" title=\"SAFM_Vyrocna_sprava_2023\" alt=\"SAFM_Vyrocna_sprava_2023\" data-ext=\"pdf\"\/>\n         <span class=\"title\">SAFM_Vyrocna_sprava_2023<\/span>\n      <\/a>\n   <\/div>\n\n<\/div>\n<\/div>\r\n\n<!-- Generated using Document Gallery. Get yours here: http:\/\/wordpress.org\/extend\/plugins\/document-gallery -->\n<div id=\"document-gallery-3\" class=\"document-gallery\" data-shortcode='{\"id\":777,\"include\":\"10324\",\"exclude\":\"\",\"columns\":4,\"fancy\":true,\"order\":\"ASC\",\"orderby\":\"post__in\",\"relation\":\"AND\",\"limit\":-1,\"mime_types\":\"application,video,text,audio,image\",\"new_window\":true,\"paginate\":true,\"post_status\":\"any\",\"post_type\":\"attachment\",\"attachment_pg\":false,\"descriptions\":false,\"skip\":0}' data-icon-width='24'>\n<div class='document-icon-row'>\n   <div class=\"document-icon\">\n      <a href=\"https:\/\/safm.sk\/portal\/wp-content\/uploads\/2024\/06\/SAFM_Vyrocna_sprava_2022.pdf\" target=\"_blank\">\n         <img src=\"https:\/\/safm.sk\/portal\/wp-content\/uploads\/2024\/06\/SAFM_Vyrocna_sprava_2022-thumb.png\" title=\"SAFM_Vyrocna_sprava_2022\" alt=\"SAFM_Vyrocna_sprava_2022\" data-ext=\"pdf\"\/>\n         <span class=\"title\">SAFM_Vyrocna_sprava_2022<\/span>\n      <\/a>\n   <\/div>\n\n<\/div>\n<\/div>\r\n\n<!-- Generated using Document Gallery. Get yours here: http:\/\/wordpress.org\/extend\/plugins\/document-gallery -->\n<div id=\"document-gallery-4\" class=\"document-gallery\" data-shortcode='{\"id\":777,\"include\":\"10322\",\"exclude\":\"\",\"columns\":4,\"fancy\":true,\"order\":\"ASC\",\"orderby\":\"post__in\",\"relation\":\"AND\",\"limit\":-1,\"mime_types\":\"application,video,text,audio,image\",\"new_window\":true,\"paginate\":true,\"post_status\":\"any\",\"post_type\":\"attachment\",\"attachment_pg\":false,\"descriptions\":false,\"skip\":0}' data-icon-width='24'>\n<div class='document-icon-row'>\n   <div class=\"document-icon\">\n      <a href=\"https:\/\/safm.sk\/portal\/wp-content\/uploads\/2024\/06\/SAFM_Vyrocna_sprava_2021.pdf\" target=\"_blank\">\n         <img src=\"https:\/\/safm.sk\/portal\/wp-content\/uploads\/2024\/06\/SAFM_Vyrocna_sprava_2021-thumb.png\" title=\"SAFM_Vyrocna_sprava_2021\" alt=\"SAFM_Vyrocna_sprava_2021\" data-ext=\"pdf\"\/>\n         <span class=\"title\">SAFM_Vyrocna_sprava_2021<\/span>\n      <\/a>\n   <\/div>\n\n<\/div>\n<\/div>\r\n\n<!-- Generated using Document Gallery. Get yours here: http:\/\/wordpress.org\/extend\/plugins\/document-gallery -->\n<div id=\"document-gallery-5\" class=\"document-gallery\" data-shortcode='{\"id\":777,\"include\":\"3967\",\"exclude\":\"\",\"columns\":4,\"fancy\":true,\"order\":\"ASC\",\"orderby\":\"post__in\",\"relation\":\"AND\",\"limit\":-1,\"mime_types\":\"application,video,text,audio,image\",\"new_window\":true,\"paginate\":true,\"post_status\":\"any\",\"post_type\":\"attachment\",\"attachment_pg\":false,\"descriptions\":false,\"skip\":0}' data-icon-width='24'>\n<div class='document-icon-row'>\n   <div class=\"document-icon\">\n      <a href=\"https:\/\/safm.sk\/portal\/wp-content\/uploads\/2018\/10\/SAFM_vyrocna_sprava.pdf\" target=\"_blank\">\n         <img src=\"https:\/\/safm.sk\/portal\/wp-content\/uploads\/2018\/10\/SAFM_vyrocna_sprava-thumb.png\" title=\"SAFM_vyrocna_sprava_04\/2015-07\/2016\" alt=\"SAFM_vyrocna_sprava_04\/2015-07\/2016\" data-ext=\"pdf\"\/>\n         <span class=\"title\">SAFM_vyrocna_sprava_04\/2015-07\/2016<\/span>\n      <\/a>\n   <\/div>\n\n<\/div>\n<\/div>\r\n\n<!-- Generated using Document Gallery. Get yours here: http:\/\/wordpress.org\/extend\/plugins\/document-gallery -->\n<div id=\"document-gallery-6\" class=\"document-gallery\" data-shortcode='{\"id\":777,\"include\":\"3098\",\"exclude\":\"\",\"columns\":4,\"fancy\":true,\"order\":\"ASC\",\"orderby\":\"post__in\",\"relation\":\"AND\",\"limit\":-1,\"mime_types\":\"application,video,text,audio,image\",\"new_window\":true,\"paginate\":true,\"post_status\":\"any\",\"post_type\":\"attachment\",\"attachment_pg\":false,\"descriptions\":false,\"skip\":0}' data-icon-width='24'>\n<div class='document-icon-row'>\n   <div class=\"document-icon\">\n      <a href=\"https:\/\/safm.sk\/portal\/wp-content\/uploads\/2017\/11\/SAFM_vyrocna_sprava_08_2016-10_2017.pdf\" target=\"_blank\">\n         <img src=\"https:\/\/safm.sk\/portal\/wp-content\/uploads\/2017\/11\/SAFM_vyrocna_sprava_08_2016-10_2017-thumb.png\" title=\"SAFM_vyrocna_sprava_08_2016-10_2017\" alt=\"SAFM_vyrocna_sprava_08_2016-10_2017\" data-ext=\"pdf\"\/>\n         <span class=\"title\">SAFM_vyrocna_sprava_08_2016-10_2017<\/span>\n      <\/a>\n   <\/div>\n\n<\/div>\n<\/div>\r\n\n<!-- Generated using Document Gallery. Get yours here: http:\/\/wordpress.org\/extend\/plugins\/document-gallery -->\n<div id=\"document-gallery-7\" class=\"document-gallery\" data-shortcode='{\"id\":777,\"include\":\"4058\",\"exclude\":\"\",\"columns\":4,\"fancy\":true,\"order\":\"ASC\",\"orderby\":\"post__in\",\"relation\":\"AND\",\"limit\":-1,\"mime_types\":\"application,video,text,audio,image\",\"new_window\":true,\"paginate\":true,\"post_status\":\"any\",\"post_type\":\"attachment\",\"attachment_pg\":false,\"descriptions\":false,\"skip\":0}' data-icon-width='24'>\n<div class='document-icon-row'>\n   <div class=\"document-icon\">\n      <a href=\"https:\/\/safm.sk\/portal\/wp-content\/uploads\/2019\/01\/SAFM_vyrocna_sprava_10_2017-10_2018.pdf\" target=\"_blank\">\n         <img src=\"https:\/\/safm.sk\/portal\/wp-content\/uploads\/2019\/01\/SAFM_vyrocna_sprava_10_2017-10_2018-thumb.png\" title=\"SAFM_vyrocna_sprava_10_2017-10_2018\" alt=\"SAFM_vyrocna_sprava_10_2017-10_2018\" data-ext=\"pdf\"\/>\n         <span class=\"title\">SAFM_vyrocna_sprava_10_2017-10_2018<\/span>\n      <\/a>\n   <\/div>\n\n<\/div>\n<\/div>\r\n\n<!-- Generated using Document Gallery. Get yours here: http:\/\/wordpress.org\/extend\/plugins\/document-gallery -->\n<div id=\"document-gallery-8\" class=\"document-gallery\" data-shortcode='{\"id\":777,\"include\":\"4680\",\"exclude\":\"\",\"columns\":4,\"fancy\":true,\"order\":\"ASC\",\"orderby\":\"post__in\",\"relation\":\"AND\",\"limit\":-1,\"mime_types\":\"application,video,text,audio,image\",\"new_window\":true,\"paginate\":true,\"post_status\":\"any\",\"post_type\":\"attachment\",\"attachment_pg\":false,\"descriptions\":false,\"skip\":0}' data-icon-width='24'>\n<div class='document-icon-row'>\n   <div class=\"document-icon\">\n      <a href=\"https:\/\/safm.sk\/portal\/wp-content\/uploads\/2019\/12\/Vyrocna-sprava_10_2018_10_2019.pdf\" target=\"_blank\">\n         <img src=\"https:\/\/safm.sk\/portal\/wp-content\/uploads\/2019\/12\/Vyrocna-sprava_10_2018_10_2019-thumb.png\" title=\"Vyrocna sprava_10_2018\/10_2019\" alt=\"Vyrocna sprava_10_2018\/10_2019\" data-ext=\"pdf\"\/>\n         <span class=\"title\">Vyrocna sprava_10_2018\/10_2019<\/span>\n      <\/a>\n   <\/div>\n\n<\/div>\n<\/div>\r\n\n<!-- Generated using Document Gallery. Get yours here: http:\/\/wordpress.org\/extend\/plugins\/document-gallery -->\n<div id=\"document-gallery-9\" class=\"document-gallery\" data-shortcode='{\"id\":777,\"include\":\"5522\",\"exclude\":\"\",\"columns\":4,\"fancy\":true,\"order\":\"ASC\",\"orderby\":\"post__in\",\"relation\":\"AND\",\"limit\":-1,\"mime_types\":\"application,video,text,audio,image\",\"new_window\":true,\"paginate\":true,\"post_status\":\"any\",\"post_type\":\"attachment\",\"attachment_pg\":false,\"descriptions\":false,\"skip\":0}' data-icon-width='24'>\n<div class='document-icon-row'>\n   <div class=\"document-icon\">\n      <a href=\"https:\/\/safm.sk\/portal\/wp-content\/uploads\/2021\/02\/SAFM_Vyrocna_sprava_2019_2020.pdf\" target=\"_blank\">\n         <img src=\"https:\/\/safm.sk\/portal\/wp-content\/uploads\/2021\/02\/SAFM_Vyrocna_sprava_2019_2020-thumb.png\" title=\"SAFM_Vyrocna_sprava_2019_2020\" alt=\"SAFM_Vyrocna_sprava_2019_2020\" data-ext=\"pdf\"\/>\n         <span class=\"title\">SAFM_Vyrocna_sprava_2019_2020<\/span>\n      <\/a>\n   <\/div>\n\n<\/div>\n<\/div>","protected":false},"excerpt":{"rendered":"","protected":false},"author":63,"featured_media":0,"parent":71,"menu_order":0,"comment_status":"closed","ping_status":"closed","template":"page-templates\/template_03.php","meta":[],"_links":{"self":[{"href":"https:\/\/safm.sk\/portal\/wp-json\/wp\/v2\/pages\/777"}],"collection":[{"href":"https:\/\/safm.sk\/portal\/wp-json\/wp\/v2\/pages"}],"about":[{"href":"https:\/\/safm.sk\/portal\/wp-json\/wp\/v2\/types\/page"}],"author":[{"embeddable":true,"href":"https:\/\/safm.sk\/portal\/wp-json\/wp\/v2\/users\/63"}],"replies":[{"embeddable":true,"href":"https:\/\/safm.sk\/portal\/wp-json\/wp\/v2\/comments?post=777"}],"version-history":[{"count":7,"href":"https:\/\/safm.sk\/portal\/wp-json\/wp\/v2\/pages\/777\/revisions"}],"predecessor-version":[{"id":10839,"href":"https:\/\/safm.sk\/portal\/wp-json\/wp\/v2\/pages\/777\/revisions\/10839"}],"up":[{"embeddable":true,"href":"https:\/\/safm.sk\/portal\/wp-json\/wp\/v2\/pages\/71"}],"wp:attachment":[{"href":"https:\/\/safm.sk\/portal\/wp-json\/wp\/v2\/media?parent=777"}],"curies":[{"name":"wp","href":"https:\/\/api.w.org\/{rel}","templated":true}]}}