{"id":75,"date":"2016-04-07T07:13:19","date_gmt":"2016-04-07T07:13:19","guid":{"rendered":"http:\/\/safm.sk\/portal\/?page_id=75"},"modified":"2021-04-18T19:55:12","modified_gmt":"2021-04-18T18:55:12","slug":"novinky","status":"publish","type":"page","link":"https:\/\/safm.sk\/portal\/novinky\/","title":{"rendered":"ARCH\u00cdV"},"content":{"rendered":"<p>SAFM je <strong>akt\u00edvna, neust\u00e1le rast\u00faca a\u00a0vyv\u00edjaj\u00faca<\/strong> sa organiz\u00e1cia. Na\u0161a \u00farove\u0148 a\u00a0autorita rast\u00fa s\u00a0dobr\u00fdm menom na\u0161ich \u010dlenov a\u00a0<strong>prezentujeme sa ich pr\u00e1cou a\u00a0aktivitami<\/strong>.<\/p>","protected":false},"excerpt":{"rendered":"SAFM je akt\u00edvna, neust\u00e1le rast\u00faca a\u00a0vyv\u00edjaj\u00faca sa organiz\u00e1cia. Na\u0161a \u00farove\u0148 a\u00a0autorita rast\u00fa s\u00a0dobr\u00fdm menom na\u0161ich \u010dlenov a\u00a0prezentujeme sa ich pr\u00e1cou a\u00a0aktivitami.","protected":false},"author":5,"featured_media":0,"parent":0,"menu_order":0,"comment_status":"closed","ping_status":"closed","template":"page-templates\/template_05.php","meta":[],"_links":{"self":[{"href":"https:\/\/safm.sk\/portal\/wp-json\/wp\/v2\/pages\/75"}],"collection":[{"href":"https:\/\/safm.sk\/portal\/wp-json\/wp\/v2\/pages"}],"about":[{"href":"https:\/\/safm.sk\/portal\/wp-json\/wp\/v2\/types\/page"}],"author":[{"embeddable":true,"href":"https:\/\/safm.sk\/portal\/wp-json\/wp\/v2\/users\/5"}],"replies":[{"embeddable":true,"href":"https:\/\/safm.sk\/portal\/wp-json\/wp\/v2\/comments?post=75"}],"version-history":[{"count":1,"href":"https:\/\/safm.sk\/portal\/wp-json\/wp\/v2\/pages\/75\/revisions"}],"predecessor-version":[{"id":6621,"href":"https:\/\/safm.sk\/portal\/wp-json\/wp\/v2\/pages\/75\/revisions\/6621"}],"wp:attachment":[{"href":"https:\/\/safm.sk\/portal\/wp-json\/wp\/v2\/media?parent=75"}],"curies":[{"name":"wp","href":"https:\/\/api.w.org\/{rel}","templated":true}]}}