{"id":6732,"date":"2021-04-28T08:17:25","date_gmt":"2021-04-28T07:17:25","guid":{"rendered":"https:\/\/safm.sk\/portal\/?page_id=6732"},"modified":"2021-04-28T08:17:25","modified_gmt":"2021-04-28T07:17:25","slug":"dni-facility-managementu-2020","status":"publish","type":"page","link":"https:\/\/safm.sk\/portal\/dni-facility-managementu\/dni-facility-managementu-2020\/","title":{"rendered":"Dni facility managementu 2020"},"content":{"rendered":"<div class=\"banner-top\">\r\n\r\n<div class=\"ov-v\"><h1 class=\"dfm\">Dni facility managementu 2020<\/h1>\r\n\r\n<span class=\"place\">29. 9. 2020 &#8211; <a href=\"https:\/\/www.x-bionicsphere.com\/\" target=\"_blank\" rel=\"noopener noreferrer\">X-BIONIC\u00ae &#8211; \u0160amor\u00edn<\/a><\/span>\r\n<div class=\"citat\">A house is a machine for living in.<em>Le Corbusier<\/em><\/div>\r\n\r\n<a target=\"_blank\" class=\"btn cta\" href=\"#program\" rel=\"noopener noreferrer\">PROGRAM<\/a>\r\n<a class=\"anchor\" href=\"#partneri-2020\">PARTNERI<\/a>\r\n<a target=\"_blank\" class=\"anchor\" href=\"https:\/\/www.informslovakia.sk\/sk\/konferencia\/dni-facility-managementu-2020\/#prihlaska\" rel=\"noopener noreferrer\">PRIHL\u00c1\u0160KA<\/a>\r\n\r\n<\/div>\r\n<div  class=\"v-hold\">\r\n<video id=\"video\" class=\"v2\" preload=\"auto\" muted=\"\" autoplay=\"\" playsinline=\"\" loop=\"\">\r\n<source src=\"https:\/\/safm.sk\/portal\/wp-content\/uploads\/2020\/02\/safm-video-oo.mp4\" type=\"video\/mp4\">\r\n<source src=\"https:\/\/safm.sk\/portal\/wp-content\/uploads\/2020\/02\/safm-video-oo.mp4\" type=\"video\/webm\">\r\n<\/video>\r\n<\/div>\r\n<\/div>\r\n\r\n\r\n\r\n\r\n\r\n\r\n\r\n<div id=\"program\">\r\n<h1>Program<\/h1>\r\n<iframe scrolling=\"no\" src=\"https:\/\/safm.sk\/portal\/fm2020\/safm2020\/output\/program.html\" onload=\"resizeIframe(this)\"><\/iframe>\r\n\r\n\r\n<\/div>\r\n\r\n\r\n\r\n<div class=\"\" id=\"partneri-2020\" >\r\n<h1>Partneri<\/h1>\r\n<div id=\"partneri_wrapper\" class=\"container\">\r\n    \t\t\t<aside class=\"partners\"><h3 class=\"rotate title is-6\"><div class=\"flip\">Hlavn\u00fd partner<\/div><\/h3><div class=\"columns is-multiline is-centered\"><div class=\"column is-narrow is-paddingless\"><a href=\"https:\/\/www.cdesk.sk\/\" target=\"_blank\" rel=\"noopener noreferrer\"><img src=\"https:\/\/www.informslovakia.sk\/sites\/sk\/files\/styles\/logo_partner_slider\/public\/logo-orange-slogan_v.jpg?itok=Q_y8xPZo\" class=\"image\"><\/a><\/div>&nbsp;<div class=\"column is-narrow is-paddingless\"><a href=\"https:\/\/www.liko-s.sk\/\" target=\"_blank\" rel=\"noopener noreferrer\"><img src=\"https:\/\/www.informslovakia.sk\/sites\/sk\/files\/styles\/logo_partner_slider\/public\/likoslogocmyk.png?itok=iObav-nP\" class=\"image\"><\/a><\/div>&nbsp;<div class=\"column is-narrow is-paddingless\"><a href=\"https:\/\/www.tork.sk\/\" target=\"_blank\" rel=\"noopener noreferrer\"><img src=\"https:\/\/www.informslovakia.sk\/sites\/sk\/files\/styles\/logo_partner_slider\/public\/tork_primary_essity.png?itok=NU-T0Zf-\" class=\"image\"><\/a><\/div>&nbsp;<div class=\"column is-narrow is-paddingless\"><a href=\"https:\/\/unicornsystems.eu\/sk\/\" target=\"_blank\" rel=\"noopener noreferrer\"><img src=\"https:\/\/www.informslovakia.sk\/sites\/sk\/files\/styles\/logo_partner_slider\/public\/logo-unicorn.png?itok=cUly_vxN\" class=\"image\"><\/a><\/div><\/div><\/aside><hr class=\"hr\"><aside class=\"partners\"><h3 class=\"rotate title is-6\"><div class=\"flip\">Partner<\/div><\/h3><div class=\"columns is-multiline is-centered\"><div class=\"column is-narrow is-paddingless\"><a href=\"http:\/\/www.alstanet.cz\/\" target=\"_blank\" rel=\"noopener noreferrer\"><img src=\"https:\/\/www.informslovakia.sk\/sites\/sk\/files\/styles\/logo_partner_slider\/public\/logo_afm_0.jpg?itok=vlq8YUyJ\" class=\"image\"><\/a><\/div>&nbsp;<div class=\"column is-narrow is-paddingless\"><a href=\"https:\/\/www.europapier.sk\/\" target=\"_blank\" rel=\"noopener noreferrer\"><img src=\"https:\/\/www.informslovakia.sk\/sites\/sk\/files\/styles\/logo_partner_slider\/public\/cormen_logo.png?itok=VY7GTTWM\" class=\"image\"><\/a><\/div>&nbsp;<div class=\"column is-narrow is-paddingless\"><a href=\"https:\/\/www.husqvarna.com\/sk\/\" target=\"_blank\" rel=\"noopener noreferrer\"><img src=\"https:\/\/www.informslovakia.sk\/sites\/sk\/files\/styles\/logo_partner_slider\/public\/logo_2.jpg?itok=kQlIojS9\" class=\"image\"><\/a><\/div>&nbsp;<div class=\"column is-narrow is-paddingless\"><a href=\"https:\/\/www.chastia.com\/\" target=\"_blank\" rel=\"noopener noreferrer\"><img src=\"https:\/\/www.informslovakia.sk\/sites\/sk\/files\/styles\/logo_partner_slider\/public\/chastia.png?itok=HGd0z5Td\" class=\"image\"><\/a><\/div>&nbsp;<div class=\"column is-narrow is-paddingless\"><a href=\"https:\/\/www.kodys.sk\/\" target=\"_blank\" rel=\"noopener noreferrer\"><img src=\"https:\/\/www.informslovakia.sk\/sites\/sk\/files\/styles\/logo_partner_slider\/public\/zwebukodys.jpg?itok=fVG1lpl2\" class=\"image\"><\/a><\/div>&nbsp;<div class=\"column is-narrow is-paddingless\"><a href=\"https:\/\/lightech.sk\/\" target=\"_blank\" rel=\"noopener noreferrer\"><img src=\"https:\/\/www.informslovakia.sk\/sites\/sk\/files\/styles\/logo_partner_slider\/public\/lightech-stredne-logo.jpg?itok=huupIKWc\" class=\"image\"><\/a><\/div>&nbsp;<div class=\"column is-narrow is-paddingless\"><a href=\"https:\/\/www.nespresso.com\/sk\/sk\/\" target=\"_blank\" rel=\"noopener noreferrer\"><img src=\"https:\/\/www.informslovakia.sk\/sites\/sk\/files\/styles\/logo_partner_slider\/public\/logo_nespressoprofess_black-transparent_0.png?itok=kckvkQ4h\" class=\"image\"><\/a><\/div>&nbsp;<div class=\"column is-narrow is-paddingless\"><a href=\"http:\/\/www.seakenergetics.com\/\" target=\"_blank\" rel=\"noopener noreferrer\"><img src=\"https:\/\/www.informslovakia.sk\/sites\/sk\/files\/styles\/logo_partner_slider\/public\/logo_seak.jpg?itok=gb5gVGTy\" class=\"image\"><\/a><\/div>&nbsp;<div class=\"column is-narrow is-paddingless\"><a href=\"https:\/\/hbreavis.com\/sk\/symbiosy\/\" target=\"_blank\" rel=\"noopener noreferrer\"><img src=\"https:\/\/www.informslovakia.sk\/sites\/sk\/files\/styles\/logo_partner_slider\/public\/symbiosybyhbreavislogo2020.jpg?itok=9E4xGKHP\" class=\"image\"><\/a><\/div>&nbsp;<div class=\"column is-narrow is-paddingless\"><a href=\"www.ausemio.com\" target=\"_blank\" rel=\"noopener noreferrer\"><img src=\"https:\/\/www.informslovakia.sk\/sites\/sk\/files\/styles\/logo_partner_slider\/public\/ausemio_verdegroup.png?itok=n9nv6zH9\" class=\"image\"><\/a><\/div><\/div><\/aside><hr class=\"hr\"><aside class=\"partners\"><h3 class=\"rotate title is-6\"><div class=\"flip\">\u010eakujeme za spolupr\u00e1cu<\/div><\/h3><div class=\"columns is-multiline is-centered\"><div class=\"column is-narrow is-paddingless\"><a href=\"https:\/\/auditstoliciek.sk\/\" target=\"_blank\" rel=\"noopener noreferrer\"><img src=\"https:\/\/www.informslovakia.sk\/sites\/sk\/files\/styles\/logo_partner_slider\/public\/audit-stoliciek-logo-podlhovaste.png?itok=-v_jQxAe\" class=\"image\"><\/a><\/div><\/div><\/aside><hr class=\"hr\"><aside class=\"partners\"><h3 class=\"rotate title is-6\"><div class=\"flip\">Medi\u00e1lny partner<\/div><\/h3><div class=\"columns is-multiline is-centered\"><div class=\"column is-narrow is-paddingless\"><a href=\"http:\/\/www.nextech.sk\/\" target=\"_blank\" rel=\"noopener noreferrer\"><img src=\"https:\/\/www.informslovakia.sk\/sites\/sk\/files\/styles\/logo_partner_slider\/public\/nextechlogodigitalvisionrgb.jpg?itok=RKuoeAsC\" class=\"image\"><\/a><\/div>&nbsp;<div class=\"column is-narrow is-paddingless\"><a href=\"https:\/\/www.jaga.sk\/sprava-budov\/\" target=\"_blank\" rel=\"noopener noreferrer\"><img src=\"https:\/\/www.informslovakia.sk\/sites\/sk\/files\/styles\/logo_partner_slider\/public\/sprava_budov_nove.png?itok=rwKKrTuO\" class=\"image\"><\/a><\/div><\/div><\/aside>\t\t\t  <\/div>\r\n\r\n<\/div>\r\n\r\n\r\n\r\n\r\n<div class=\"\" id=\"ucastnici-2020\" >\r\n\r\n<iframe scrolling=\"no\" src=\"https:\/\/safm.sk\/portal\/fm2020\/safm2020\/output\/ucastnici.html\" onload=\"resizeIframe(this)\"><\/iframe>\r\n\r\n\r\n<\/div>\r\n\r\n","protected":false},"excerpt":{"rendered":"Dni facility managementu 2020 29. 9. 2020 &#8211; X-BIONIC\u00ae &#8211; \u0160amor\u00edn A house is a machine for living in.Le Corbusier PROGRAM PARTNERI PRIHL\u00c1\u0160KA Program Partneri Hlavn\u00fd partner&nbsp;&nbsp;&nbsp;Partner&nbsp;&nbsp;&nbsp;&nbsp;&nbsp;&nbsp;&nbsp;&nbsp;&nbsp;\u010eakujeme za spolupr\u00e1cuMedi\u00e1lny partner&nbsp;","protected":false},"author":65,"featured_media":0,"parent":3922,"menu_order":0,"comment_status":"closed","ping_status":"closed","template":"temp-22.php","meta":[],"_links":{"self":[{"href":"https:\/\/safm.sk\/portal\/wp-json\/wp\/v2\/pages\/6732"}],"collection":[{"href":"https:\/\/safm.sk\/portal\/wp-json\/wp\/v2\/pages"}],"about":[{"href":"https:\/\/safm.sk\/portal\/wp-json\/wp\/v2\/types\/page"}],"author":[{"embeddable":true,"href":"https:\/\/safm.sk\/portal\/wp-json\/wp\/v2\/users\/65"}],"replies":[{"embeddable":true,"href":"https:\/\/safm.sk\/portal\/wp-json\/wp\/v2\/comments?post=6732"}],"version-history":[{"count":1,"href":"https:\/\/safm.sk\/portal\/wp-json\/wp\/v2\/pages\/6732\/revisions"}],"predecessor-version":[{"id":6734,"href":"https:\/\/safm.sk\/portal\/wp-json\/wp\/v2\/pages\/6732\/revisions\/6734"}],"up":[{"embeddable":true,"href":"https:\/\/safm.sk\/portal\/wp-json\/wp\/v2\/pages\/3922"}],"wp:attachment":[{"href":"https:\/\/safm.sk\/portal\/wp-json\/wp\/v2\/media?parent=6732"}],"curies":[{"name":"wp","href":"https:\/\/api.w.org\/{rel}","templated":true}]}}