{"id":3750,"date":"2018-08-06T13:22:29","date_gmt":"2018-08-06T12:22:29","guid":{"rendered":"https:\/\/safm.sk\/portal\/?page_id=3750"},"modified":"2023-12-21T15:34:38","modified_gmt":"2023-12-21T14:34:38","slug":"safm-guide","status":"publish","type":"page","link":"https:\/\/safm.sk\/portal\/safm-guide\/","title":{"rendered":"SAFM Guide 2023"},"content":{"rendered":"<br><br>\r\n<div id=\"objednavka-knihy\" style=\"padding:10px;\">\r\n<div id=\"objednat\">\r\n<div class=\"ob-l\"><strong>Objednajte si\u00a0 SAFM Guide 2023 za \u0161peci\u00e1lnu cenu <b>9,95\u20ac bez DPH<\/b>\u00a0<\/strong>\r\n\r\n<div class=\"woocommerce \"><ul class=\"products columns-4\">\n<li class=\"has-post-thumbnail product type-product post-6858 status-publish first instock product_cat-knihy taxable shipping-taxable purchasable product-type-simple\">\n\t<\/li>\n<\/ul>\n<\/div>\r\n\r\n<p><strong>Alebo na adrese <a href=\"mailto:safm@safm.sk?subject=SAFM%20Guide%20objedn%C3%A1vka\">safm@safm.sk<\/a> u\u017e teraz a to za \u0161peci\u00e1lnu cenu 9,95\u20ac bez DPH pre druh\u00fd ro\u010dn\u00edk + baln\u00e9 a po\u0161tovn\u00e9.<\/strong><\/p>\r\n\r\n<\/div>\r\n\r\n\r\n<div class=\"ob-l\" style=\"text-align:left\">\r\n<p>\r\n<strong>SAFM Guide 2023<\/strong> je ur\u010den\u00fd ka\u017ed\u00e9mu facility mana\u017e\u00e9rovi, a publikovan\u00e9 inform\u00e1cie s\u00fa pr\u00ednosom pre v\u0161etky spolo\u010dnosti, ktor\u00e9 p\u00f4sobia vo sf\u00e9re FM, \u010di u\u017e na strane klienta, alebo poskytovate\u013ea.\r\n<\/p>\r\n<img src=\"https:\/\/safm.sk\/portal\/wp-content\/uploads\/2023\/12\/SAFM_2023_obalka-scaled.jpg\" style=\"width:100%; max-width:600px; margin:40px auto;\">\r\n<br>\r\n<div class=\"book-info\"><strong>V ro\u010denke SAFM GUIDE 2023 sa dozviete:<\/strong><br><br>\r\n\r\n<ul>\r\n\t<li>\u00a0v\u00fdvoj a hodnotenie trhov\u00e9ho prostredia FM<\/li>\r\n<li>\u00a0FM a stavebn\u00edctvo<\/li>\r\n<li>\u00a0O\u010dak\u00e1van\u00fd dosah energetickej kr\u00edz\u00fd pre segment FM<\/li>\r\n<li>\u00a0rozhovory s odborn\u00edkmi<\/li>\r\n<li>\u00a0adres\u00e1r spolo\u010dnost\u00ed p\u00f4sobiacich v FM<\/li>\r\n<li>\u00a0\u2026 a mno\u017estvo \u010fal\u0161\u00edch t\u00e9m.<\/li>\r\n<\/ul>\r\n\r\n\r\n\r\n<\/div>\r\n<\/div>\r\n\r\n\r\n<\/div>\r\n\r\n\r\n\r\n<\/div>","protected":false},"excerpt":{"rendered":"Objednajte si\u00a0 SAFM Guide 2023 za \u0161peci\u00e1lnu cenu 9,95\u20ac bez DPH\u00a0 Alebo na adrese safm@safm.sk u\u017e teraz a to za \u0161peci\u00e1lnu cenu 9,95\u20ac bez DPH pre druh\u00fd ro\u010dn\u00edk + baln\u00e9 a po\u0161tovn\u00e9. SAFM Guide 2023 je ur\u010den\u00fd ka\u017ed\u00e9mu facility mana\u017e\u00e9rovi, a publikovan\u00e9 inform\u00e1cie s\u00fa pr\u00ednosom pre v\u0161etky spolo\u010dnosti, ktor\u00e9 p\u00f4sobia vo sf\u00e9re FM, \u010di u\u017e &hellip; <a href=\"https:\/\/safm.sk\/portal\/safm-guide\/\" class=\"more-link\">Pokra\u010dova\u0165 na <span class=\"screen-reader-text\">SAFM Guide 2023<\/span> <span class=\"meta-nav\">&rarr;<\/span><\/a>","protected":false},"author":63,"featured_media":0,"parent":0,"menu_order":0,"comment_status":"closed","ping_status":"closed","template":"page-templates\/template_100_obrazok_nalavo.php","meta":[],"_links":{"self":[{"href":"https:\/\/safm.sk\/portal\/wp-json\/wp\/v2\/pages\/3750"}],"collection":[{"href":"https:\/\/safm.sk\/portal\/wp-json\/wp\/v2\/pages"}],"about":[{"href":"https:\/\/safm.sk\/portal\/wp-json\/wp\/v2\/types\/page"}],"author":[{"embeddable":true,"href":"https:\/\/safm.sk\/portal\/wp-json\/wp\/v2\/users\/63"}],"replies":[{"embeddable":true,"href":"https:\/\/safm.sk\/portal\/wp-json\/wp\/v2\/comments?post=3750"}],"version-history":[{"count":42,"href":"https:\/\/safm.sk\/portal\/wp-json\/wp\/v2\/pages\/3750\/revisions"}],"predecessor-version":[{"id":10209,"href":"https:\/\/safm.sk\/portal\/wp-json\/wp\/v2\/pages\/3750\/revisions\/10209"}],"wp:attachment":[{"href":"https:\/\/safm.sk\/portal\/wp-json\/wp\/v2\/media?parent=3750"}],"curies":[{"name":"wp","href":"https:\/\/api.w.org\/{rel}","templated":true}]}}