{"id":267,"date":"2016-04-10T09:23:35","date_gmt":"2016-04-10T09:23:35","guid":{"rendered":"http:\/\/safm.sk\/portal\/?page_id=267"},"modified":"2021-04-18T19:36:45","modified_gmt":"2021-04-18T18:36:45","slug":"memoranda-a-partnerska-spolupraca","status":"publish","type":"page","link":"https:\/\/safm.sk\/portal\/o-nas\/memoranda-a-partnerska-spolupraca\/","title":{"rendered":"Memorand\u00e1 a partnersk\u00e1 spolupr\u00e1ca"},"content":{"rendered":"<p><img loading=\"lazy\" alt=\"Screen Shot 2016-04-20 at 12.25.47\" class=\"alignnone size-full wp-image-389\" height=\"81\" src=\"https:\/\/safm.sk\/portal\/wp-content\/uploads\/2016\/04\/Screen-Shot-2016-04-20-at-12.25.47.png\" width=\"149\" \/><\/p>\r\n\r\n<p><strong>9. novembra 2015<\/strong> sa v Prahe konalo stretnutie odborn\u00edkov facility managementu, ktor\u00e9ho \u00fa\u010dastn\u00edci sa rozhodli zalo\u017ei\u0165 <strong>zdru\u017eenie pre spolupr\u00e1cu a odovzd\u00e1vanie sk\u00fasenost\u00ed a vedomost\u00ed v tejto oblasti<\/strong>. Okrem in\u00e9ho sa zhodli na princ\u00edpe, \u017ee tento zv\u00e4z nechce s\u00faperi\u0165 s ostatn\u00fdmi asoci\u00e1ciami a profesijn\u00fdmi zdru\u017eeniami ako Euro FM, Global FM \u010di IFMA. Jej cie\u013eom je <strong>u\u017e\u0161ia spolupr\u00e1ca medzi organiz\u00e1ciami v strednej a v\u00fdchodnej Eur\u00f3pe<\/strong>, preto\u017ee CEE oblas\u0165 tu m\u00e1 svoj vlastn\u00fd \u0161pecifick\u00fd v\u00fdvoj.<\/p>\r\n\r\n<p><a href=\"http:\/\/safm.sk\/portal\/wp-content\/uploads\/2016\/04\/Foundation-memorandum_final.pdf\" rel=\"noopener\" target=\"_blank\">Foundation memorandum_final<\/a><\/p>\r\n\r\n<p>&nbsp;<\/p>\r\n\r\n<p>&nbsp;<\/p>\r\n\r\n<p>&nbsp;<\/p>\r\n\r\n<p><a href=\"http:\/\/www.skgbc.org\/sk\/\" target=\"_blank\" rel=\"noopener\"><img loading=\"lazy\" alt=\"logo-skgbc\" class=\"alignnone size-full wp-image-286\" height=\"80\" src=\"https:\/\/safm.sk\/portal\/wp-content\/uploads\/2016\/04\/logo-skgbc.png\" width=\"146\" \/><\/a><\/p>\r\n\r\n<p>V Septembri 2014 bolo podp\u00edsan\u00e9 memorandum o spolupr\u00e1ci so <strong>Slovenskou radou pre zelen\u00e9 budovy<\/strong>.<\/p>\r\n\r\n<p><a href=\"http:\/\/www.skgbc.org\/sk\/\">www.skgbc.org<\/a><\/p>\r\n\r\n<p>&nbsp;<\/p>\r\n\r\n<p>&nbsp;<\/p>\r\n\r\n<p>&nbsp;<\/p>\r\n\r\n<p><img loading=\"lazy\" alt=\"\" height=\"77\" src=\"http:\/\/safm.sk\/portal\/wp-content\/uploads\/image\/COMM-PASS.jpg\" width=\"263\" \/><\/p>\r\n\r\n<p>V Marci 2019 zah\u00e1jila Asoci\u00e1cia spolupr\u00e1cu, s odbornou <strong>\u0161koliacou spolo\u010dnos\u0165ou COMM-PASS, s.r.o.<\/strong> v s\u00falade s Memorandom o spolupr\u00e1ci, v oblasti vzdel\u00e1vania Projektov\u00e9ho mana\u017eementu pre Facility Management.<\/p>\r\n\r\n<p><a href=\"http:\/\/www.commpass.sk\" target=\"_blank\" rel=\"noopener\">www.commpass.sk<\/a><\/p>\r\n\r\n<p>&nbsp;<\/p>\r\n\r\n<p>&nbsp;<\/p>\r\n\r\n<p>&nbsp;<\/p>\r\n\r\n<p>&nbsp;<\/p>\r\n","protected":false},"excerpt":{"rendered":"9. novembra 2015 sa v Prahe konalo stretnutie odborn\u00edkov facility managementu, ktor\u00e9ho \u00fa\u010dastn\u00edci sa rozhodli zalo\u017ei\u0165 zdru\u017eenie pre spolupr\u00e1cu a odovzd\u00e1vanie sk\u00fasenost\u00ed a vedomost\u00ed v tejto oblasti. Okrem in\u00e9ho sa zhodli na princ\u00edpe, \u017ee tento zv\u00e4z nechce s\u00faperi\u0165 s ostatn\u00fdmi asoci\u00e1ciami a profesijn\u00fdmi zdru\u017eeniami ako Euro FM, Global FM \u010di IFMA. Jej cie\u013eom je u\u017e\u0161ia &hellip; <a href=\"https:\/\/safm.sk\/portal\/o-nas\/memoranda-a-partnerska-spolupraca\/\" class=\"more-link\">Pokra\u010dova\u0165 na <span class=\"screen-reader-text\">Memorand\u00e1 a partnersk\u00e1 spolupr\u00e1ca<\/span> <span class=\"meta-nav\">&rarr;<\/span><\/a>","protected":false},"author":5,"featured_media":0,"parent":71,"menu_order":0,"comment_status":"closed","ping_status":"closed","template":"page-templates\/template_03.php","meta":[],"_links":{"self":[{"href":"https:\/\/safm.sk\/portal\/wp-json\/wp\/v2\/pages\/267"}],"collection":[{"href":"https:\/\/safm.sk\/portal\/wp-json\/wp\/v2\/pages"}],"about":[{"href":"https:\/\/safm.sk\/portal\/wp-json\/wp\/v2\/types\/page"}],"author":[{"embeddable":true,"href":"https:\/\/safm.sk\/portal\/wp-json\/wp\/v2\/users\/5"}],"replies":[{"embeddable":true,"href":"https:\/\/safm.sk\/portal\/wp-json\/wp\/v2\/comments?post=267"}],"version-history":[{"count":1,"href":"https:\/\/safm.sk\/portal\/wp-json\/wp\/v2\/pages\/267\/revisions"}],"predecessor-version":[{"id":6581,"href":"https:\/\/safm.sk\/portal\/wp-json\/wp\/v2\/pages\/267\/revisions\/6581"}],"up":[{"embeddable":true,"href":"https:\/\/safm.sk\/portal\/wp-json\/wp\/v2\/pages\/71"}],"wp:attachment":[{"href":"https:\/\/safm.sk\/portal\/wp-json\/wp\/v2\/media?parent=267"}],"curies":[{"name":"wp","href":"https:\/\/api.w.org\/{rel}","templated":true}]}}