{"id":263,"date":"2016-04-10T09:22:43","date_gmt":"2016-04-10T09:22:43","guid":{"rendered":"http:\/\/safm.sk\/portal\/?page_id=263"},"modified":"2025-11-28T16:51:24","modified_gmt":"2025-11-28T15:51:24","slug":"nasi-partneri","status":"publish","type":"page","link":"https:\/\/safm.sk\/portal\/o-nas\/nasi-partneri\/","title":{"rendered":"Na\u0161i partneri"},"content":{"rendered":"<ul class=\"clenovia pravnicke partneri\">\r\n\t<li><img loading=\"lazy\" class=\"alignnone size-medium wp-image-1438\" src=\"https:\/\/safm.sk\/portal\/wp-content\/uploads\/2016\/04\/non-profit-ppc-marketing-logo-300x72.png\" alt=\"non-profit-ppc-marketing-logo\" width=\"300\" height=\"72\" srcset=\"https:\/\/safm.sk\/portal\/wp-content\/uploads\/2016\/04\/non-profit-ppc-marketing-logo-300x72.png 300w, https:\/\/safm.sk\/portal\/wp-content\/uploads\/2016\/04\/non-profit-ppc-marketing-logo.png 547w\" sizes=\"(max-width: 300px) 100vw, 300px\" \/>\r\n<p>&nbsp;<\/p>\r\n<p>&nbsp;<\/p>\r\n<h3>Spolo\u010dnos\u0165 p\u00f4sobiaca v oblasti online\u00a0marketingu pre neziskov\u00e9 organiz\u00e1cie<br \/>\r\n<a href=\"http:\/\/www.nonprofitppcmarketing.com\/\" target=\"_blank\" rel=\"noopener noreferrer\">http:\/\/www.nonprofitppcmarketing.com<\/a><\/h3>\r\n<\/li>\r\n\t<li><a href=\"https:\/\/www.ifma.org\" target=\"_blank\" rel=\"noopener noreferrer\"><img loading=\"lazy\" class=\"alignnone size-medium wp-image-215\" src=\"https:\/\/safm.sk\/portal\/wp-content\/uploads\/2016\/04\/ifma_90-300x82.png\" alt=\"IFMA logo\" width=\"300\" height=\"125\" \/><\/a>\r\n<p>&nbsp;<\/p>\r\n<p>&nbsp;<\/p>\r\n<h3>IFMA je svetovo najv\u00e4\u010d\u0161ia a naj\u0161ir\u0161ie uzn\u00e1van\u00e1 medzin\u00e1rodn\u00e1 asoci\u00e1cia pre profesion\u00e1lov v oblasti facility managementu.<br \/>\r\n<a href=\"https:\/\/www.ifma.org\" target=\"_blank\" rel=\"noopener noreferrer\">www.IFMA.org<\/a><\/h3>\r\n<\/li>\r\n\t<li><a href=\"https:\/\/www.ifma.cz\" target=\"_blank\" rel=\"noopener noreferrer\"><img loading=\"lazy\" class=\"alignnone size-medium wp-image-215\" src=\"https:\/\/safm.sk\/portal\/wp-content\/uploads\/2016\/04\/mw_ifma_logo.png\" alt=\"IFMA logo\" width=\"300\" height=\"125\" \/><\/a>\r\n<p>&nbsp;<\/p>\r\n<p>&nbsp;<\/p>\r\n<h3>\u010cesk\u00e1 pobo\u010dka medzin\u00e1rodnej profesijnej organiz\u00e1cie IFMA vznikla v roku 2000.<br \/>\r\n<a href=\"https:\/\/www.ifma.cz\" target=\"_blank\" rel=\"noopener noreferrer\">www.IFMA.cz<\/a><\/h3>\r\n<\/li>\r\n\r\n\t<li><a href=\"http:\/\/www.facilitymanager.cz\" target=\"_blank\" rel=\"noopener noreferrer\"><img loading=\"lazy\" class=\"alignnone size-medium wp-image-215\" src=\"https:\/\/safm.sk\/portal\/wp-content\/uploads\/2016\/04\/logo-facilitymanager.png\" alt=\"Facility Manager logo\" width=\"300\" height=\"125\" \/><\/a>\r\n<p>&nbsp;<\/p>\r\n<p>&nbsp;<\/p>\r\n<h3>Facility Manager je jedin\u00fd odborn\u00fd \u010dasopis na \u010deskom trhu, ktor\u00fd sa systematicky venuje problematike facility managementu.<br \/>\r\n<a href=\"http:\/\/www.facilitymanager.cz\" target=\"_blank\" rel=\"noopener noreferrer\">www.FacilityManager.cz<\/a><\/h3>\r\n<\/li>\r\n\t<li><a href=\"http:\/\/www.jaga.sk\" target=\"_blank\" rel=\"noopener noreferrer\"><img loading=\"lazy\" class=\"alignnone size-medium wp-image-215\" src=\"https:\/\/safm.sk\/portal\/wp-content\/uploads\/2016\/04\/Jaga.png\" alt=\"Jaga logo\" width=\"300\" height=\"125\" \/><\/a>\r\n<p>&nbsp;<\/p>\r\n<p>&nbsp;<\/p>\r\n<h3>Vydavate\u013estvo JAGA vyd\u00e1va dev\u00e4\u0165 \u010dasopiseck\u00fdch titulov, medzi ktor\u00fdmi je p\u00e4\u0165 ur\u010den\u00fdch pre odborn\u00edkov z oblasti stavebn\u00edctva a architekt\u00fary.<br \/>\r\n<a href=\"http:\/\/www.jaga.sk\" target=\"_blank\" rel=\"noopener noreferrer\">www.jaga.sk<\/a><\/h3>\r\n<\/li>\r\n<\/ul>\r\n","protected":false},"excerpt":{"rendered":"&nbsp; &nbsp; Spolo\u010dnos\u0165 p\u00f4sobiaca v oblasti online\u00a0marketingu pre neziskov\u00e9 organiz\u00e1cie http:\/\/www.nonprofitppcmarketing.com &nbsp; &nbsp; IFMA je svetovo najv\u00e4\u010d\u0161ia a naj\u0161ir\u0161ie uzn\u00e1van\u00e1 medzin\u00e1rodn\u00e1 asoci\u00e1cia pre profesion\u00e1lov v oblasti facility managementu. www.IFMA.org &nbsp; &nbsp; \u010cesk\u00e1 pobo\u010dka medzin\u00e1rodnej profesijnej organiz\u00e1cie IFMA vznikla v roku 2000. www.IFMA.cz &nbsp; &nbsp; Facility Manager je jedin\u00fd odborn\u00fd \u010dasopis na \u010deskom trhu, ktor\u00fd sa &hellip; <a href=\"https:\/\/safm.sk\/portal\/o-nas\/nasi-partneri\/\" class=\"more-link\">Pokra\u010dova\u0165 na <span class=\"screen-reader-text\">Na\u0161i partneri<\/span> <span class=\"meta-nav\">&rarr;<\/span><\/a>","protected":false},"author":5,"featured_media":0,"parent":71,"menu_order":0,"comment_status":"closed","ping_status":"closed","template":"page-templates\/template_03.php","meta":[],"_links":{"self":[{"href":"https:\/\/safm.sk\/portal\/wp-json\/wp\/v2\/pages\/263"}],"collection":[{"href":"https:\/\/safm.sk\/portal\/wp-json\/wp\/v2\/pages"}],"about":[{"href":"https:\/\/safm.sk\/portal\/wp-json\/wp\/v2\/types\/page"}],"author":[{"embeddable":true,"href":"https:\/\/safm.sk\/portal\/wp-json\/wp\/v2\/users\/5"}],"replies":[{"embeddable":true,"href":"https:\/\/safm.sk\/portal\/wp-json\/wp\/v2\/comments?post=263"}],"version-history":[{"count":3,"href":"https:\/\/safm.sk\/portal\/wp-json\/wp\/v2\/pages\/263\/revisions"}],"predecessor-version":[{"id":11556,"href":"https:\/\/safm.sk\/portal\/wp-json\/wp\/v2\/pages\/263\/revisions\/11556"}],"up":[{"embeddable":true,"href":"https:\/\/safm.sk\/portal\/wp-json\/wp\/v2\/pages\/71"}],"wp:attachment":[{"href":"https:\/\/safm.sk\/portal\/wp-json\/wp\/v2\/media?parent=263"}],"curies":[{"name":"wp","href":"https:\/\/api.w.org\/{rel}","templated":true}]}}