{"id":2400,"date":"2017-05-05T13:22:58","date_gmt":"2017-05-05T11:22:58","guid":{"rendered":"http:\/\/safm.sk\/portal\/?page_id=2400"},"modified":"2025-12-22T17:13:58","modified_gmt":"2025-12-22T16:13:58","slug":"certifikacia","status":"publish","type":"page","link":"https:\/\/safm.sk\/portal\/certifikacia\/","title":{"rendered":"FM certifik\u00e1cia"},"content":{"rendered":"<div id=\"fm-certifikacia-page\"><img style=\"width: 200px; margin: 20px auto;\" src=\"https:\/\/safm.sk\/portal\/wp-content\/uploads\/2025\/10\/logo-certifikacna-znamka_certifikacia.png\" \/>\r\n<h2>Term\u00edny 2026:<\/h2>\r\n<p>&nbsp;<\/p>\r\n<p><span style=\"font-size: 18pt;\">13.1 &#8211; workshop , 3.2. 2026\u00a0 &#8211; certifik\u00e1cia<\/span><\/p>\r\n<p><span style=\"font-size: 18pt;\">24.2 &#8211; workshop, 10.3. 2026 certifik\u00e1cia<\/span><\/p>\r\n<h2>\u00a0<\/h2>\r\n<h2>\u00a0<\/h2>\r\n<h2>Nov\u00e1 SAFM certifik\u00e1cia \u2013 krok k profesionaliz\u00e1cii facility managementu na Slovensku<\/h2>\r\n\r\nFacility management dnes nie je len o \u00fadr\u017ebe budov \u010di zabezpe\u010den\u00ed z\u00e1kladn\u00fdch slu\u017eieb.<br \/>\r\nJe to strategick\u00e1 discipl\u00edna, ktor\u00e1 sp\u00e1ja \u013eud\u00ed, procesy, technol\u00f3gie a priestory tak, aby vytv\u00e1rala pridan\u00fa hodnotu pre firmy aj ich z\u00e1kazn\u00edkov.<br \/>\r\nSlovensk\u00e1 asoci\u00e1cia facility managementu (SAFM) prin\u00e1\u0161a \u00faplne nov\u00fa certifik\u00e1ciu, ktor\u00e1 pos\u00fava odbor na vy\u0161\u0161iu \u00farove\u0148 a reaguje na aktu\u00e1lne potreby praxe aj glob\u00e1lne trendy.\r\n\r\n<h2>Pre\u010do sme vytvorili t\u00fato certifik\u00e1ciu?<\/h2>\r\n\r\nSAFM dlhodobo sleduje, \u017ee facility mana\u017e\u00e9ri a poskytovatelia slu\u017eieb \u010delia st\u00e1le komplexnej\u0161\u00edm v\u00fdzvam: digitaliz\u00e1cia, udr\u017eate\u013enos\u0165, energetick\u00e1 efekt\u00edvnos\u0165, rast\u00face o\u010dak\u00e1vania klientov.<br \/>\r\nPotrebovali sme syst\u00e9m, ktor\u00fd:\r\n\r\n<ul>\r\n\t<li>jasne definuje kompetencie facility mana\u017e\u00e9ra,<\/li>\r\n\t<li>nastav\u00ed merate\u013en\u00e9 \u0161tandardy pod\u013ea eur\u00f3pskej normy STN EN 15221-4,<\/li>\r\n\t<li>prisp\u00f4sob\u00ed tieto \u0161tandardy slovensk\u00e9mu prostrediu a legislat\u00edve,<\/li>\r\n\t<li>posiln\u00ed d\u00f4veryhodnos\u0165 a kvalitu FM slu\u017eieb na na\u0161om trhu.<\/li>\r\n<\/ul>\r\n\r\nV\u00fdsledkom je certifik\u00e1cia, ktor\u00e1 potvrdzuje odbornos\u0165 a zvy\u0161uje prest\u00ed\u017e cel\u00e9ho odvetvia.\r\n\r\n<h2>Pre koho je certifik\u00e1cia ur\u010den\u00e1?<\/h2>\r\n\r\nNa\u0161a certifik\u00e1cia je ide\u00e1lnou vo\u013ebou pre v\u0161etk\u00fdch, ktor\u00ed p\u00f4sobia priamo v oblasti facility managementu \u2013 na strane klienta aj poskytovate\u013ea slu\u017eieb:\r\n\r\n<ul>\r\n\t<li>Facility mana\u017e\u00e9ri, ktor\u00ed chc\u00fa ofici\u00e1lne potvrdi\u0165 svoju kvalifik\u00e1ciu a roz\u0161\u00edri\u0165 si kari\u00e9rne mo\u017enosti.<\/li>\r\n\t<li>Poskytovatelia slu\u017eieb, ktor\u00ed sa chc\u00fa odl\u00ed\u0161i\u0165 od konkurencie nie len cenou, ale aj preuk\u00e1zanou kvalitou.<\/li>\r\n\t<li>Firmy a organiz\u00e1cie, ktor\u00e9 chc\u00fa ma\u0165 vo svojich t\u00edmoch certifikovan\u00fdch odborn\u00edkov pre efekt\u00edvne riadenie dod\u00e1vate\u013eov.<\/li>\r\n<\/ul>\r\n\r\nPodmienkou \u00fa\u010dasti je ukon\u010den\u00e9 stredo\u0161kolsk\u00e9 alebo vysoko\u0161kolsk\u00e9 vzdelanie (I. alebo II. stupe\u0148) a primeran\u00e1 prax vo facility managemente.\r\n\r\n<h2>V \u010dom je konkuren\u010dn\u00e1 v\u00fdhoda?<\/h2>\r\n<ul>\r\n\t<li>Medzin\u00e1rodn\u00e1 \u00farove\u0148 \u2013 certifik\u00e1cia je postaven\u00e1 na eur\u00f3pskej norme a uzn\u00e1va glob\u00e1lne \u0161tandardy.<\/li>\r\n\t<li>Lokaliz\u00e1cia pre Slovensko \u2013 prisp\u00f4soben\u00e1 na\u0161ej legislat\u00edve, v slovenskom jazyku.<\/li>\r\n\t<li>Zrozumite\u013en\u00fd a praktick\u00fd syst\u00e9m \u2013 testuje re\u00e1lne zru\u010dnosti potrebn\u00e9 pre ka\u017edodenn\u00fa prax.<\/li>\r\n\t<li>Posilnenie d\u00f4very \u2013 firmy s certifikovan\u00fdmi FM odborn\u00edkmi z\u00edskavaj\u00fa vy\u0161\u0161iu kredibilitu u partnerov a klientov.<\/li>\r\n<\/ul>\r\n<h2>Cena a zv\u00fdhodnenia<\/h2>\r\n<ul>\r\n\t<li>Komer\u010dn\u00e1 cena: 500 EUR bez DPH<\/li>\r\n\t<li>Aktu\u00e1lne: z\u013eava 15 % z komer\u010dnej ceny<\/li>\r\n\t<li>\u010clenovia SAFM: exkluz\u00edvna z\u013eava 35 %<\/li>\r\n<\/ul>\r\n<h2>Pre\u010do sa certifikova\u0165?<\/h2>\r\n\r\nBy\u0165 facility mana\u017e\u00e9rom znamen\u00e1 by\u0165 k\u013e\u00fa\u010dovou spojkou medzi budovou, slu\u017ebami a \u013eu\u010fmi.<br \/>\r\nVa\u0161ou \u00falohou je udr\u017ea\u0165 rovnov\u00e1hu medzi n\u00e1kladmi, kvalitou a spokojnos\u0165ou klienta.<br \/>\r\nNa\u0161a certifik\u00e1cia v\u00e1m d\u00e1 nielen ofici\u00e1lne potvrdenie odbornosti, ale aj konkuren\u010dn\u00fa v\u00fdhodu, ktor\u00e1 sa premieta do dlhodob\u00e9ho \u00faspechu \u2013 pre v\u00e1s osobne, pre va\u0161u firmu aj pre cel\u00e9 odvetvie.<br \/>\r\nNov\u00e1 SAFM certifik\u00e1cia \u2013 va\u0161a invest\u00edcia do bud\u00facnosti facility managementu.\r\n\r\n<h2 class=\"margin-top\">Registr\u00e1cia<\/h2>\r\n<div class=\"formular left\"><div role=\"form\" class=\"wpcf7\" id=\"wpcf7-f11181-o1\" lang=\"sk-SK\" dir=\"ltr\">\n<div class=\"screen-reader-response\"><p role=\"status\" aria-live=\"polite\" aria-atomic=\"true\"><\/p> <ul><\/ul><\/div>\n<form action=\"\/portal\/wp-json\/wp\/v2\/pages\/2400#wpcf7-f11181-o1\" method=\"post\" class=\"wpcf7-form init wpcf7-acceptance-as-validation\" novalidate=\"novalidate\" data-status=\"init\">\n<div style=\"display: none;\">\n<input type=\"hidden\" name=\"_wpcf7\" value=\"11181\" \/>\n<input type=\"hidden\" name=\"_wpcf7_version\" value=\"5.4\" \/>\n<input type=\"hidden\" name=\"_wpcf7_locale\" value=\"sk_SK\" \/>\n<input type=\"hidden\" name=\"_wpcf7_unit_tag\" value=\"wpcf7-f11181-o1\" \/>\n<input type=\"hidden\" name=\"_wpcf7_container_post\" value=\"0\" \/>\n<input type=\"hidden\" name=\"_wpcf7_posted_data_hash\" value=\"\" \/>\n<input type=\"hidden\" name=\"_wpcf7_recaptcha_response\" value=\"\" \/>\n<\/div>\n<p><span class=\"wpcf7-form-control-wrap your-name\"><input type=\"text\" name=\"your-name\" value=\"\" size=\"40\" class=\"wpcf7-form-control wpcf7-text wpcf7-validates-as-required\" aria-required=\"true\" aria-invalid=\"false\" placeholder=\"Meno\" \/><\/span> <\/p>\n<p><span class=\"wpcf7-form-control-wrap your-email\"><input type=\"email\" name=\"your-email\" value=\"\" size=\"40\" class=\"wpcf7-form-control wpcf7-text wpcf7-email wpcf7-validates-as-required wpcf7-validates-as-email\" aria-required=\"true\" aria-invalid=\"false\" placeholder=\"Email\" \/><\/span> <\/p>\n<p><span id=\"wpcf7-69e2e4edc6e4a-wrapper\" class=\"wpcf7-form-control-wrap emailstag-wrap\" style=\"display:none !important; visibility:hidden !important;\"><label for=\"wpcf7-69e2e4edc6e4a-field\" class=\"hp-message\">Please leave this field empty.<\/label><input id=\"wpcf7-69e2e4edc6e4a-field\"  class=\"wpcf7-form-control wpcf7-text\" type=\"text\" name=\"emailstag\" value=\"\" size=\"40\" tabindex=\"-1\" autocomplete=\"new-password\" \/><\/span><\/p>\n<p><span class=\"wpcf7-form-control-wrap your-message\"><textarea name=\"your-message\" cols=\"40\" rows=\"10\" class=\"wpcf7-form-control wpcf7-textarea\" aria-invalid=\"false\" placeholder=\"Spr\u00e1va\"><\/textarea><\/span> <\/p>\n<p><span class=\"wpcf7-form-control-wrap your-kod\"><input type=\"text\" name=\"your-kod\" value=\"\" size=\"40\" class=\"wpcf7-form-control wpcf7-text wpcf7-validates-as-required\" aria-required=\"true\" aria-invalid=\"false\" placeholder=\"Z\u013eavov\u00fd k\u00f3d\" \/><\/span> <\/p>\n<div class=\"recaptcha\">\n\n<\/div>\n<div class=\"akceptacia\">\n<span class=\"wpcf7-form-control-wrap acceptance-830\"><span class=\"wpcf7-form-control wpcf7-acceptance\"><span class=\"wpcf7-list-item\"><label><input type=\"checkbox\" name=\"acceptance-830\" value=\"1\" aria-invalid=\"false\" \/><span class=\"wpcf7-list-item-label\"><span class=\"akceptujem\">Odoslan\u00edm formul\u00e1ra potvrdzujete, \u017ee ste si pre\u010d\u00edtali a porozumeli ste z\u00e1sad\u00e1m sprac\u00favania\nosobn\u00fdch \u00fadajov prev\u00e1dzkovate\u013eom, <a target=\"_blank\" href=\"http:\/\/safm.sk\/portal\/ochrana-osobnych-udajov\/\">ktor\u00e9 s\u00fa dostupn\u00e9 tu<\/a><\/span><\/span><\/label><\/span><\/span><\/span><\/p>\n<\/div>\n<p><input type=\"submit\" value=\"Registrova\u0165\" class=\"wpcf7-form-control wpcf7-submit\" \/><\/p>\n<p style=\"display: none !important;\"><label>&#916;<textarea name=\"_wpcf7_ak_hp_textarea\" cols=\"45\" rows=\"8\" maxlength=\"100\"><\/textarea><\/label><input type=\"hidden\" id=\"ak_js\" name=\"_wpcf7_ak_js\" value=\"12\"\/><script>document.getElementById( \"ak_js\" ).setAttribute( \"value\", ( new Date() ).getTime() );<\/script><\/p><div class=\"wpcf7-response-output\" aria-hidden=\"true\"><\/div><input type=\"hidden\" value=\"no\" id=\"cf7-calculator-enable\" ><input type=\"hidden\" value=\"2\" id=\"cf7-calculator-decimals\" ><input type=\"hidden\" value=\".\" id=\"cf7-calculator-separator\" ><input type=\"hidden\" value=\",\" id=\"cf7-calculator-thousand\" ><input type=\"hidden\" value=\"no\" id=\"cf7-calculator-right\" ><input type=\"hidden\" value=\"\" id=\"cf7-calculator-currency\" ><input type=\"hidden\" value=\"yes\" id=\"cf7-calculator-currency_position\" >\n            <style type=\"text\/css\" >\n                .cf7-hide {\n                    display: none !important;\n                }\n                .cf7-calculated-name {\n                    width: 100%;\n                    display: inline-block;\n                }\n            <\/style><\/form><\/div><\/div>\r\n<p><strong>Tabu\u013eka oblast\u00ed a kompetenci\u00ed<\/strong><\/p>\r\n<p>&nbsp;<\/p>\r\n<p><img style=\"width: 100%; max-width: 100%;\" title=\"\" src=\"https:\/\/safm.sk\/portal\/wp-content\/uploads\/2016\/08\/paneuropska-certifikacia.png\" \/><\/p>\r\n<p>&nbsp;<\/p>\r\n<style>\r\n.menu-side.certifikacia {display:none}\r\n<\/style>\r\n<\/div>","protected":false},"excerpt":{"rendered":"Term\u00edny 2026: &nbsp; 13.1 &#8211; workshop , 3.2. 2026\u00a0 &#8211; certifik\u00e1cia 24.2 &#8211; workshop, 10.3. 2026 certifik\u00e1cia \u00a0 \u00a0 Nov\u00e1 SAFM certifik\u00e1cia \u2013 krok k profesionaliz\u00e1cii facility managementu na Slovensku Facility management dnes nie je len o \u00fadr\u017ebe budov \u010di zabezpe\u010den\u00ed z\u00e1kladn\u00fdch slu\u017eieb. Je to strategick\u00e1 discipl\u00edna, ktor\u00e1 sp\u00e1ja \u013eud\u00ed, procesy, technol\u00f3gie a priestory tak, &hellip; <a href=\"https:\/\/safm.sk\/portal\/certifikacia\/\" class=\"more-link\">Pokra\u010dova\u0165 na <span class=\"screen-reader-text\">FM certifik\u00e1cia<\/span> <span class=\"meta-nav\">&rarr;<\/span><\/a>","protected":false},"author":57,"featured_media":0,"parent":0,"menu_order":0,"comment_status":"closed","ping_status":"closed","template":"page-templates\/template_20-certifikacia.php","meta":[],"_links":{"self":[{"href":"https:\/\/safm.sk\/portal\/wp-json\/wp\/v2\/pages\/2400"}],"collection":[{"href":"https:\/\/safm.sk\/portal\/wp-json\/wp\/v2\/pages"}],"about":[{"href":"https:\/\/safm.sk\/portal\/wp-json\/wp\/v2\/types\/page"}],"author":[{"embeddable":true,"href":"https:\/\/safm.sk\/portal\/wp-json\/wp\/v2\/users\/57"}],"replies":[{"embeddable":true,"href":"https:\/\/safm.sk\/portal\/wp-json\/wp\/v2\/comments?post=2400"}],"version-history":[{"count":35,"href":"https:\/\/safm.sk\/portal\/wp-json\/wp\/v2\/pages\/2400\/revisions"}],"predecessor-version":[{"id":11600,"href":"https:\/\/safm.sk\/portal\/wp-json\/wp\/v2\/pages\/2400\/revisions\/11600"}],"wp:attachment":[{"href":"https:\/\/safm.sk\/portal\/wp-json\/wp\/v2\/media?parent=2400"}],"curies":[{"name":"wp","href":"https:\/\/api.w.org\/{rel}","templated":true}]}}