{"id":1975,"date":"2017-01-19T09:39:35","date_gmt":"2017-01-19T07:39:35","guid":{"rendered":"http:\/\/safm.sk\/portal\/?page_id=1975"},"modified":"2021-04-18T09:11:58","modified_gmt":"2021-04-18T08:11:58","slug":"materialy-pre-clenov-safm","status":"publish","type":"page","link":"https:\/\/safm.sk\/portal\/clenstvo\/materialy-pre-clenov-safm\/","title":{"rendered":"Dokumenty pre \u010dlenov SAFM"},"content":{"rendered":"<p>V\u00e1\u017een\u00ed \u010dlenovia,<\/p>\r\n<p>&nbsp;<\/p>\r\n<p>Po prihl\u00e1sen\u00ed do priv\u00e1tnej z\u00f3ny je dokument\u00e1cia pr\u00edstupn\u00e1. Ak neviete svoje prihlasovacie \u00fadaje kontaktujte n\u00e1s na safm@safm.sk.<\/p>\r\n","protected":false},"excerpt":{"rendered":"V\u00e1\u017een\u00ed \u010dlenovia, &nbsp; Po prihl\u00e1sen\u00ed do priv\u00e1tnej z\u00f3ny je dokument\u00e1cia pr\u00edstupn\u00e1. Ak neviete svoje prihlasovacie \u00fadaje kontaktujte n\u00e1s na safm@safm.sk.","protected":false},"author":99,"featured_media":0,"parent":73,"menu_order":0,"comment_status":"closed","ping_status":"closed","template":"page-templates\/template_11.php","meta":[],"_links":{"self":[{"href":"https:\/\/safm.sk\/portal\/wp-json\/wp\/v2\/pages\/1975"}],"collection":[{"href":"https:\/\/safm.sk\/portal\/wp-json\/wp\/v2\/pages"}],"about":[{"href":"https:\/\/safm.sk\/portal\/wp-json\/wp\/v2\/types\/page"}],"author":[{"embeddable":true,"href":"https:\/\/safm.sk\/portal\/wp-json\/wp\/v2\/users\/99"}],"replies":[{"embeddable":true,"href":"https:\/\/safm.sk\/portal\/wp-json\/wp\/v2\/comments?post=1975"}],"version-history":[{"count":2,"href":"https:\/\/safm.sk\/portal\/wp-json\/wp\/v2\/pages\/1975\/revisions"}],"predecessor-version":[{"id":6525,"href":"https:\/\/safm.sk\/portal\/wp-json\/wp\/v2\/pages\/1975\/revisions\/6525"}],"up":[{"embeddable":true,"href":"https:\/\/safm.sk\/portal\/wp-json\/wp\/v2\/pages\/73"}],"wp:attachment":[{"href":"https:\/\/safm.sk\/portal\/wp-json\/wp\/v2\/media?parent=1975"}],"curies":[{"name":"wp","href":"https:\/\/api.w.org\/{rel}","templated":true}]}}