{"id":154,"date":"2016-04-07T20:39:55","date_gmt":"2016-04-07T20:39:55","guid":{"rendered":"http:\/\/safm.sk\/portal\/?page_id=154"},"modified":"2021-04-18T09:30:55","modified_gmt":"2021-04-18T08:30:55","slug":"eticky-kodex-clena-safm","status":"publish","type":"page","link":"https:\/\/safm.sk\/portal\/clenstvo\/eticky-kodex-clena-safm\/","title":{"rendered":"Etick\u00fd k\u00f3dex \u010dlena Slovenskej Asoci\u00e1cie Facility Managementu"},"content":{"rendered":"<p style=\"text-align: justify;\"><em>Rev\u00edzia, Janu\u00e1r 2017<\/em><\/p>\r\n\r\n<p style=\"text-align: justify;\">&nbsp;<\/p>\r\n\r\n<p style=\"text-align: justify;\">Eticky\u0301 k\u00f3dex je s\u00fahrn mor\u00e1lnych po\u017eiadaviek a pravidiel, ktor\u00e9 maj\u00fa podobu noriem, princ\u00edpov a ide\u00e1lov, pod\u013ea ktory\u0301ch by sa mal riadi\u0165 ka\u017edy\u0301 \u010dlen Asoci\u00e1cie, ako aj Asoci\u00e1cia&nbsp;ako celok vo vz\u0165ahu k svojmu extern\u00e9mu i intern\u00e9mu prostrediu. \u00dalohou k\u00f3dexu je teda usmerni\u0165 spr\u00e1vanie sa v\u0161etky\u0301ch \u010dlenov, ako i organiz\u00e1cie ako takej. Je vyhl\u00e1sen\u00edm ty\u0301kaj\u00facim sa spr\u00e1vania sa, vn\u00edmania a konania v\u0161etky\u0301ch \u010dlenov, ktor\u00ed sa zav\u00e4zuj\u00fa dodr\u017eiava\u0165 etick\u00e9 princ\u00edpy vo v\u0161etky\u0301ch oblastiach a \u010dinnostiach Slovenskej Asoci\u00e1cie Facility Managementu (\u010falej SAFM).<\/p>\r\n\r\n<p style=\"text-align: justify;\">\u00da\u010deIom tohto dokumentu je stanovi\u0165 jasn\u00e9 o\u010dak\u00e1vania, aby ka\u017edy\u0301 jednotlivec mal povedomie, ako sa spr\u00e1va\u0165 eticky za v\u0161etky\u0301ch okolnost\u00ed. K\u00f3dex je ur\u010deny\u0301 na posilnenie d\u00f4very a vz\u00e1jomn\u00e9ho re\u0161pektu medzi ty\u0301mi, ktor\u00ed s\u00fa reprezentantmi alebo \u010dlenmi SAFM vz\u00e1jomne a&nbsp;aj vo vz\u0165ahu k extern\u00e9mu prostrediu.<\/p>\r\n\r\n<p>&nbsp;<\/p>\r\n\r\n<p><strong>P\u00f4sobnos\u0165:<\/strong><\/p>\r\n\r\n<p style=\"text-align: justify;\">Eticky\u0301 k\u00f3dex sa vz\u0165ahuje na v\u0161etky fyzick\u00e9 a pr\u00e1vnick\u00e9 osoby v r\u00e1mci SAFM. Pokry\u0301va aj jednotlivcov, ktor\u00ed konaj\u00fa alebo vystupuj\u00fa v mene alebo v akejko\u013evek funkcii SAFM. Jednotlivci \u017eiadaj\u00faci o \u010dlenstvo v SAFM musia vy\u0301slovne vyjadri\u0165 svoj s\u00fahlas,&nbsp;\u017ee bud\u00fa dodr\u017eiava\u0165 pravidl\u00e1 a predpisy, ktory\u0301mi sa riadi Asoci\u00e1cia, a ktor\u00e9 zah\u0155\u0148aj\u00fa aj tento Eticky\u0301 k\u00f3dex. \u010clenovia sa zav\u00e4zuj\u00fa, \u201a \u017ee rovnako bud\u00fa kona\u0165 v s\u00falade aj so v\u0161etky\u0301mi podobny\u0301mi normami a eticky\u0301mi pokynmi, ktor\u00e9 s\u00fa predp\u00edsan\u00e9 ich zamestn\u00e1vate\u013eom.<\/p>\r\n\r\n<p style=\"text-align: justify;\">&nbsp;<\/p>\r\n\r\n<p><strong>Profesionalita:<\/strong><\/p>\r\n\r\n<p style=\"text-align: justify;\">\u010clenovia SAFM s\u00fa povinn\u00ed sa spr\u00e1va\u0165 k sebe i&nbsp;k&nbsp;vonkaj\u0161iemu prostrediu s \u00factou a&nbsp;re\u0161pektom, a&nbsp;to pri rokovaniach, verejn\u00fdch vyst\u00fapeniach a vo veciach, ktor\u00e9 by mohli ovplyvni\u0165 ich profesion\u00e1lnu poves\u0165. V\u0161etci \u010dlenovia akceptuj\u00fa, \u017ee profesia v odbore facility managementu bude posudzovan\u00e1 pod\u013ea spr\u00e1vania sa jednotlivy\u0301ch \u010dlenov.<\/p>\r\n\r\n<p>&nbsp;<\/p>\r\n\r\n<p><strong>Eticky\u0301 k\u00f3dex \u010dlena SAFM<\/strong><\/p>\r\n\r\n<p>1. V\u0161eobecn\u00e9 princ\u00edpy<br \/>\r\n2. Krit\u00e9ri\u00e1 spr\u00e1vania sa<br \/>\r\n3. Postupy implement\u00e1cie<\/p>\r\n\r\n<p>&nbsp;<\/p>\r\n\r\n<p><strong>1. V\u0161eobecn\u00e9 princ\u00edpy<\/strong><\/p>\r\n\r\n<p>1.1 Nestrannos\u0165<br \/>\r\n1.2 \u010cestnos\u0165<br \/>\r\n1.3 D\u00f4vernos\u0165<\/p>\r\n\r\n<p style=\"text-align: justify;\">Reprezentanti a \u010dlenovia SAFM sa sna\u017eia spravodlivo jedna\u0165 s ostatny\u0301mi \u010dlenmi, konkurentmi a obchodny\u0301mi partnermi. . Prioritn\u00fdmi z\u00e1sadami SAFM je vytv\u00e1ra\u0165, udr\u017eiava\u0165 a rozv\u00edja\u0165 vz\u0165ahy zalo\u017een\u00e9 na dobry\u0301ch mravoch a d\u00f4vere so v\u0161etky\u0301mi osobami, ich zdru\u017eeniami a in\u0161tit\u00faciami, s ktory\u0301mi vst\u00fapi do obchodny\u0301ch, neobchodny\u0301ch, \u010di ob\u010dianskych vz\u0165ahov, spr\u00e1vnych a verejnopr\u00e1vnych vz\u0165ahov, alebo ktory\u0301ch sa bude alebo m\u00f4\u017ee svojou \u010dinnos\u0165ou doty\u0301ka\u0165.<\/p>\r\n\r\n<p>&nbsp;<\/p>\r\n\r\n<p><strong>&nbsp;Krit\u00e9ri\u00e1 spr\u00e1vania sa:<\/strong><\/p>\r\n\r\n<p style=\"text-align: justify;\">2.1 Neetick\u00e9 spr\u00e1vanie pri v\u00fdkone aktiv\u00edt je konanie v rozpore s dobry\u0301mi mravmi v obchodnom alebo neobchodnom styku kompromituj\u00face d\u00f4veru vo vz\u0165ahoch medzi \u010dlenmi a jeho z\u00e1ujmov\u00fdmi stranami. Neetick\u00e9 spr\u00e1vanie pri vy\u0301kone \u010dinnost\u00ed zneva\u017euje autoritu i \u013eudsk\u00fa d\u00f4stojnos\u0165 a negat\u00edvne vply\u0301va na ich d\u00f4veru. Za neetick\u00e9 spr\u00e1vanie s\u00fa pova\u017eovan\u00e9 i snahy kohoko\u013evek, jednotlivca, org\u00e1nu alebo organiz\u00e1cie o z\u00edskanie vy\u0301hod od niekoho in\u00e9ho zneu\u017e\u00edvan\u00edm svojich pr\u00e1vomoc\u00ed, ktor\u00e9 vyvol\u00e1vaj\u00fa nepriate\u013esk\u00e9 postoje vo\u010di podnikate\u013esky\u0301m subjektom.<\/p>\r\n\r\n<p style=\"text-align: justify;\">&nbsp;<\/p>\r\n\r\n<p style=\"text-align: justify;\">2.2 Dobr\u00e9 meno \u010di dobr\u00e1 poves\u0165 \u010dlenov SAFM s\u00fa z\u00e1kladny\u0301m nehmotny\u0301m akt\u00edvom a cie\u013eom ich p\u00f4sobenia v podnikate\u013eskom i vo verejnom prostred\u00ed. Vo vn\u00fatornom prostred\u00ed prispievaj\u00fa k tomu, \u017ee rozhodnutia s\u00fa prij\u00edman\u00e9 a realizovan\u00e9 bez stretov a nadmern\u00e9ho uplat\u0148ovania moci. \u010clenovia a reprezentanti s\u00fa zodpovedn\u00ed za ohl\u00e1senie prezidentovi alebo hociktor\u00e9mu \u010dlenovi predstavenstva SAFM akejko\u013evek \u010dinnost\u00ed jednotlivcov alebo spolo\u010dnost\u00ed \u2013 \u010dlenov SAFM, ktor\u00e1 je pod\u013ea ich n\u00e1zoru v rozpore s Eticky\u0301m k\u00f3dexom SAFM.<\/p>\r\n\r\n<p style=\"text-align: justify;\">&nbsp;<\/p>\r\n\r\n<p>2.3. \u010clenovia Asoci\u00e1cie si m\u00f4\u017eu konkurova\u0165 v&nbsp;r\u00f4znych oblastiach. \u010clenovia Asoci\u00e1cie si uvedomuj\u00fa, \u017ee konan\u00edm, ktor\u00e9 by bolo v&nbsp;rozpore so z\u00e1konom o&nbsp;ochrane hospod\u00e1rskej s\u00fa\u0165a\u017ee sa z\u00fa\u010dastnen\u00e9 osoby vystavuj\u00fa riziku finan\u010dn\u00fdch postihov a&nbsp;\u010fal\u0161\u00edch n\u00e1sledkov pre nich samotn\u00fdch ako i&nbsp;pre ich spolo\u010dnos\u0165. Z&nbsp;tohto d\u00f4vodu sa \u010dlenovia Asoci\u00e1cie a&nbsp;ich z\u00e1stupcovia riadia z\u00e1sadami a&nbsp;dodr\u017eiavaj\u00fa po\u017eiadavky, ktor\u00e9 s\u00fa uveden\u00e9 \u010falej.<\/p>\r\n\r\n<p>&nbsp;<\/p>\r\n\r\n<p>2.3.1. \u010clenovia Asoci\u00e1cie, ani ich z\u00e1stupcovia si nesm\u00fa s&nbsp;ostatn\u00fdmi \u010dlenmi alebo ich z\u00e1stupcami vymie\u0148a\u0165 alebo ak\u00fdmko\u013evek sp\u00f4sobom spr\u00edstup\u0148ova\u0165 obchodn\u00e9 inform\u00e1cie citlivej povahy ( tzv. commercially sensitive information, CSI). Pojmom CSI sa napr\u00edklad, nie v\u0161ak v\u00fdlu\u010dne, ozna\u010duj\u00fa tieto \u00fadaje:<\/p>\r\n\r\n<p>&nbsp;<\/p>\r\n\r\n<p>a\/ inform\u00e1cie o&nbsp;cen\u00e1ch \u010di o&nbsp;zlo\u017ek\u00e1ch cien, mar\u017ee, pl\u00e1novanie nav\u00fd\u0161enie ceny;<\/p>\r\n\r\n<p>b\/ \u00fadaje o&nbsp;z\u00e1kazn\u00edkoch, predajn\u00fdch oblastiach, kan\u00e1loch a&nbsp;marketinov\u00fdch \u010di predajn\u00fdch strat\u00e9gi\u00e1ch;<\/p>\r\n\r\n<p>c\/ inform\u00e1cie o&nbsp;podiely na trhu, obrate, pl\u00e1novanom obrate;<\/p>\r\n\r\n<p>d\/ inform\u00e1cie o&nbsp;projektoch v\u00fdskumu a&nbsp;v\u00fdvoja, \u010di o&nbsp;nov\u00fdch v\u00fdrobkoch, ktor\u00e9 e\u0161te neboli uveden\u00e9 na trh.<\/p>\r\n\r\n<p>&nbsp;<\/p>\r\n\r\n<p>Pojem CSI sa nevz\u0165ahuje na inform\u00e1cie, ktor\u00e9 s\u00fa verejne dostupn\u00e9 alebo ktor\u00e9 je mo\u017en\u00e9 \u013eahko zisti\u0165.<\/p>\r\n\r\n<p>&nbsp;<\/p>\r\n\r\n<p>2.3.2. Bez oh\u013eadu na skuto\u010dnos\u0165, \u010di s\u00fa konkr\u00e9tne inform\u00e1cie verejne dostupn\u00e9, nem\u00f4\u017eu \u010dlenovia Asoci\u00e1cie,&nbsp;ani ich z\u00e1stupcovia uzatv\u00e1ra\u0165 dohody ( ofici\u00e1lne ani neofici\u00e1lne ) o&nbsp;vz\u00e1jomnom poskytovan\u00ed inform\u00e1cii uveden\u00fdch v&nbsp;odseku 2.3.1. vy\u0161\u0161ie.<\/p>\r\n\r\n<p>&nbsp;<\/p>\r\n\r\n<p>2.3.3. Asoci\u00e1cia nesmie poskytova\u0165 ak\u00e9muko\u013evek \u010dlenovi alebo jeho z\u00e1stupcovi inform\u00e1cie o&nbsp;\u010fal\u0161\u00edch \u010dlenoch (v r\u00e1tane inform\u00e1cie o&nbsp;obchodnej \u010dinnosti ak\u00e9hoko\u013evek \u010dlena ) a rovnako tak\u00e9to inform\u00e1cie zhroma\u017e\u010fova\u0165 \u2013 toto obmedzenie sa nevz\u0165ahuje na inform\u00e1cie, ktor\u00e9 s\u00fa rovnak\u00e9 ako inform\u00e1cie verejne dostupn\u00e9 alebo vo verejn\u00fdch priestoroch.<\/p>\r\n\r\n<p>&nbsp;<\/p>\r\n\r\n<p><strong>3. Postupy implement\u00e1cie<\/strong><\/p>\r\n\r\n<p style=\"text-align: justify;\">Predstavenstvo SAFM sa zav\u00e4zuje dodr\u017eiava\u0165 \u0161tandardn\u00e9 postupy pre presadzovanie tohoto K\u00f3dexu. Monitoruje iniciat\u00edvy zameran\u00e9 na zvy\u0161ovanie povedomia a ch\u00e1pania Etick\u00e9ho k\u00f3dexu. Pri\u00edjma a analyzuje oznamy o pr\u00edpadoch poru\u0161enia Etick\u00e9ho k\u00f3dexu a navrhuje sp\u00f4soby ich rie\u0161enia.<\/p>\r\n","protected":false},"excerpt":{"rendered":"Rev\u00edzia, Janu\u00e1r 2017 &nbsp; Eticky\u0301 k\u00f3dex je s\u00fahrn mor\u00e1lnych po\u017eiadaviek a pravidiel, ktor\u00e9 maj\u00fa podobu noriem, princ\u00edpov a ide\u00e1lov, pod\u013ea ktory\u0301ch by sa mal riadi\u0165 ka\u017edy\u0301 \u010dlen Asoci\u00e1cie, ako aj Asoci\u00e1cia&nbsp;ako celok vo vz\u0165ahu k svojmu extern\u00e9mu i intern\u00e9mu prostrediu. \u00dalohou k\u00f3dexu je teda usmerni\u0165 spr\u00e1vanie sa v\u0161etky\u0301ch \u010dlenov, ako i organiz\u00e1cie ako takej. Je &hellip; <a href=\"https:\/\/safm.sk\/portal\/clenstvo\/eticky-kodex-clena-safm\/\" class=\"more-link\">Pokra\u010dova\u0165 na <span class=\"screen-reader-text\">Etick\u00fd k\u00f3dex \u010dlena Slovenskej Asoci\u00e1cie Facility Managementu<\/span> <span class=\"meta-nav\">&rarr;<\/span><\/a>","protected":false},"author":5,"featured_media":0,"parent":73,"menu_order":0,"comment_status":"closed","ping_status":"closed","template":"page-templates\/template_04.php","meta":[],"_links":{"self":[{"href":"https:\/\/safm.sk\/portal\/wp-json\/wp\/v2\/pages\/154"}],"collection":[{"href":"https:\/\/safm.sk\/portal\/wp-json\/wp\/v2\/pages"}],"about":[{"href":"https:\/\/safm.sk\/portal\/wp-json\/wp\/v2\/types\/page"}],"author":[{"embeddable":true,"href":"https:\/\/safm.sk\/portal\/wp-json\/wp\/v2\/users\/5"}],"replies":[{"embeddable":true,"href":"https:\/\/safm.sk\/portal\/wp-json\/wp\/v2\/comments?post=154"}],"version-history":[{"count":1,"href":"https:\/\/safm.sk\/portal\/wp-json\/wp\/v2\/pages\/154\/revisions"}],"predecessor-version":[{"id":6528,"href":"https:\/\/safm.sk\/portal\/wp-json\/wp\/v2\/pages\/154\/revisions\/6528"}],"up":[{"embeddable":true,"href":"https:\/\/safm.sk\/portal\/wp-json\/wp\/v2\/pages\/73"}],"wp:attachment":[{"href":"https:\/\/safm.sk\/portal\/wp-json\/wp\/v2\/media?parent=154"}],"curies":[{"name":"wp","href":"https:\/\/api.w.org\/{rel}","templated":true}]}}