{"id":152,"date":"2016-04-07T20:39:22","date_gmt":"2016-04-07T20:39:22","guid":{"rendered":"http:\/\/safm.sk\/portal\/?page_id=152"},"modified":"2021-04-18T09:06:05","modified_gmt":"2021-04-18T08:06:05","slug":"certifikacna-znamka","status":"publish","type":"page","link":"https:\/\/safm.sk\/portal\/clenstvo\/certifikacna-znamka\/","title":{"rendered":"Certifika\u010dn\u00e1 zn\u00e1mka"},"content":{"rendered":"<p>Certifika\u010dn\u00e1 zn\u00e1mka je charakteristick\u00fd&nbsp;<strong>grafick\u00fd logotyp, ktor\u00fd poskytuje SAFM svojim \u010dlenom<\/strong> s\u00fa\u010dasne s udelen\u00edm certifik\u00e1tov. Platnos\u0165 zn\u00e1mky je vymedzen\u00e1 obdob\u00edm platnosti certifik\u00e1tu.<\/p>\r\n\r\n<p>&nbsp;<\/p>\r\n\r\n<p>\u0160tandardn\u00e9 umiestnenie v&nbsp;tla\u010dov\u00fdch materi\u00e1loch&nbsp; je pri hornom alebo pri spodnom okraji dokumentu (napr. hlavi\u010dkov\u00fd papier, ob\u00e1lka), s&nbsp;mo\u017enos\u0165ou v\u013eavo i vpravo. Pri vizitke je mo\u017en\u00e9 pou\u017ei\u0165 i zadn\u00fa stranu.<\/p>\r\n\r\n<p>&nbsp;<\/p>\r\n\r\n<p><span style=\"line-height: 1.5\"><em>&nbsp;<\/em>S\u00fabory na stiahnutie s\u00fa <\/span><span style=\"line-height: 1.5\">dostupn\u00e9 len pre \u010dlenov asoci\u00e1cie<em>&nbsp;<\/em>&nbsp;<\/span><\/p>\r\n\r\n<p><span style=\"line-height: 1.5\"><\/p>\r\n","protected":false},"excerpt":{"rendered":"Certifika\u010dn\u00e1 zn\u00e1mka je charakteristick\u00fd&nbsp;grafick\u00fd logotyp, ktor\u00fd poskytuje SAFM svojim \u010dlenom s\u00fa\u010dasne s udelen\u00edm certifik\u00e1tov. Platnos\u0165 zn\u00e1mky je vymedzen\u00e1 obdob\u00edm platnosti certifik\u00e1tu. &nbsp; \u0160tandardn\u00e9 umiestnenie v&nbsp;tla\u010dov\u00fdch materi\u00e1loch&nbsp; je pri hornom alebo pri spodnom okraji dokumentu (napr. hlavi\u010dkov\u00fd papier, ob\u00e1lka), s&nbsp;mo\u017enos\u0165ou v\u013eavo i vpravo. Pri vizitke je mo\u017en\u00e9 pou\u017ei\u0165 i zadn\u00fa stranu. &nbsp; &nbsp;","protected":false},"author":5,"featured_media":0,"parent":73,"menu_order":0,"comment_status":"closed","ping_status":"closed","template":"page-templates\/template_04.php","meta":[],"_links":{"self":[{"href":"https:\/\/safm.sk\/portal\/wp-json\/wp\/v2\/pages\/152"}],"collection":[{"href":"https:\/\/safm.sk\/portal\/wp-json\/wp\/v2\/pages"}],"about":[{"href":"https:\/\/safm.sk\/portal\/wp-json\/wp\/v2\/types\/page"}],"author":[{"embeddable":true,"href":"https:\/\/safm.sk\/portal\/wp-json\/wp\/v2\/users\/5"}],"replies":[{"embeddable":true,"href":"https:\/\/safm.sk\/portal\/wp-json\/wp\/v2\/comments?post=152"}],"version-history":[{"count":1,"href":"https:\/\/safm.sk\/portal\/wp-json\/wp\/v2\/pages\/152\/revisions"}],"predecessor-version":[{"id":6521,"href":"https:\/\/safm.sk\/portal\/wp-json\/wp\/v2\/pages\/152\/revisions\/6521"}],"up":[{"embeddable":true,"href":"https:\/\/safm.sk\/portal\/wp-json\/wp\/v2\/pages\/73"}],"wp:attachment":[{"href":"https:\/\/safm.sk\/portal\/wp-json\/wp\/v2\/media?parent=152"}],"curies":[{"name":"wp","href":"https:\/\/api.w.org\/{rel}","templated":true}]}}