{"id":148,"date":"2016-04-07T20:38:01","date_gmt":"2016-04-07T19:38:01","guid":{"rendered":"http:\/\/safm.sk\/portal\/?page_id=148"},"modified":"2021-04-18T08:57:21","modified_gmt":"2021-04-18T07:57:21","slug":"preco-sa-stat-clenom-safm","status":"publish","type":"page","link":"https:\/\/safm.sk\/portal\/clenstvo\/preco-sa-stat-clenom-safm\/","title":{"rendered":"Pre\u010do sa sta\u0165 \u010dlenom SAFM ?"},"content":{"rendered":"<p>&nbsp;<\/p>\r\n<p><strong>Asoci\u00e1cia poskytuje svojim \u010dlenom v\u0161estrann\u00fa odborn\u00fa podporu<\/strong>, vyjadren\u00fa v \u010dasti <a href=\"http:\/\/safm.sk\/portal\/o-nas\/poslanie-safm\/\">Poslanie asoci\u00e1cie<\/a>.<\/p>\r\n<p>&nbsp;<\/p>\r\n<p>\u010clenstvom v SAFM fyzick\u00e1 \u010di pr\u00e1vnick\u00e1 osoba <strong>vyjadruje svoju profesionalitu pr\u00e1ce a vysok\u00fa odborn\u00fa \u00farove\u0148<\/strong>.<\/p>\r\n<p>&nbsp;<\/p>\r\n<p>Ka\u017ed\u00fd \u010dlen je opr\u00e1vnen\u00fd deklarova\u0165 svoje \u010dlenstvo v SAFM pou\u017e\u00edvan\u00edm <strong>certifikovanej zn\u00e1mky SAFM<\/strong>.<\/p>\r\n<p>&nbsp;<\/p>\r\n<p><strong>Poskytuje bezplatn\u00fa \u00fa\u010das\u0165 na konferencii<\/strong> SAFM ( Dni Facility Managementu )\u00a0a z\u00e1rove\u0148 na partnersk\u00fdch konferenci\u00e1ch \u00a0poskytujeme <strong>\u010dlenom mo\u017enos\u0165 zv\u00fdhodnenej \u00fa\u010dasti<\/strong> s mo\u017enos\u0165ou vyst\u00fapenia s odbornou t\u00e9mou\u00a0.<\/p>\r\n<p>&nbsp;<\/p>\r\n<p>SAFM podporuje odborne a finan\u010dne svojich \u010dlenov pri z\u00edskavan\u00ed <strong>Pan-eur\u00f3pskej certifik\u00e1cie ( Site Manager Certification)<\/strong>.<\/p>\r\n<p>&nbsp;<\/p>\r\n<p>V\u0161etk\u00fdm \u010dlenom poskytujeme pln\u00fa <strong>dostupnos\u0165 aktu\u00e1lne platn\u00fdch noriem<\/strong> 15221 Facility Management.<\/p>\r\n<p>&nbsp;<\/p>\r\n<p>Stiahnite si Flyer, kde n\u00e1jdete preh\u013ead v\u0161etk\u00fdch benefitov, ktor\u00e9 v\u00e1m \u010dlenstvo prinesie <a href=\"http:\/\/safm.sk\/portal\/wp-content\/uploads\/2020\/05\/SAFM_\u010clenstvo.pdf\">SAFM_\u010clenstvo\u00a0<\/a><\/p>\r\n<p>&nbsp;<\/p>\r\n<p>&nbsp;<\/p>\r\n","protected":false},"excerpt":{"rendered":"&nbsp; Asoci\u00e1cia poskytuje svojim \u010dlenom v\u0161estrann\u00fa odborn\u00fa podporu, vyjadren\u00fa v \u010dasti Poslanie asoci\u00e1cie. &nbsp; \u010clenstvom v SAFM fyzick\u00e1 \u010di pr\u00e1vnick\u00e1 osoba vyjadruje svoju profesionalitu pr\u00e1ce a vysok\u00fa odborn\u00fa \u00farove\u0148. &nbsp; Ka\u017ed\u00fd \u010dlen je opr\u00e1vnen\u00fd deklarova\u0165 svoje \u010dlenstvo v SAFM pou\u017e\u00edvan\u00edm certifikovanej zn\u00e1mky SAFM. &nbsp; Poskytuje bezplatn\u00fa \u00fa\u010das\u0165 na konferencii SAFM ( Dni Facility Managementu )\u00a0a &hellip; <a href=\"https:\/\/safm.sk\/portal\/clenstvo\/preco-sa-stat-clenom-safm\/\" class=\"more-link\">Pokra\u010dova\u0165 na <span class=\"screen-reader-text\">Pre\u010do sa sta\u0165 \u010dlenom SAFM ?<\/span> <span class=\"meta-nav\">&rarr;<\/span><\/a>","protected":false},"author":5,"featured_media":0,"parent":73,"menu_order":0,"comment_status":"closed","ping_status":"closed","template":"page-templates\/template_04.php","meta":[],"_links":{"self":[{"href":"https:\/\/safm.sk\/portal\/wp-json\/wp\/v2\/pages\/148"}],"collection":[{"href":"https:\/\/safm.sk\/portal\/wp-json\/wp\/v2\/pages"}],"about":[{"href":"https:\/\/safm.sk\/portal\/wp-json\/wp\/v2\/types\/page"}],"author":[{"embeddable":true,"href":"https:\/\/safm.sk\/portal\/wp-json\/wp\/v2\/users\/5"}],"replies":[{"embeddable":true,"href":"https:\/\/safm.sk\/portal\/wp-json\/wp\/v2\/comments?post=148"}],"version-history":[{"count":1,"href":"https:\/\/safm.sk\/portal\/wp-json\/wp\/v2\/pages\/148\/revisions"}],"predecessor-version":[{"id":6517,"href":"https:\/\/safm.sk\/portal\/wp-json\/wp\/v2\/pages\/148\/revisions\/6517"}],"up":[{"embeddable":true,"href":"https:\/\/safm.sk\/portal\/wp-json\/wp\/v2\/pages\/73"}],"wp:attachment":[{"href":"https:\/\/safm.sk\/portal\/wp-json\/wp\/v2\/media?parent=148"}],"curies":[{"name":"wp","href":"https:\/\/api.w.org\/{rel}","templated":true}]}}