{"id":118,"date":"2016-04-07T15:28:11","date_gmt":"2016-04-07T15:28:11","guid":{"rendered":"http:\/\/safm.sk\/portal\/?page_id=118"},"modified":"2021-04-18T19:26:29","modified_gmt":"2021-04-18T18:26:29","slug":"legislativna-cinnost","status":"publish","type":"page","link":"https:\/\/safm.sk\/portal\/nasa-cinnost\/legislativna-cinnost\/","title":{"rendered":"Legislat\u00edvna \u010dinnos\u0165"},"content":{"rendered":"<p>Trh facility managementu v Eur\u00f3pe predstavuje odhadom objem nieko\u013eko mili\u00e1rd Euro. Preto bolo <strong>potrebn\u00e9 t\u00fato met\u00f3du definova\u0165 a optimalizova\u0165<\/strong> spolu s rozsiahlym a jasn\u00fdm ch\u00e1pan\u00edm vz\u00e1jomn\u00fdch z\u00e1vislost\u00ed procesov organiz\u00e1cie a procesov facility managementu. Toto <strong>v\u0161etko popisuje a upravuje norma STN EN 15221<\/strong>,<\/p>\r\n<p>&nbsp;<\/p>\r\n<h4><span style=\"font-size: 12pt;\"><strong>SAFM<\/strong> prostredn\u00edctvom svojich z\u00e1stupcov je \u010dlenom TK 109 &#8211; Facility Management zodpovedn\u00e1 za implement\u00e1ciu<strong> ISO 41000 <\/strong>do slovensk\u00e9ho prostredia.<\/span><\/h4>\r\n\r\n\r\n<h2>\r\n\tReprodukovanie noriem\r\n<\/h2>\r\n\r\n<p>\r\n\tAk nie je \u0161pecifikovan\u00e9 inak, \u017eiadna norma ani \u010das\u0165 normy nesmie by\u0165 reprodukovan\u00e1, zaznamenan\u00e1 alebo \u0161\u00edren\u00e1 v akejko\u013evek forme alebo ak\u00fdmko\u013evek prostriedkom, elektronicky alebo mechanicky, vr\u00e1tane fotok\u00f3pii a mikrofilmu, bez p\u00edsomn\u00e9ho s\u00fahlasu pr\u00edslu\u0161n\u00e9ho n\u00e1rodn\u00e9ho alebo medzin\u00e1rodn\u00e9ho normaliza\u010dn\u00e9ho org\u00e1nu.\r\n<\/p>\r\n\r\n<h2>\r\n\tPou\u017e\u00edvanie verejn\u00fdch siet\u00ed vr\u00e1tane Internetu\r\n<\/h2>\r\n\r\n<p>\r\n\tNa v\u0161etk\u00fdch \u00farovniach &#8211; n\u00e1rodnej, region\u00e1lnej alebo medzin\u00e1rodnej &#8211; n\u00e1rodn\u00fd normaliza\u010dn\u00fd org\u00e1n mus\u00ed konzultova\u0165 zriadenie akejko\u013evek verejnej alebo s\u00fakromnej elektronickej siete (Internet, Intranet alebo podobnej), ktor\u00e1 m\u00e1 sl\u00fa\u017ei\u0165 na distrib\u00faciu, pren\u00e1\u0161anie alebo v\u00fdmenu textu alebo \u010dast\u00ed textu noriem v r\u00e1mci alebo mimo r\u00e1mca normaliza\u010dnej pr\u00e1ce. V ka\u017edom pr\u00edpade existuje striktn\u00e1 povinnos\u0165 dodr\u017eiava\u0165 odpor\u00fa\u010dania pr\u00edslu\u0161n\u00e9ho medzin\u00e1rodn\u00e9ho alebo n\u00e1rodn\u00e9ho org\u00e1nu, \u010di ide o pou\u017e\u00edvanie verejnej alebo s\u00fakromnej siete.\r\n<\/p>\r\n\r\n<p>\r\n\t&nbsp;\r\n<\/p>\r\n\r\n<p>\r\n\t&nbsp;\r\n<\/p>\r\n\r\n<p>\r\n\tS\u00fabory na stiahnutie s\u00fa&nbsp;dostupn\u00e9 len pre \u010dlenov asoci\u00e1cie  &nbsp;\r\n<\/p>\r\n\r\n<p>\r\n\t&nbsp;\r\n<\/p>\r\n\r\n<p>\r\n\t&nbsp;\r\n<\/p>\r\n","protected":false},"excerpt":{"rendered":"Trh facility managementu v Eur\u00f3pe predstavuje odhadom objem nieko\u013eko mili\u00e1rd Euro. Preto bolo potrebn\u00e9 t\u00fato met\u00f3du definova\u0165 a optimalizova\u0165 spolu s rozsiahlym a jasn\u00fdm ch\u00e1pan\u00edm vz\u00e1jomn\u00fdch z\u00e1vislost\u00ed procesov organiz\u00e1cie a procesov facility managementu. Toto v\u0161etko popisuje a upravuje norma STN EN 15221, &nbsp; SAFM prostredn\u00edctvom svojich z\u00e1stupcov je \u010dlenom TK 109 &#8211; Facility Management zodpovedn\u00e1 &hellip; <a href=\"https:\/\/safm.sk\/portal\/nasa-cinnost\/legislativna-cinnost\/\" class=\"more-link\">Pokra\u010dova\u0165 na <span class=\"screen-reader-text\">Legislat\u00edvna \u010dinnos\u0165<\/span> <span class=\"meta-nav\">&rarr;<\/span><\/a>","protected":false},"author":5,"featured_media":0,"parent":77,"menu_order":0,"comment_status":"closed","ping_status":"closed","template":"page-templates\/template_02.php","meta":[],"_links":{"self":[{"href":"https:\/\/safm.sk\/portal\/wp-json\/wp\/v2\/pages\/118"}],"collection":[{"href":"https:\/\/safm.sk\/portal\/wp-json\/wp\/v2\/pages"}],"about":[{"href":"https:\/\/safm.sk\/portal\/wp-json\/wp\/v2\/types\/page"}],"author":[{"embeddable":true,"href":"https:\/\/safm.sk\/portal\/wp-json\/wp\/v2\/users\/5"}],"replies":[{"embeddable":true,"href":"https:\/\/safm.sk\/portal\/wp-json\/wp\/v2\/comments?post=118"}],"version-history":[{"count":2,"href":"https:\/\/safm.sk\/portal\/wp-json\/wp\/v2\/pages\/118\/revisions"}],"predecessor-version":[{"id":6548,"href":"https:\/\/safm.sk\/portal\/wp-json\/wp\/v2\/pages\/118\/revisions\/6548"}],"up":[{"embeddable":true,"href":"https:\/\/safm.sk\/portal\/wp-json\/wp\/v2\/pages\/77"}],"wp:attachment":[{"href":"https:\/\/safm.sk\/portal\/wp-json\/wp\/v2\/media?parent=118"}],"curies":[{"name":"wp","href":"https:\/\/api.w.org\/{rel}","templated":true}]}}