{"id":11655,"date":"2026-04-13T15:14:22","date_gmt":"2026-04-13T14:14:22","guid":{"rendered":"https:\/\/safm.sk\/portal\/?page_id=11655"},"modified":"2026-04-13T15:18:50","modified_gmt":"2026-04-13T14:18:50","slug":"dni-fm-2026","status":"publish","type":"page","link":"https:\/\/safm.sk\/portal\/dni-fm-2026\/","title":{"rendered":"Dni FM 2026"},"content":{"rendered":"<style>\r\n.obsah-page {width:100%}\r\n.menu-side {display:none}\r\n.top-page-banner {display:none}\r\n.entry-header {display:none}\r\n.breadcrumbs {display:none}\r\n #program video {width:100%;} \r\n<\/style>\r\n\r\n<div id=\"program\">\r\n\r\n<h2 style=\"color: black;\">15. ro\u010dn\u00edk konferencie DNI Facility Managementu<\/h2>\r\n<p><video style=\"width: 95%;\" autoplay=\"autoplay\" loop=\"loop\" muted=\"\" controls=\"controls\" width=\"300\" height=\"150\"> <source src=\"https:\/\/safm.sk\/portal\/wp-content\/uploads\/2025\/07\/film-safm-2025-3-o.mp4\" type=\"video\/mp4\" \/> <source src=\"https:\/\/safm.sk\/portal\/wp-content\/uploads\/2025\/07\/film-safm-2025-3-o.mp4\" type=\"video\/ogg\" \/> <\/video><\/p>\r\n<p style=\"text-align: center;\"><strong>Konferencia Dni Facility Managementu 2026<\/strong><\/p>\r\n\r\n<h3 style=\"text-align: center;\"><strong>D\u00e1tum:<\/strong> 20 &#8211; 21. okt\u00f3ber 2026<\/h3>\r\n\r\n<style>\r\n  #fm_21 .banner-top h1 { font-size: 0rem; line-height: 0rem; }\r\n  .banner-top a { display: none; }\r\n  .obsah-page h2 {\r\n    font-size: 1.5rem;\r\n    text-transform: initial;\r\n    line-height: 2.49rem;\r\n    color: black;\r\n    font-weight: bold;\r\n  }\r\n<\/style>\r\n<\/div>","protected":false},"excerpt":{"rendered":"15. ro\u010dn\u00edk konferencie DNI Facility Managementu Konferencia Dni Facility Managementu 2026 D\u00e1tum: 20 &#8211; 21. okt\u00f3ber 2026","protected":false},"author":65,"featured_media":0,"parent":0,"menu_order":0,"comment_status":"closed","ping_status":"closed","template":"","meta":[],"_links":{"self":[{"href":"https:\/\/safm.sk\/portal\/wp-json\/wp\/v2\/pages\/11655"}],"collection":[{"href":"https:\/\/safm.sk\/portal\/wp-json\/wp\/v2\/pages"}],"about":[{"href":"https:\/\/safm.sk\/portal\/wp-json\/wp\/v2\/types\/page"}],"author":[{"embeddable":true,"href":"https:\/\/safm.sk\/portal\/wp-json\/wp\/v2\/users\/65"}],"replies":[{"embeddable":true,"href":"https:\/\/safm.sk\/portal\/wp-json\/wp\/v2\/comments?post=11655"}],"version-history":[{"count":2,"href":"https:\/\/safm.sk\/portal\/wp-json\/wp\/v2\/pages\/11655\/revisions"}],"predecessor-version":[{"id":11657,"href":"https:\/\/safm.sk\/portal\/wp-json\/wp\/v2\/pages\/11655\/revisions\/11657"}],"wp:attachment":[{"href":"https:\/\/safm.sk\/portal\/wp-json\/wp\/v2\/media?parent=11655"}],"curies":[{"name":"wp","href":"https:\/\/api.w.org\/{rel}","templated":true}]}}