{"id":116,"date":"2016-04-07T15:27:46","date_gmt":"2016-04-07T15:27:46","guid":{"rendered":"http:\/\/safm.sk\/portal\/?page_id=116"},"modified":"2021-04-18T19:31:00","modified_gmt":"2021-04-18T18:31:00","slug":"poradenstvo-a-konzultacie","status":"publish","type":"page","link":"https:\/\/safm.sk\/portal\/nasa-cinnost\/poradenstvo-a-konzultacie\/","title":{"rendered":"Poradenstvo a konzult\u00e1cie"},"content":{"rendered":"\r\n<p>Cie\u013eom SAFM ako garanta facility managementu na Slovensku je <strong>zvy\u0161ovanie kvality FM slu\u017eieb sprostredkovan\u00edm poradensk\u00fdch slu\u017eieb<\/strong>. Z\u00e1ujemcovia sa m\u00f4\u017eu obr\u00e1ti\u0165 so \u017eiados\u0165ou o poradenstvo v konkr\u00e9tnej veci na predstavenstvo asoci\u00e1cie. <strong>SAFM navrhne najvhodnej\u0161\u00edch konzultantov<\/strong> pre rie\u0161enie dan\u00e9ho probl\u00e9mu a odporu\u010d\u00ed ich z\u00e1ujemcovi. <\/p>\r\n<p><\/p>\r\n","protected":false},"excerpt":{"rendered":"Cie\u013eom SAFM ako garanta facility managementu na Slovensku je zvy\u0161ovanie kvality FM slu\u017eieb sprostredkovan\u00edm poradensk\u00fdch slu\u017eieb. Z\u00e1ujemcovia sa m\u00f4\u017eu obr\u00e1ti\u0165 so \u017eiados\u0165ou o poradenstvo v konkr\u00e9tnej veci na predstavenstvo asoci\u00e1cie. SAFM navrhne najvhodnej\u0161\u00edch konzultantov pre rie\u0161enie dan\u00e9ho probl\u00e9mu a odporu\u010d\u00ed ich z\u00e1ujemcovi.","protected":false},"author":5,"featured_media":0,"parent":77,"menu_order":0,"comment_status":"closed","ping_status":"closed","template":"page-templates\/template_02.php","meta":[],"_links":{"self":[{"href":"https:\/\/safm.sk\/portal\/wp-json\/wp\/v2\/pages\/116"}],"collection":[{"href":"https:\/\/safm.sk\/portal\/wp-json\/wp\/v2\/pages"}],"about":[{"href":"https:\/\/safm.sk\/portal\/wp-json\/wp\/v2\/types\/page"}],"author":[{"embeddable":true,"href":"https:\/\/safm.sk\/portal\/wp-json\/wp\/v2\/users\/5"}],"replies":[{"embeddable":true,"href":"https:\/\/safm.sk\/portal\/wp-json\/wp\/v2\/comments?post=116"}],"version-history":[{"count":1,"href":"https:\/\/safm.sk\/portal\/wp-json\/wp\/v2\/pages\/116\/revisions"}],"predecessor-version":[{"id":6570,"href":"https:\/\/safm.sk\/portal\/wp-json\/wp\/v2\/pages\/116\/revisions\/6570"}],"up":[{"embeddable":true,"href":"https:\/\/safm.sk\/portal\/wp-json\/wp\/v2\/pages\/77"}],"wp:attachment":[{"href":"https:\/\/safm.sk\/portal\/wp-json\/wp\/v2\/media?parent=116"}],"curies":[{"name":"wp","href":"https:\/\/api.w.org\/{rel}","templated":true}]}}