{"id":110,"date":"2016-04-07T15:26:06","date_gmt":"2016-04-07T15:26:06","guid":{"rendered":"http:\/\/safm.sk\/portal\/?page_id=110"},"modified":"2021-04-18T19:32:53","modified_gmt":"2021-04-18T18:32:53","slug":"vzdelavacia-cinnost","status":"publish","type":"page","link":"https:\/\/safm.sk\/portal\/nasa-cinnost\/vzdelavacia-cinnost\/","title":{"rendered":"Vzdel\u00e1vacia \u010dinnos\u0165"},"content":{"rendered":"<p>Zvy\u0161ovanie odbornej \u00farovne FM priamo s\u00favis\u00ed so <strong>vzdel\u00e1van\u00edm v \u0161pecializovanom odbore<\/strong>. SAFM \u00a0poskytuje <strong>z\u00e1\u0161titu vzdel\u00e1vac\u00edm in\u0161tit\u00fatom ako Gestor oboru Facility Management na Slovensku<\/strong><\/p>","protected":false},"excerpt":{"rendered":"Zvy\u0161ovanie odbornej \u00farovne FM priamo s\u00favis\u00ed so vzdel\u00e1van\u00edm v \u0161pecializovanom odbore. SAFM \u00a0poskytuje z\u00e1\u0161titu vzdel\u00e1vac\u00edm in\u0161tit\u00fatom ako Gestor oboru Facility Management na Slovensku","protected":false},"author":5,"featured_media":0,"parent":77,"menu_order":0,"comment_status":"closed","ping_status":"closed","template":"page-templates\/template_02.php","meta":[],"_links":{"self":[{"href":"https:\/\/safm.sk\/portal\/wp-json\/wp\/v2\/pages\/110"}],"collection":[{"href":"https:\/\/safm.sk\/portal\/wp-json\/wp\/v2\/pages"}],"about":[{"href":"https:\/\/safm.sk\/portal\/wp-json\/wp\/v2\/types\/page"}],"author":[{"embeddable":true,"href":"https:\/\/safm.sk\/portal\/wp-json\/wp\/v2\/users\/5"}],"replies":[{"embeddable":true,"href":"https:\/\/safm.sk\/portal\/wp-json\/wp\/v2\/comments?post=110"}],"version-history":[{"count":1,"href":"https:\/\/safm.sk\/portal\/wp-json\/wp\/v2\/pages\/110\/revisions"}],"predecessor-version":[{"id":6572,"href":"https:\/\/safm.sk\/portal\/wp-json\/wp\/v2\/pages\/110\/revisions\/6572"}],"up":[{"embeddable":true,"href":"https:\/\/safm.sk\/portal\/wp-json\/wp\/v2\/pages\/77"}],"wp:attachment":[{"href":"https:\/\/safm.sk\/portal\/wp-json\/wp\/v2\/media?parent=110"}],"curies":[{"name":"wp","href":"https:\/\/api.w.org\/{rel}","templated":true}]}}