{"id":6858,"date":"2021-06-01T11:19:25","date_gmt":"2021-06-01T10:19:25","guid":{"rendered":"https:\/\/safm.sk\/portal\/?post_type=product&#038;p=6858"},"modified":"2023-12-21T15:25:12","modified_gmt":"2023-12-21T14:25:12","slug":"safm-guide-2022","status":"publish","type":"product","link":"https:\/\/safm.sk\/portal\/en\/obchod\/safm-guide-2022\/","title":{"rendered":"SAFM GUIDE  2023"},"content":{"rendered":"<p><strong>V ro\u010denke SAFM GUIDE 2023 sa dozviete:<\/strong><\/p>\r\n<ul style=\"list-style-type: circle;\">\r\n\t<li>Odborn\u00e9 inform\u00e1cie, anal\u00fdzy a hodnotenie trhu roku 2022 v 2003<\/li>\r\n<\/ul>\r\n<p>&nbsp;<\/p>\r\n<ul style=\"list-style-type: circle;\">\r\n\t<li>O\u010dak\u00e1van\u00fd dosah energetickej kr\u00edz\u00fd pre segment FM<\/li>\r\n<\/ul>\r\n<p>&nbsp;<\/p>\r\n<ul style=\"list-style-type: circle;\">\r\n\t<li>Rozhovory s odborn\u00edkmi na t\u00e9my, ktor\u00e9 rezonuj\u00fa v oblasti FM<\/li>\r\n<\/ul>\r\n<p>&nbsp;<\/p>\r\n<ul style=\"list-style-type: circle;\">\r\n\t<li>Kategorizovan\u00fd adres\u00e1r spolo\u010dnost\u00ed, ktor\u00e9 p\u00f4sobia v oblasti FM<\/li>\r\n<\/ul>\r\n<ul>\r\n\t<li style=\"list-style-type: none;\">\r\n<ul style=\"list-style-type: circle;\">\r\n\t<li>\u2026a mnoho in\u00fdch zauj\u00edmav\u00fdch t\u00e9m.<\/li>\r\n<\/ul>\r\n<\/li>\r\n<\/ul>\r\n<p>&nbsp;<\/p>\r\n<p><b>SAFM Guide 2023<\/b> je ur\u010den\u00fd ka\u017ed\u00e9mu facility mana\u017e\u00e9rovi, a publikovan\u00e9 inform\u00e1cie s\u00fa pr\u00ednosom pre v\u0161etky spolo\u010dnosti, ktor\u00e9 p\u00f4sobia vo sf\u00e9re FM, \u010di u\u017e na strane klienta, alebo poskytovate\u013ea.<\/p>","protected":false},"excerpt":{"rendered":"<p>Jedine\u010dn\u00e1 ucelen\u00e1 anal\u00fdza slovensk\u00e9ho trhu v oblasti facility managementu.<br \/>\r\nAk\u00fd je predpokladan\u00fd dopad koronakr\u00edzy a v\u00fdvoj trhu do bud\u00facnosti? Pre\u010d\u00edtajte si zauj\u00edmav\u00e9 rozhovory a t\u00e9my, ktor\u00e9 rezonuj\u00fa v segmente FM.<\/p>","protected":false},"featured_media":10198,"comment_status":"open","ping_status":"closed","template":"","meta":[],"_links":{"self":[{"href":"https:\/\/safm.sk\/portal\/en\/wp-json\/wp\/v2\/product\/6858"}],"collection":[{"href":"https:\/\/safm.sk\/portal\/en\/wp-json\/wp\/v2\/product"}],"about":[{"href":"https:\/\/safm.sk\/portal\/en\/wp-json\/wp\/v2\/types\/product"}],"replies":[{"embeddable":true,"href":"https:\/\/safm.sk\/portal\/en\/wp-json\/wp\/v2\/comments?post=6858"}],"wp:featuredmedia":[{"embeddable":true,"href":"https:\/\/safm.sk\/portal\/en\/wp-json\/wp\/v2\/media\/10198"}],"wp:attachment":[{"href":"https:\/\/safm.sk\/portal\/en\/wp-json\/wp\/v2\/media?parent=6858"}],"curies":[{"name":"wp","href":"https:\/\/api.w.org\/{rel}","templated":true}]}}