{"id":6650,"date":"2021-04-18T20:23:45","date_gmt":"2021-04-18T19:23:45","guid":{"rendered":"https:\/\/safm.sk\/portal\/?page_id=6650"},"modified":"2021-04-18T20:23:45","modified_gmt":"2021-04-18T19:23:45","slug":"riadenie-rizik-v-projektoch-facility-managementu","status":"publish","type":"page","link":"https:\/\/safm.sk\/portal\/en\/riadenie-rizik-v-projektoch-facility-managementu\/","title":{"rendered":"Riadenie riz\u00edk v projektoch Facility managementu"},"content":{"rendered":"<div id=\"projekt-fm\">\r\n<div class=\"banner-top\">\r\n<div class=\"xyz\">\r\n<h1 class=\"dfm\" style=\"color: white;\">Riadenie riz\u00edk v projektoch Facility Managementu<\/h1>\r\n<p>&nbsp;<\/p>\r\n<p>&nbsp;<\/p>\r\n<p><span class=\"place\">Term\u00edn ONLINE \u0161kolenia prostredn\u00edctvom ZOOM prostredia:<\/span><\/p>\r\n<p>&nbsp;<\/p>\r\n<p>\u010doskoro zverejn\u00edme nov\u00fd term\u00edn<\/p>\r\n<p>&nbsp;<\/p>\r\n<p><br \/>\r\nTrvanie \u0161kolenia: 9. 00 &#8211; 12. 00 hod.<\/p>\r\n<p>&nbsp;<\/p>\r\n<p>&nbsp;<\/p>\r\n<div class=\"price-info\"><b>Cena: 89,- EUR bez DPH<\/b><br \/>\r\n\u010dlenovia SAFM maj\u00fa 30% benefit z ceny workshopu<\/div>\r\n<a class=\"btn button\" href=\"#prihlaska\">Prihl\u00e1ste sa tu<\/a>\r\n<p>&nbsp;<\/p>\r\n<\/div>\r\n<\/div>\r\n<div class=\"popis\">\r\n<h2>\u00a0<\/h2>\r\n<\/div>\r\n<\/div>\r\n<div id=\"projekt-fm\">\r\n<div class=\"popis\">\r\n<div class=\"columns\">\r\n<p>&nbsp;<\/p>\r\n<p><strong><span style=\"font-size: 14pt;\">Nebojme sa rizika, ale ani ho nepodce\u0148ujme &#8211; pracujme s n\u00edm.\u00a0<\/span> <\/strong><\/p>\r\n<p>Ak v projektovom t\u00edme vl\u00e1dne stres a obavy,\u00a0 \u013eudia sa nec\u00edtia dobre a ich v\u00fdsledky s\u00fa limitovan\u00e9. Trp\u00ed nie len projektov\u00fd t\u00edm, ale aj z\u00e1kazn\u00edk.\u00a0 Jedn\u00fdm z d\u00f4vodov pre\u010do sa boj\u00edme rizika\u00a0 je neznalos\u0165 pr\u00e1ce s n\u00edm\u00a0 a strach zo zodpovednosti. Ak sa \u010dlenovia t\u00edmu nau\u010dia s rizikom pracova\u0165, maj\u00fa ho viac pod kontrolou a vedia ho riadi\u0165. Stres a obavy klesaj\u00fa a projektov\u00fd t\u00edm je viac v k\u013eude a m\u00f4\u017ee sa s\u00fastredi\u0165 na svoju pr\u00e1cu.<\/p>\r\n<p>Na druhej strane neznalos\u0165 neospravedl\u0148uje a ak riziko podcen\u00edme, m\u00f4\u017ee n\u00e1s prekvapi\u0165 a zasiahnu\u0165 v plnej sile. Z\u00e1kazn\u00edk sa nep\u00fdta, koho je to chyba, z\u00e1kazn\u00edk o\u010dak\u00e1va rie\u0161enie. Preto nesta\u010d\u00ed len n\u00e1js\u0165 \u201evinn\u00edka\u201c a potresta\u0165 ho.\u00a0<\/p>\r\n<p>&nbsp;<\/p>\r\n<p><strong><span style=\"font-size: 12pt;\"><span style=\"font-size: 14pt;\">Spoznajte ako reaguje na riziko \u013eudsk\u00fd mozog a oto\u010dte ho vo V\u00e1\u0161 prospech a konkuren\u010dn\u00fa v\u00fdhodu<\/span>.<\/span><\/strong><\/p>\r\n<p>&nbsp;<\/p>\r\n<p>N\u00e1\u0161 online webin\u00e1r Riadenie riz\u00edk v projektoch Facility Managementu je rozdelen\u00fd do\u00a0 5 dielov &#8211; workshopov, kde V\u00e1m\u00a0 na re\u00e1lnych pr\u00edkladoch uk\u00e1\u017eeme ako efekt\u00edvne spravova\u0165 riziko, ktor\u00e9 sa m\u00f4\u017ee vyskytn\u00fa\u0165 vo Va\u0161ich projektoch.<\/p>\r\n<p>Po\u010das 5 online workshopov si rozoberieme odpovede na nasleduj\u00face ot\u00e1zky a prevedieme V\u00e1s t\u00e9mami:<\/p>\r\n<p><strong>1. \u010co je riziko, ak\u00e9\u00a0 druhy rizika pozn\u00e1me <\/strong><\/p>\r\n<ul>\r\n\t<li>Pre\u010do na projektoch nie je ni\u010d garantovan\u00e9 a pre\u010do mus\u00edme na projektoch po\u010d\u00edta\u0165 s rizikom?<\/li>\r\n\t<li>Na poh\u013eade z\u00e1le\u017e\u00ed. Nie v\u0161etky rizik\u00e1 s\u00fa zl\u00e9, hoci v\u00e4\u010d\u0161ina riz\u00edk na projektoch je vn\u00edman\u00fdch ako n\u00e1straha a potenci\u00e1lny probl\u00e9m<\/li>\r\n\t<li>Ako reaguje na riziko \u013eudsk\u00fd mozog<\/li>\r\n<\/ul>\r\n<p><strong>2. Pl\u00e1novanie rizika na projektoch<\/strong><\/p>\r\n<ul>\r\n\t<li>Pl\u00e1novanie rizika je o\u00a0rozhodnutiach a\u00a0vn\u00edman\u00ed projektu v\u00a0komplexn\u00fdch\u00a0 s\u00favislostiach<\/li>\r\n\t<li>PL\u00c1N RIADENIA RIZ\u00cdK a aplik\u00e1cia zdrav\u00e9ho rozumu pri pl\u00e1novan\u00ed rizika<\/li>\r\n<\/ul>\r\n<p><strong>3. Identifik\u00e1cia rizika<\/strong><\/p>\r\n<ul>\r\n\t<li>Ako najefekt\u00edvnej\u0161ie identifikova\u0165 rizik\u00e1 a n\u00e1strahy, ktor\u00e9 hrozia na projekte<\/li>\r\n\t<li>Pr\u00e1ca s rizikom nie je len jednorazov\u00e1 aktivita, ale systematick\u00e1 pr\u00e1ca, ktor\u00fa treba priebe\u017ene realizova\u0165 po\u010das cel\u00e9ho projektu<\/li>\r\n\t<li>N\u00e1stroje identifik\u00e1cie riz\u00edk<\/li>\r\n\t<li>Ako pracova\u0165 s RBS &#8211; Risk Breakdown Structure<\/li>\r\n\t<li>REGISTER RIZ\u00cdK &#8211; Aj o rizik\u00e1ch treba ma\u0165 preh\u013ead a spr\u00e1vne ich komunikova\u0165<\/li>\r\n<\/ul>\r\n<p><strong>4. Kvalitat\u00edvna a Kvantitat\u00edvna anal\u00fdza rizika<\/strong><\/p>\r\n<ul>\r\n\t<li>Identifik\u00e1cia rizika nesta\u010d\u00ed, ka\u017ed\u00e9 riziko je in\u00e9<\/li>\r\n\t<li>Pravdepodobnos\u0165 a dopad rizika<\/li>\r\n\t<li>Vyhodnotenie rizika za podpory TABU\u013dKY RIZ\u00cdK &#8211; O\u010dak\u00e1van\u00e1 finan\u010dn\u00e1 hodnota rizika &#8211; OFH rizika<\/li>\r\n\t<li>Ktor\u00e9 n\u00e1stroje vyu\u017ei\u0165 na efekt\u00edvne vyhodnotenia rizika?<\/li>\r\n<\/ul>\r\n<p><strong>5. Pl\u00e1novanie reakcie na riziko a priebe\u017en\u00e9 sledovanie a riadenie rizika<\/strong><\/p>\r\n<ul>\r\n\t<li>Ak\u00e9 s\u00fa mo\u017en\u00e9 reakcie na riziko a\u00a0na z\u00e1klade \u010doho sa spr\u00e1vne rozhodova\u0165<\/li>\r\n\t<li>Pozit\u00edvne vs. Negat\u00edvne reakcie na riziko<\/li>\r\n\t<li>Riziko ako pr\u00edle\u017eitos\u0165<\/li>\r\n\t<li>AK\u010cN\u00dd PL\u00c1N RIADENIA RIZIKA \u2013 kto m\u00e1 zodpovednos\u0165 riziko?<\/li>\r\n<\/ul>\r\n<p>&nbsp;<\/p>\r\n<p>Ak chcete by\u0165 \u00faspe\u0161n\u00ed vo svojich projektoch, mus\u00edte vedie\u0165 ako efekt\u00edvne riadi\u0165 rizik\u00e1, ktor\u00e9 s\u00fa jeho s\u00fa\u010das\u0165ou<\/p>\r\n<p>&nbsp;<\/p>\r\n<p>Pon\u00fakame V\u00e1m odbornos\u0165 a re\u00e1lne sk\u00fasenosti, ktor\u00e9 V\u00e1m pom\u00f4\u017eu k efektivite projektov\u00e9ho mana\u017ementu. Preto nev\u00e1hajte a pridajte sa k n\u00e1m.\u00a0 Sta\u0148te sa \u00faspe\u0161n\u00fdm vo svojej profesii. By\u0165 vynikaj\u00facim projektov\u00fdm mana\u017e\u00e9rom sa v FM oplat\u00ed!<\/p>\r\n<p>&nbsp;<\/p>\r\n<p>V\u00a0pr\u00edpade ak\u00fdchko\u013evek ot\u00e1zok n\u00e1s kontaktujte na \u00a0safm@safm.sk<\/p>\r\n<\/div>\r\n<\/div>\r\n<\/div>\r\n<div id=\"prihlaska\" style=\"text-align: center;\">\r\n<h2>Prihl\u00e1\u0161ka<\/h2>\r\n<div class=\"formular\" style=\"text-align: left; display: inline-block; margin: 0px auto;\"><div role=\"form\" class=\"wpcf7\" id=\"wpcf7-f4935-o1\" lang=\"sk-SK\" dir=\"ltr\">\n<div class=\"screen-reader-response\"><p role=\"status\" aria-live=\"polite\" aria-atomic=\"true\"><\/p> <ul><\/ul><\/div>\n<form action=\"\/portal\/en\/wp-json\/wp\/v2\/pages\/6650#wpcf7-f4935-o1\" method=\"post\" class=\"wpcf7-form init wpcf7-acceptance-as-validation\" novalidate=\"novalidate\" data-status=\"init\">\n<div style=\"display: none;\">\n<input type=\"hidden\" name=\"_wpcf7\" value=\"4935\" \/>\n<input type=\"hidden\" name=\"_wpcf7_version\" value=\"5.4\" \/>\n<input type=\"hidden\" name=\"_wpcf7_locale\" value=\"sk_SK\" \/>\n<input type=\"hidden\" name=\"_wpcf7_unit_tag\" value=\"wpcf7-f4935-o1\" \/>\n<input type=\"hidden\" name=\"_wpcf7_container_post\" value=\"0\" \/>\n<input type=\"hidden\" name=\"_wpcf7_posted_data_hash\" value=\"\" \/>\n<input type=\"hidden\" name=\"_wpcf7_recaptcha_response\" value=\"\" \/>\n<\/div>\n<p>&nbsp;<\/p>\n<p><b>\u00da\u010dastn\u00edk:<\/b><\/p>\n<p> Meno a priezvisko: <span class=\"wpcf7-form-control-wrap sub-name\"><input type=\"text\" name=\"sub-name\" value=\"\" size=\"40\" class=\"wpcf7-form-control wpcf7-text wpcf7-validates-as-required\" aria-required=\"true\" aria-invalid=\"false\" \/><\/span> <\/p>\n<p> Email: <span class=\"wpcf7-form-control-wrap sub-email\"><input type=\"email\" name=\"sub-email\" value=\"\" size=\"40\" class=\"wpcf7-form-control wpcf7-text wpcf7-email wpcf7-validates-as-required wpcf7-validates-as-email\" aria-required=\"true\" aria-invalid=\"false\" placeholder=\"@\" \/><\/span> <\/p>\n<p> Pracovn\u00e1 poz\u00edcia: <span class=\"wpcf7-form-control-wrap sub-work\"><input type=\"text\" name=\"sub-work\" value=\"\" size=\"40\" class=\"wpcf7-form-control wpcf7-text wpcf7-validates-as-required\" aria-required=\"true\" aria-invalid=\"false\" \/><\/span> <\/p>\n<p> Telefonick\u00fd kontakt: <span class=\"wpcf7-form-control-wrap sub-phone\"><input type=\"tel\" name=\"sub-phone\" value=\"+421\" size=\"40\" class=\"wpcf7-form-control wpcf7-text wpcf7-tel wpcf7-validates-as-required wpcf7-validates-as-tel\" aria-required=\"true\" aria-invalid=\"false\" \/><\/span> <\/p>\n<p>&nbsp;<\/p>\n<p><b>Faktura\u010dn\u00e9 \u00fadaje:<\/b><\/p>\n<p><span id=\"wpcf7-69e312f78a9f9-wrapper\" class=\"wpcf7-form-control-wrap emailstag-wrap\" style=\"display:none !important; visibility:hidden !important;\"><label for=\"wpcf7-69e312f78a9f9-field\" class=\"hp-message\">Please leave this field empty.<\/label><input id=\"wpcf7-69e312f78a9f9-field\"  class=\"wpcf7-form-control wpcf7-text\" type=\"text\" name=\"emailstag\" value=\"\" size=\"40\" tabindex=\"-1\" autocomplete=\"new-password\" \/><\/span><\/p>\n<p> <span class=\"wpcf7-form-control-wrap type-invoice\"><span class=\"wpcf7-form-control wpcf7-radio\"><span class=\"wpcf7-list-item first\"><input type=\"radio\" name=\"type-invoice\" value=\"Pr\u00e1vnick\u00e1 osoba\" checked=\"checked\" \/><span class=\"wpcf7-list-item-label\">Pr\u00e1vnick\u00e1 osoba<\/span><\/span><span class=\"wpcf7-list-item last\"><input type=\"radio\" name=\"type-invoice\" value=\"Fyzick\u00e1 osoba\" \/><span class=\"wpcf7-list-item-label\">Fyzick\u00e1 osoba<\/span><\/span><\/span><\/span><\/p>\n<p>&nbsp;<\/p>\n<p> N\u00e1zov \/ Meno a priezvisko: <span class=\"wpcf7-form-control-wrap inv-name\"><input type=\"text\" name=\"inv-name\" value=\"\" size=\"40\" class=\"wpcf7-form-control wpcf7-text wpcf7-validates-as-required\" aria-required=\"true\" aria-invalid=\"false\" \/><\/span> <\/p>\n<p> Adresa (ulica, PS\u010c, mesto): <span class=\"wpcf7-form-control-wrap inv-address\"><input type=\"text\" name=\"inv-address\" value=\"\" size=\"40\" class=\"wpcf7-form-control wpcf7-text wpcf7-validates-as-required\" aria-required=\"true\" aria-invalid=\"false\" \/><\/span> <\/p>\n<p> Bankov\u00e9 spojenie: <span class=\"wpcf7-form-control-wrap inv-bank\"><input type=\"text\" name=\"inv-bank\" value=\"\" size=\"40\" class=\"wpcf7-form-control wpcf7-text wpcf7-validates-as-required\" aria-required=\"true\" aria-invalid=\"false\" \/><\/span> <\/p>\n<p> Telefonick\u00fd kontakt: <span class=\"wpcf7-form-control-wrap inv-phone\"><input type=\"tel\" name=\"inv-phone\" value=\"+421\" size=\"40\" class=\"wpcf7-form-control wpcf7-text wpcf7-tel wpcf7-validates-as-required wpcf7-validates-as-tel\" aria-required=\"true\" aria-invalid=\"false\" \/><\/span> <\/p>\n<p>&nbsp;<\/p>\n<p> V pr\u00edpade pr\u00e1vnickej osoby pros\u00edm vypl\u0148te aj: <\/p>\n<p>&nbsp;<\/p>\n<p> I\u010cO: <span class=\"wpcf7-form-control-wrap inv-ico\"><input type=\"text\" name=\"inv-ico\" value=\"\" size=\"40\" class=\"wpcf7-form-control wpcf7-text\" aria-invalid=\"false\" \/><\/span> <\/p>\n<p> DI\u010c: <span class=\"wpcf7-form-control-wrap inv-dic\"><input type=\"text\" name=\"inv-dic\" value=\"\" size=\"40\" class=\"wpcf7-form-control wpcf7-text\" aria-invalid=\"false\" \/><\/span> <\/p>\n<p> I\u010c DPH: <span class=\"wpcf7-form-control-wrap inv-icdph\"><input type=\"text\" name=\"inv-icdph\" value=\"\" size=\"40\" class=\"wpcf7-form-control wpcf7-text\" aria-invalid=\"false\" \/><\/span> <\/p>\n<p><span class=\"wpcf7-form-control-wrap acceptance-830\"><span class=\"wpcf7-form-control wpcf7-acceptance\"><span class=\"wpcf7-list-item\"><label><input type=\"checkbox\" name=\"acceptance-830\" value=\"1\" aria-invalid=\"false\" \/><span class=\"wpcf7-list-item-label\"><span class=\"akceptujem\">Odoslan\u00edm formul\u00e1ra potvrdzujete, \u017ee ste si pre\u010d\u00edtali a porozumeli ste z\u00e1sad\u00e1m sprac\u00favania\nosobn\u00fdch \u00fadajov prev\u00e1dzkovate\u013eom, <a target=\"_blank\" href=\"http:\/\/safm.sk\/portal\/ochrana-osobnych-udajov\/\">ktor\u00e9 s\u00fa dostupn\u00e9 tu<\/a><\/span><\/span><\/label><\/span><\/span><\/span><\/p>\n<p><span class=\"wpcf7-form-control-wrap acceptance-831\"><span class=\"wpcf7-form-control wpcf7-acceptance\"><span class=\"wpcf7-list-item\"><label><input type=\"checkbox\" name=\"acceptance-831\" value=\"1\" aria-invalid=\"false\" \/><span class=\"wpcf7-list-item-label\"><span class=\"akceptujem\">S\u00fahlas\u00edm so spracovan\u00edm osobn\u00fdch \u00fadajov a zverejnen\u00edm fotografi\u00ed a video z\u00e1znamov zhotoven\u00fdch na online workshope zachyt\u00e1vaj\u00facich moju podobize\u0148. Svoj s\u00fahlas so spracovan\u00edm \u00fadajov ude\u013eujem dobrovo\u013ene v zmysle \u00a7 13 ods. (1) p\u00edsm. a) Z\u00e1kona \u010d. 18\/2018 Zz. o ochrane osobn\u00fdch \u00fadajov ako aj Nariadenia E\u00da 2016\/679 za \u00fa\u010delom ich \u010fal\u0161ieho spracovania a zverejnenia na odborn\u00e9 pou\u017e\u00edvanie a propag\u00e1ciu \u010dinnosti Firmy. Z\u00e1rove\u0148 t\u00fdm beriem na vedomie d\u00f4vod spracovania a zverejnenia vyhotoven\u00fdch fotografi\u00ed a video z\u00e1znamov a som si vedom\u00fd svojich pr\u00e1v v zmysle \u00a7 21 a\u017e 27, \u00a7 100 ako aj mo\u017enosti svoj s\u00fahlas odvola\u0165 p\u00edsomne na adresu Firmy.<\/span><\/span><\/label><\/span><\/span><\/span><\/p>\n<div class=\"recaptcha\">\n\n<\/div>\n<p><input type=\"submit\" value=\"Odo\u0161li\" class=\"wpcf7-form-control wpcf7-submit\" \/><\/p>\n<p style=\"display: none !important;\"><label>&#916;<textarea name=\"_wpcf7_ak_hp_textarea\" cols=\"45\" rows=\"8\" maxlength=\"100\"><\/textarea><\/label><input type=\"hidden\" id=\"ak_js\" name=\"_wpcf7_ak_js\" value=\"182\"\/><script>document.getElementById( \"ak_js\" ).setAttribute( \"value\", ( new Date() ).getTime() );<\/script><\/p><div class=\"wpcf7-response-output\" aria-hidden=\"true\"><\/div><input type=\"hidden\" value=\"no\" id=\"cf7-calculator-enable\" ><input type=\"hidden\" value=\"2\" id=\"cf7-calculator-decimals\" ><input type=\"hidden\" value=\".\" id=\"cf7-calculator-separator\" ><input type=\"hidden\" value=\",\" id=\"cf7-calculator-thousand\" ><input type=\"hidden\" value=\"yes\" id=\"cf7-calculator-right\" ><input type=\"hidden\" value=\"\" id=\"cf7-calculator-currency\" ><input type=\"hidden\" value=\"left\" id=\"cf7-calculator-currency_position\" >\n            <style type=\"text\/css\" >\n                .cf7-hide {\n                    display: none !important;\n                }\n                .cf7-calculated-name {\n                    width: 100%;\n                    display: inline-block;\n                }\n            <\/style>\n            <style type=\"text\/css\" >\n                .ctf7-total, .cf7-calculated-name {\n                    text-align: right !important;\n                }\n\n            <\/style><\/form><\/div><\/div>\r\n<\/div>\r\n<p>&nbsp;<\/p>\r\n<p>&nbsp;<\/p>","protected":false},"excerpt":{"rendered":"Riadenie riz\u00edk v projektoch Facility Managementu &nbsp; &nbsp; Term\u00edn ONLINE \u0161kolenia prostredn\u00edctvom ZOOM prostredia: &nbsp; \u010doskoro zverejn\u00edme nov\u00fd term\u00edn &nbsp; Trvanie \u0161kolenia: 9. 00 &#8211; 12. 00 hod. &nbsp; &nbsp; Cena: 89,- EUR bez DPH \u010dlenovia SAFM maj\u00fa 30% benefit z ceny workshopu Prihl\u00e1ste sa tu &nbsp; \u00a0 &nbsp; Nebojme sa rizika, ale ani ho &hellip; <a href=\"https:\/\/safm.sk\/portal\/en\/riadenie-rizik-v-projektoch-facility-managementu\/\" class=\"more-link\">Continue reading <span class=\"screen-reader-text\">Riadenie riz\u00edk v projektoch Facility managementu<\/span> <span class=\"meta-nav\">&rarr;<\/span><\/a>","protected":false},"author":65,"featured_media":0,"parent":0,"menu_order":0,"comment_status":"closed","ping_status":"closed","template":"temp-22.php","meta":[],"_links":{"self":[{"href":"https:\/\/safm.sk\/portal\/en\/wp-json\/wp\/v2\/pages\/6650"}],"collection":[{"href":"https:\/\/safm.sk\/portal\/en\/wp-json\/wp\/v2\/pages"}],"about":[{"href":"https:\/\/safm.sk\/portal\/en\/wp-json\/wp\/v2\/types\/page"}],"author":[{"embeddable":true,"href":"https:\/\/safm.sk\/portal\/en\/wp-json\/wp\/v2\/users\/65"}],"replies":[{"embeddable":true,"href":"https:\/\/safm.sk\/portal\/en\/wp-json\/wp\/v2\/comments?post=6650"}],"version-history":[{"count":1,"href":"https:\/\/safm.sk\/portal\/en\/wp-json\/wp\/v2\/pages\/6650\/revisions"}],"predecessor-version":[{"id":6661,"href":"https:\/\/safm.sk\/portal\/en\/wp-json\/wp\/v2\/pages\/6650\/revisions\/6661"}],"wp:attachment":[{"href":"https:\/\/safm.sk\/portal\/en\/wp-json\/wp\/v2\/media?parent=6650"}],"curies":[{"name":"wp","href":"https:\/\/api.w.org\/{rel}","templated":true}]}}