{"id":6649,"date":"2021-04-18T20:23:31","date_gmt":"2021-04-18T19:23:31","guid":{"rendered":"https:\/\/safm.sk\/portal\/?page_id=6649"},"modified":"2021-04-18T20:23:31","modified_gmt":"2021-04-18T19:23:31","slug":"projektovy-manazment-pre-facility-management","status":"publish","type":"page","link":"https:\/\/safm.sk\/portal\/en\/projektovy-manazment-pre-facility-management\/","title":{"rendered":"Projektov\u00fd mana\u017ement pre Facility management"},"content":{"rendered":"<div id=\"projekt-fm\">\r\n<div class=\"banner-top\">\r\n<div class=\"xyz\">\r\n<h1 class=\"dfm\" style=\"color: white;\">Projektov\u00fd mana\u017eement pre Facility Management vo Verejnej spr\u00e1ve<\/h1>\r\n<p><span class=\"place\"><a href=\"https:\/\/www.google.com\/maps?q=Cukrov%C3%A1+14,+Bratislava&amp;um=1&amp;ie=UTF-8&amp;sa=X&amp;ved=0ahUKEwiptqaSwejgAhUWwAIHHTp2ATkQ_AUIDigB\" target=\"_blank\" rel=\"noopener noreferrer\">Cukrov\u00e1 14, Bratislava<\/a><\/span><\/p>\r\n<p>&nbsp;<\/p>\r\n<p>Upozor\u0148ujeme uch\u00e1dza\u010dov, \u017ee pre \u00fa\u010das\u0165 na \u0161kolen\u00ed je potrebn\u00fd negat\u00edvny test na COVID-19 z d\u00f4vodu s\u00fa\u010dasn\u00fdch pandemick\u00fdch opatren\u00ed.<\/p>\r\n<p>&nbsp;<\/p>\r\n<p>Uzatvoren\u00e9 firemn\u00e9 \u0161kolenie 28. 1. 2021 je u\u017e obsaden\u00e9<\/p>\r\n<p>&nbsp;<\/p>\r\n<p>Presn\u00fd term\u00edn pre otvoren\u00e9 \u0161kolenie vo febru\u00e1ri zverejn\u00edme \u010doskoro<\/p>\r\n<p>&nbsp;<\/p>\r\n<p>&nbsp;<\/p>\r\n<p>&nbsp;<\/p>\r\n<p><br \/>\r\nTrvanie \u0161kolenia: 9:00 -15:00 hod.<\/p>\r\n<div class=\"price-info\"><b>Cena: 145,- EUR bez DPH za 1 de\u0148 za osobu (290,- EUR bez DPH za 2 dni)<\/b><br \/>\r\n\u010dlenovia SAFM maj\u00fa 30% benefit z ceny workshopu<\/div>\r\n<a class=\"btn button\" href=\"#prihlaska\">Prihl\u00e1ste sa tu<\/a>\r\n<p>&nbsp;<\/p>\r\n<\/div>\r\n<\/div>\r\n<div class=\"popis\">\r\n<h2>Unik\u00e1tna prax facility management projektov<\/h2>\r\n<\/div>\r\n<iframe loading=\"lazy\" title=\"Embedded post\" src=\"https:\/\/www.linkedin.com\/embed\/feed\/update\/urn:li:ugcPost:6595320020409032704?compact=1\" width=\"504\" height=\"284\" frameborder=\"0\" allowfullscreen=\"allowfullscreen\"><\/iframe><\/div>\r\n<div id=\"projekt-fm\">\r\n<div class=\"popis\">\r\n<p>Na va\u0161ich konkr\u00e9tnych tr\u00e9ningov\u00fdch projektoch si vysk\u00fa\u0161ate ako aplikova\u0165 \u0161tandardn\u00e9 n\u00e1stroje projektov\u00e9ho mana\u017ementu do efekt\u00edvneho riadenia projektov a komplexn\u00fdch \u00faloh v prostred\u00ed facility managementu (hospod\u00e1rskej spr\u00e1vy vo verejnej spr\u00e1ve)<\/p>\r\n<ul>\r\n\t<li>Jasn\u00e9 definovanie projektov\u00fdch cie\u013eov \/ necie\u013eov a\u00a0schopnos\u0165 form\u00e1lne definova\u0165 projekt<\/li>\r\n\t<li>Identifik\u00e1cia projektov\u00fdch riz\u00edk<\/li>\r\n\t<li>Vz\u00e1jomn\u00e9 pochopenie projektov\u00fdch o\u010dak\u00e1van\u00ed<\/li>\r\n\t<li>\u00da\u010dastn\u00edci sa nau\u010dia ako riadi\u0165 pr\u00e1cu a\u00a0efekt\u00edvnej\u0161ie komunikova\u0165 s\u00a0t\u00edmom<\/li>\r\n<\/ul>\r\n<p>Zn\u00ed\u017eenie \u010dasu a n\u00e1kladov alokovan\u00fdch na projekt bude v\u00fdsledkom efekt\u00edvnej\u0161ieho a preh\u013eadnej\u0161ieho syst\u00e9mu pl\u00e1novania s aplik\u00e1ciou praktick\u00fdch n\u00e1strojov a procesov projektov\u00e9ho riadenia.<\/p>\r\n<ul>\r\n\t<li>medzin\u00e1rodn\u00e9 \u0161tandardy projektov\u00e9ho mana\u017ementu v prostred\u00ed facility managementu<\/li>\r\n\t<li>po\u010das workshopu pracujete na vlastn\u00fdch &#8211; re\u00e1lnych projektoch<\/li>\r\n\t<li>podpora pri tvorbe n\u00e1vrhu a realiz\u00e1ci\u00ed v\u00e1\u0161ho konkr\u00e9tneho projektu<\/li>\r\n\t<li>systematick\u00fd poh\u013ead na riadenie facility management projektov<\/li>\r\n\t<li>naj\u010dastej\u0161ie chyby na projektoch a ich predch\u00e1dzanie<\/li>\r\n\t<li>inov\u00e1cia a nov\u00fd poh\u013ead na v\u00fdkon facility managementu<\/li>\r\n<\/ul>\r\n<div class=\"columns\">\r\n<h3>Orienta\u010dn\u00e1 agenda workshopu 2-d\u0148ov\u00e9ho workshopu<\/h3>\r\n<p>Agenda je prisp\u00f4soben\u00e1 aktu\u00e1lnej \u00farovni \u00fa\u010dastn\u00edkov a vybran\u00fdm tr\u00e9ningov\u00fdm projektom<\/p>\r\n<p><strong>1. Najnov\u0161ie v\u00fdskumy neurovedy. neurovedy vo firemnom prostred\u00ed s dopadom na \u00faspe\u0161nos\u0165 riadenia projektov<\/strong><br \/>\r\nTOP trendy v mana\u017emente a modern\u00e9 firemn\u00e9 fungovanie<br \/>\r\n<strong>2. Biznis prostredie &#8211; pre\u010do projekty vo Facility managemente?<\/strong><br \/>\r\nzmeny a dynamika modern\u00e9ho biznis prostredia, rast\u00face po\u017eiadavky na efektivitu, produktivitu a r\u00fdchlos\u0165<br \/>\r\n<strong>3. \u010co je projekt, Parametre projektu<\/strong><br \/>\r\nspr\u00e1vne nastavenie rozhrania medzi projektami a l\u00edniov\u00fdmi \u00falohami<br \/>\r\npredpoklady a charakteristika efekt\u00edvneho projektu<br \/>\r\n<strong>4. Projektov\u00fd mana\u017ement a Projektov\u00fd cyklus<\/strong><br \/>\r\ncyklick\u00e1 realiz\u00e1cia projektu, procesn\u00fd poh\u013ead na projekt<br \/>\r\nformy a sp\u00f4soby efekt\u00edvnej realiz\u00e1cie modern\u00fdch projektov<br \/>\r\n<strong>5. Inicializ\u00e1cia projektu<\/strong><br \/>\r\nhranice projektu &#8211; obsahov\u00e9, \u010dasov\u00e9, spolo\u010densk\u00e9<br \/>\r\n\u00favodn\u00e9 zadanie projektu &#8211; definovanie cie\u013eov, ne-cie\u013eov, riz\u00edk, obmedzen\u00ed, predpokladov \u00faspe\u0161nosti<br \/>\r\n<strong>6. Projektov\u00fd 3-uholn\u00edkrozsah a kvalita projektu vs. limity ka\u017ed\u00e9ho projektu: \u010das, zdroje, rozpo\u010det<\/strong><br \/>\r\nadapt\u00e1cia projektu na zmeny po\u010das realiz\u00e1cie projektu<br \/>\r\n<strong>7. Pl\u00e1novanie a riadenie projektu<\/strong><br \/>\r\npl\u00e1novanie projektov\u00fdch aktiv\u00edt (WBS)<br \/>\r\ns\u00favislosti, kotext a rozsah projektov\u00fdch pr\u00e1c, riadenie a kontrola realiz\u00e1cie projektu<br \/>\r\n<strong>8. Pl\u00e1novanie \u010dasu na projekte &#8211; Ganttov diagram<\/strong><br \/>\r\n\u010dasov\u00e9 s\u00favislosti a vz\u00e1jomn\u00e1 \u010dasov\u00e1 prepojenos\u0165 a z\u00e1vislos\u0165 projektov\u00fdch aktiv\u00edt<br \/>\r\nriadenie a monitorovanie \u010dasov\u00e9ho progresu projektu<br \/>\r\n<strong>9. Pl\u00e1novanie zdrojov<\/strong><br \/>\r\npl\u00e1novanie, dostupnos\u0165, vyu\u017eite\u013enos\u0165 a zos\u00faladenie projektov\u00fdch zdrojov<br \/>\r\nefekt\u00edvnos\u0165 vyu\u017eite\u013enosti dostupn\u00fdch zdrojov<br \/>\r\n<strong>10. Ukon\u010denie a odovzdanie projektu<\/strong><br \/>\r\nvyhodnotenie \u00faspe\u0161nosti projektu, odovzdanie do u\u017e\u00edvania, PO-projektov\u00e1 f\u00e1za<br \/>\r\nlessons learned &#8211; pou\u010denia z projektu<\/p>\r\n<\/div>\r\n<\/div>\r\n<\/div>\r\n<p>&nbsp;<\/p>\r\n<p>&nbsp;<\/p>\r\n<div id=\"prihlaska\" style=\"text-align: center;\">\r\n<h2>Prihl\u00e1\u0161ka<\/h2>\r\n<div class=\"formular\" style=\"text-align: left; display: inline-block; margin: 0px auto;\"><div role=\"form\" class=\"wpcf7\" id=\"wpcf7-f5113-o1\" lang=\"sk-SK\" dir=\"ltr\">\n<div class=\"screen-reader-response\"><p role=\"status\" aria-live=\"polite\" aria-atomic=\"true\"><\/p> <ul><\/ul><\/div>\n<form action=\"\/portal\/en\/wp-json\/wp\/v2\/pages\/6649#wpcf7-f5113-o1\" method=\"post\" class=\"wpcf7-form init wpcf7-acceptance-as-validation\" novalidate=\"novalidate\" data-status=\"init\">\n<div style=\"display: none;\">\n<input type=\"hidden\" name=\"_wpcf7\" value=\"5113\" \/>\n<input type=\"hidden\" name=\"_wpcf7_version\" value=\"5.4\" \/>\n<input type=\"hidden\" name=\"_wpcf7_locale\" value=\"sk_SK\" \/>\n<input type=\"hidden\" name=\"_wpcf7_unit_tag\" value=\"wpcf7-f5113-o1\" \/>\n<input type=\"hidden\" name=\"_wpcf7_container_post\" value=\"0\" \/>\n<input type=\"hidden\" name=\"_wpcf7_posted_data_hash\" value=\"\" \/>\n<input type=\"hidden\" name=\"_wpcf7_recaptcha_response\" value=\"\" \/>\n<\/div>\n<p>&nbsp;<\/p>\n<p><b>\u00da\u010dastn\u00edk:<\/b><\/p>\n<p> Meno a priezvisko: <span class=\"wpcf7-form-control-wrap sub-name\"><input type=\"text\" name=\"sub-name\" value=\"\" size=\"40\" class=\"wpcf7-form-control wpcf7-text wpcf7-validates-as-required\" aria-required=\"true\" aria-invalid=\"false\" \/><\/span> <\/p>\n<p> Email: <span class=\"wpcf7-form-control-wrap sub-email\"><input type=\"email\" name=\"sub-email\" value=\"\" size=\"40\" class=\"wpcf7-form-control wpcf7-text wpcf7-email wpcf7-validates-as-required wpcf7-validates-as-email\" aria-required=\"true\" aria-invalid=\"false\" placeholder=\"@\" \/><\/span> <\/p>\n<p> Pracovn\u00e1 poz\u00edcia: <span class=\"wpcf7-form-control-wrap sub-work\"><input type=\"text\" name=\"sub-work\" value=\"\" size=\"40\" class=\"wpcf7-form-control wpcf7-text wpcf7-validates-as-required\" aria-required=\"true\" aria-invalid=\"false\" \/><\/span> <\/p>\n<p> Telefonick\u00fd kontakt: <span class=\"wpcf7-form-control-wrap sub-phone\"><input type=\"tel\" name=\"sub-phone\" value=\"+421\" size=\"40\" class=\"wpcf7-form-control wpcf7-text wpcf7-tel wpcf7-validates-as-required wpcf7-validates-as-tel\" aria-required=\"true\" aria-invalid=\"false\" \/><\/span> <\/p>\n<p>&nbsp;<\/p>\n<p><b>Faktura\u010dn\u00e9 \u00fadaje:<\/b><\/p>\n<p><span id=\"wpcf7-69e2fbe7c1bc3-wrapper\" class=\"wpcf7-form-control-wrap emailstag-wrap\" style=\"display:none !important; visibility:hidden !important;\"><label for=\"wpcf7-69e2fbe7c1bc3-field\" class=\"hp-message\">Please leave this field empty.<\/label><input id=\"wpcf7-69e2fbe7c1bc3-field\"  class=\"wpcf7-form-control wpcf7-text\" type=\"text\" name=\"emailstag\" value=\"\" size=\"40\" tabindex=\"-1\" autocomplete=\"new-password\" \/><\/span><\/p>\n<p> <span class=\"wpcf7-form-control-wrap type-invoice\"><span class=\"wpcf7-form-control wpcf7-radio\"><span class=\"wpcf7-list-item first\"><input type=\"radio\" name=\"type-invoice\" value=\"Pr\u00e1vnick\u00e1 osoba\" checked=\"checked\" \/><span class=\"wpcf7-list-item-label\">Pr\u00e1vnick\u00e1 osoba<\/span><\/span><span class=\"wpcf7-list-item last\"><input type=\"radio\" name=\"type-invoice\" value=\"Fyzick\u00e1 osoba\" \/><span class=\"wpcf7-list-item-label\">Fyzick\u00e1 osoba<\/span><\/span><\/span><\/span><\/p>\n<p>&nbsp;<\/p>\n<p> N\u00e1zov \/ Meno a priezvisko: <span class=\"wpcf7-form-control-wrap inv-name\"><input type=\"text\" name=\"inv-name\" value=\"\" size=\"40\" class=\"wpcf7-form-control wpcf7-text wpcf7-validates-as-required\" aria-required=\"true\" aria-invalid=\"false\" \/><\/span> <\/p>\n<p> Adresa (ulica, PS\u010c, mesto): <span class=\"wpcf7-form-control-wrap inv-address\"><input type=\"text\" name=\"inv-address\" value=\"\" size=\"40\" class=\"wpcf7-form-control wpcf7-text wpcf7-validates-as-required\" aria-required=\"true\" aria-invalid=\"false\" \/><\/span> <\/p>\n<p> Bankov\u00e9 spojenie: <span class=\"wpcf7-form-control-wrap inv-bank\"><input type=\"text\" name=\"inv-bank\" value=\"\" size=\"40\" class=\"wpcf7-form-control wpcf7-text wpcf7-validates-as-required\" aria-required=\"true\" aria-invalid=\"false\" \/><\/span> <\/p>\n<p> Telefonick\u00fd kontakt: <span class=\"wpcf7-form-control-wrap inv-phone\"><input type=\"tel\" name=\"inv-phone\" value=\"+421\" size=\"40\" class=\"wpcf7-form-control wpcf7-text wpcf7-tel wpcf7-validates-as-required wpcf7-validates-as-tel\" aria-required=\"true\" aria-invalid=\"false\" \/><\/span> <\/p>\n<p>&nbsp;<\/p>\n<p> V pr\u00edpade pr\u00e1vnickej osoby pros\u00edm vypl\u0148te aj: <\/p>\n<p>&nbsp;<\/p>\n<p> I\u010cO: <span class=\"wpcf7-form-control-wrap inv-ico\"><input type=\"text\" name=\"inv-ico\" value=\"\" size=\"40\" class=\"wpcf7-form-control wpcf7-text\" aria-invalid=\"false\" \/><\/span> <\/p>\n<p> DI\u010c: <span class=\"wpcf7-form-control-wrap inv-dic\"><input type=\"text\" name=\"inv-dic\" value=\"\" size=\"40\" class=\"wpcf7-form-control wpcf7-text\" aria-invalid=\"false\" \/><\/span> <\/p>\n<p> I\u010c DPH: <span class=\"wpcf7-form-control-wrap inv-icdph\"><input type=\"text\" name=\"inv-icdph\" value=\"\" size=\"40\" class=\"wpcf7-form-control wpcf7-text\" aria-invalid=\"false\" \/><\/span> <\/p>\n<p><span class=\"wpcf7-form-control-wrap acceptance-830\"><span class=\"wpcf7-form-control wpcf7-acceptance\"><span class=\"wpcf7-list-item\"><label><input type=\"checkbox\" name=\"acceptance-830\" value=\"1\" aria-invalid=\"false\" \/><span class=\"wpcf7-list-item-label\"><span class=\"akceptujem\">Odoslan\u00edm formul\u00e1ra potvrdzujete, \u017ee ste si pre\u010d\u00edtali a porozumeli ste z\u00e1sad\u00e1m sprac\u00favania\nosobn\u00fdch \u00fadajov prev\u00e1dzkovate\u013eom, <a target=\"_blank\" href=\"http:\/\/safm.sk\/portal\/ochrana-osobnych-udajov\/\">ktor\u00e9 s\u00fa dostupn\u00e9 tu<\/a><\/span><\/span><\/label><\/span><\/span><\/span><\/p>\n<p><span class=\"wpcf7-form-control-wrap acceptance-831\"><span class=\"wpcf7-form-control wpcf7-acceptance\"><span class=\"wpcf7-list-item\"><label><input type=\"checkbox\" name=\"acceptance-831\" value=\"1\" aria-invalid=\"false\" \/><span class=\"wpcf7-list-item-label\"><span class=\"akceptujem\">S\u00fahlas\u00edm so spracovan\u00edm osobn\u00fdch \u00fadajov a zverejnen\u00edm fotografi\u00ed a video z\u00e1znamov zhotoven\u00fdch na online workshope zachyt\u00e1vaj\u00facich moju podobize\u0148. Svoj s\u00fahlas so spracovan\u00edm \u00fadajov ude\u013eujem dobrovo\u013ene v zmysle \u00a7 13 ods. (1) p\u00edsm. a) Z\u00e1kona \u010d. 18\/2018 Zz. o ochrane osobn\u00fdch \u00fadajov ako aj Nariadenia E\u00da 2016\/679 za \u00fa\u010delom ich \u010fal\u0161ieho spracovania a zverejnenia na odborn\u00e9 pou\u017e\u00edvanie a propag\u00e1ciu \u010dinnosti Firmy. Z\u00e1rove\u0148 t\u00fdm beriem na vedomie d\u00f4vod spracovania a zverejnenia vyhotoven\u00fdch fotografi\u00ed a video z\u00e1znamov a som si vedom\u00fd svojich pr\u00e1v v zmysle \u00a7 21 a\u017e 27, \u00a7 100 ako aj mo\u017enosti svoj s\u00fahlas odvola\u0165 p\u00edsomne na adresu Firmy.<\/span><\/span><\/label><\/span><\/span><\/span><\/p>\n<div class=\"recaptcha\">\n\n<\/div>\n<p><input type=\"submit\" value=\"Odo\u0161li\" class=\"wpcf7-form-control wpcf7-submit\" \/><\/p>\n<p style=\"display: none !important;\"><label>&#916;<textarea name=\"_wpcf7_ak_hp_textarea\" cols=\"45\" rows=\"8\" maxlength=\"100\"><\/textarea><\/label><input type=\"hidden\" id=\"ak_js\" name=\"_wpcf7_ak_js\" value=\"226\"\/><script>document.getElementById( \"ak_js\" ).setAttribute( \"value\", ( new Date() ).getTime() );<\/script><\/p><div class=\"wpcf7-response-output\" aria-hidden=\"true\"><\/div><input type=\"hidden\" value=\"no\" id=\"cf7-calculator-enable\" ><input type=\"hidden\" value=\"2\" id=\"cf7-calculator-decimals\" ><input type=\"hidden\" value=\".\" id=\"cf7-calculator-separator\" ><input type=\"hidden\" value=\",\" id=\"cf7-calculator-thousand\" ><input type=\"hidden\" value=\"yes\" id=\"cf7-calculator-right\" ><input type=\"hidden\" value=\"\" id=\"cf7-calculator-currency\" ><input type=\"hidden\" value=\"left\" id=\"cf7-calculator-currency_position\" >\n            <style type=\"text\/css\" >\n                .cf7-hide {\n                    display: none !important;\n                }\n                .cf7-calculated-name {\n                    width: 100%;\n                    display: inline-block;\n                }\n            <\/style>\n            <style type=\"text\/css\" >\n                .ctf7-total, .cf7-calculated-name {\n                    text-align: right !important;\n                }\n\n            <\/style><\/form><\/div><\/div>\r\n<\/div>","protected":false},"excerpt":{"rendered":"Projektov\u00fd mana\u017eement pre Facility Management vo Verejnej spr\u00e1ve Cukrov\u00e1 14, Bratislava &nbsp; Upozor\u0148ujeme uch\u00e1dza\u010dov, \u017ee pre \u00fa\u010das\u0165 na \u0161kolen\u00ed je potrebn\u00fd negat\u00edvny test na COVID-19 z d\u00f4vodu s\u00fa\u010dasn\u00fdch pandemick\u00fdch opatren\u00ed. &nbsp; Uzatvoren\u00e9 firemn\u00e9 \u0161kolenie 28. 1. 2021 je u\u017e obsaden\u00e9 &nbsp; Presn\u00fd term\u00edn pre otvoren\u00e9 \u0161kolenie vo febru\u00e1ri zverejn\u00edme \u010doskoro &nbsp; &nbsp; &nbsp; Trvanie \u0161kolenia: &hellip; <a href=\"https:\/\/safm.sk\/portal\/en\/projektovy-manazment-pre-facility-management\/\" class=\"more-link\">Continue reading <span class=\"screen-reader-text\">Projektov\u00fd mana\u017ement pre Facility management<\/span> <span class=\"meta-nav\">&rarr;<\/span><\/a>","protected":false},"author":65,"featured_media":0,"parent":0,"menu_order":0,"comment_status":"closed","ping_status":"closed","template":"temp-22.php","meta":[],"_links":{"self":[{"href":"https:\/\/safm.sk\/portal\/en\/wp-json\/wp\/v2\/pages\/6649"}],"collection":[{"href":"https:\/\/safm.sk\/portal\/en\/wp-json\/wp\/v2\/pages"}],"about":[{"href":"https:\/\/safm.sk\/portal\/en\/wp-json\/wp\/v2\/types\/page"}],"author":[{"embeddable":true,"href":"https:\/\/safm.sk\/portal\/en\/wp-json\/wp\/v2\/users\/65"}],"replies":[{"embeddable":true,"href":"https:\/\/safm.sk\/portal\/en\/wp-json\/wp\/v2\/comments?post=6649"}],"version-history":[{"count":1,"href":"https:\/\/safm.sk\/portal\/en\/wp-json\/wp\/v2\/pages\/6649\/revisions"}],"predecessor-version":[{"id":6660,"href":"https:\/\/safm.sk\/portal\/en\/wp-json\/wp\/v2\/pages\/6649\/revisions\/6660"}],"wp:attachment":[{"href":"https:\/\/safm.sk\/portal\/en\/wp-json\/wp\/v2\/media?parent=6649"}],"curies":[{"name":"wp","href":"https:\/\/api.w.org\/{rel}","templated":true}]}}