{"id":6647,"date":"2021-04-18T20:23:06","date_gmt":"2021-04-18T19:23:06","guid":{"rendered":"https:\/\/safm.sk\/portal\/?page_id=6647"},"modified":"2021-04-18T20:23:06","modified_gmt":"2021-04-18T19:23:06","slug":"pan-europska-fm-certifikacia","status":"publish","type":"page","link":"https:\/\/safm.sk\/portal\/en\/pan-europska-fm-certifikacia\/","title":{"rendered":"Pan-eur\u00f3pska FM certifik\u00e1cia"},"content":{"rendered":"<h4>\u00a0<\/h4>\r\n<h4><strong>Prihl\u00e1si\u0165 sa m\u00f4\u017eete prostredn\u00edctvom formul\u00e1ru <a href=\"https:\/\/safm.sk\/portal\/pan-europska-fm-certifikacia-6\/\" target=\"_blank\" rel=\"noopener noreferrer\">Pan-eur\u00f3pska FM Certifik\u00e1cia<\/a> <\/strong><\/h4>\r\n<p>&nbsp;<\/p>\r\n<p>ONLINE FORMOU:\u00a0 ZOOM<\/p>\r\n<p><strong>Pr\u00edpravn\u00fd worshop:\u00a0<\/strong>\u00a0 \u010doskoro prinesieme dostupn\u00e9 term\u00edny<\/p>\r\n<p><strong>Certifik\u00e1cia:\u00a0<\/strong>\u00a0 \u00a0 \u00a0 \u00a0 \u00a0 \u00a0 \u00a0 \u00a0<\/p>\r\n<p>&nbsp;<\/p>\r\n<p>Prv\u00e1 \u00farove\u0148 riadenia facility slu\u017eieb patr\u00ed k najd\u00f4le\u017eitej\u0161\u00edm funkci\u00e1m v FM biznise. Facility mana\u017e\u00e9r tu je prostredn\u00edkom a pojivom medzi u\u017e\u00edvate\u013emi slu\u017eieb, nehnute\u013enos\u0165ou a poskytovan\u00fdmi slu\u017ebami. Mus\u00ed rozumie\u0165 hlavnej \u010dinnosti (core business) odberate\u013eov slu\u017eieb, vedie\u0165 definova\u0165 po\u017eiadavky, organizova\u0165 ako tvrd\u00e9 tak m\u00e4kk\u00e9 slu\u017eby, vedie\u0165 prisp\u00f4sobi\u0165 budovu, FM slu\u017eby a procesy aktu\u00e1lnym miestnym potreb\u00e1m. Mus\u00ed zabezpe\u010di\u0165 vyv\u00e1\u017eenos\u0165 medzi z\u00e1kazn\u00edckou orient\u00e1ciou, n\u00e1kladmi a kvalitou slu\u017eieb. Je pre v\u0161etk\u00fdch \u00fa\u010dastn\u00edkov procesu prvou kontaktnou osobou, \u010dlovekom, ktor\u00fd mus\u00ed vyrie\u0161i\u0165 probl\u00e9my. Jeho z\u00e1kladn\u00fdm cie\u013eom je zabezpe\u010di\u0165 dlhodob\u00fa spokojnos\u0165 a partnersk\u00fd vz\u0165ah so z\u00e1kazn\u00edkom. To v sebe zah\u0155\u0148a spracovanie objedn\u00e1vok, cenov\u00fdch pon\u00fak, rie\u0161enie z\u00e1vad, reporting, koordin\u00e1ciu nespo\u010detn\u00e9ho radu drobn\u00fdch v\u00fdkonov a slu\u017eieb.<\/p>\r\n<p>&nbsp;<\/p>\r\n<p><strong>Pan-eur\u00f3pska certifik\u00e1cia podporuje kvalitn\u00fa dod\u00e1vku slu\u017eieb FM na \u00farovni medzin\u00e1rodn\u00fdch \u0161tandardov.<\/strong><br \/>\r\n\u00a0<\/p>\r\n<p>Certifik\u00e1cia vych\u00e1dza z eur\u00f3pskej normy STN EN 15221-4 &#8211; Facility management &#8211; Kategoriz\u00e1cia, klasifik\u00e1cia a \u0161trukt\u00fary vo facility managemente. Jednotliv\u00e9 oblasti s\u00fa prisp\u00f4soben\u00e9 na slovensk\u00fa legislat\u00edvu a normy a cel\u00fd test je v slovenskom jazyku.<\/p>\r\n<p>&nbsp;<\/p>\r\n<p><strong>Cie\u013eov\u00e1 skupina<\/strong><\/p>\r\n<p>&nbsp;<\/p>\r\n<p>Cie\u013eovou skupinou s\u00fa existuj\u00faci pracovn\u00edci, ktor\u00ed p\u00f4sobia v\u00a0FM na mieste v\u00fdkonu, a\u00a0to rovnako u\u00a0klientov alebo poskytovate\u013eov slu\u017eieb.<\/p>\r\n<p>&nbsp;<\/p>\r\n<ul>\r\n\t<li>\u2013 Facility mana\u017e\u00e9ri, ktor\u00ed chc\u00fa potvrdi\u0165 svoju kvalifik\u00e1ciu.<\/li>\r\n\t<li>\u2013 Poskytovatelia slu\u017eieb, ktor\u00ed sa chc\u00fa odl\u00ed\u0161i\u0165 od konkurencie nie iba cenou, ale aj kvalitou.<\/li>\r\n\t<li>\u2013 Firmy, ktor\u00e9 chc\u00fa ma\u0165 kvalifikovan\u00fdch facility mana\u017e\u00e9rov pre \u00fa\u010dinn\u00e9 riadenie dod\u00e1vate\u013eov slu\u017eieb.<\/li>\r\n<\/ul>\r\n<p>&nbsp;<\/p>\r\n<p>Predpokladom pre absolvovanie certifik\u00e1cie je ukon\u010den\u00e9 stredo\u0161kolsk\u00e9 alebo vysoko\u0161kolsk\u00e9 vzdelanie 1. alebo 2. stup\u0148a a\u00a0primeran\u00e1 sk\u00fasenos\u0165 z\u00a0re\u00e1lnej praxe FM.<\/p>\r\n<p>&nbsp;<\/p>\r\n<p><strong>Organiz\u00e1cia certifik\u00e1cie<\/strong><\/p>\r\n<p>&nbsp;<\/p>\r\n<ul>\r\n\t<li>\u2013 Certifik\u00e1ciu riadi a\u00a0garantuje EuroFM.<\/li>\r\n\t<li>\u2013 SAFM zabezpe\u010duje miestnu organiz\u00e1ciu,\u00a0term\u00edny a\u00a0samotn\u00e9 testy s\u00a0\u00fa\u010dastn\u00edkmi, pri\u010dom dohliada na priebeh.<\/li>\r\n\t<li>\u2013 Test m\u00e1 pribli\u017ene 90 ot\u00e1zok.<\/li>\r\n\t<li>\u2013 Ka\u017ed\u00e1 ot\u00e1zka m\u00e1 viacero odpoved\u00ed ako spr\u00e1vnych tak nespr\u00e1vnych.<\/li>\r\n\t<li>\u2013 Pre \u00faspe\u0161n\u00e9 absolvovanie testu je potrebn\u00e9 z\u00edska\u0165 50% \u00faspe\u0161nos\u0165 odpoved\u00ed.<\/li>\r\n\t<li>\u2013 Test sa realizuje online na serveroch EuroFM, pri\u010dom syst\u00e9m aj vyhodnocuje spr\u00e1vnos\u0165 odpoved\u00ed.<\/li>\r\n\t<li>\u2013 Vlastn\u00e9 notebooky a\u00a0pom\u00f4cky s\u00fa povolen\u00e9, test trv\u00e1 90 min\u00fat.<\/li>\r\n<\/ul>\r\n<p>&nbsp;<\/p>\r\n<p>Certifik\u00e1t je platn\u00fd 3 roky od jeho obdr\u017eania a pred\u013a\u017eenie o \u010fal\u0161ie 3 roky je mo\u017en\u00e9 z\u00edska\u0165 deklar\u00e1ciou aktiv\u00edt\u00a0 a vzdel\u00e1vania v oblasti Facility Managementu. (\u00fa\u010das\u0165 na konferencii, workshope, \u0161kolen\u00ed at\u010f.)<\/p>\r\n<p>&nbsp;<\/p>\r\n<p><strong>Komer\u010dn\u00e1 cena certifik\u00e1cie je 500 EUR bez DPH.<\/strong><\/p>\r\n<p>&nbsp;<\/p>\r\n<p><strong>Aktu\u00e1lne poskytujeme 10% z\u013eavu z komer\u010dnej ceny.<\/strong><\/p>\r\n<p><strong> \u010clenom SAFM poskytujeme 30% z\u013eavu z komer\u010dnej ceny.<br \/>\r\n<\/strong><\/p>\r\n<p>&nbsp;<\/p>\r\n<p><strong>Tabu\u013eka oblast\u00ed a kompetenci\u00ed<\/strong><\/p>\r\n<p>&nbsp;<\/p>\r\n<p><img loading=\"lazy\" title=\"\" src=\"https:\/\/safm.sk\/portal\/wp-content\/uploads\/2016\/08\/paneuropska-certifikacia.png\" sizes=\"(max-width: 636px) 100vw, 636px\" srcset=\"https:\/\/safm.sk\/portal\/wp-content\/uploads\/2016\/08\/paneuropska-certifikacia.png 636w, https:\/\/safm.sk\/portal\/wp-content\/uploads\/2016\/08\/paneuropska-certifikacia-300x248.png 300w\" alt=\"paneuropska-certifikacia\" width=\"636\" height=\"525\" \/><\/p>\r\n<p>&nbsp;<\/p>\r\n<h2>DR\u017dITELIA CERTIFIK\u00c1TOV<\/h2>\r\n<ul style=\"margin-left: 40px;\">\r\n\t<li>Zuzana Fujdiarov\u00e1 <span style=\"float: right;\">Certification No.: 04\/2016\u00a0 dated 10\/2016<\/span><\/li>\r\n\t<li>Martin Re\u0161et\u00e1r<span style=\"float: right;\">Certification No.: 05\/2016\u00a0 dated 10\/2016<\/span><\/li>\r\n\t<li>Michal Vaverka <span style=\"float: right;\">Certification No.: 06\/2016\u00a0 dated 10\/2016<\/span><\/li>\r\n\t<li>Branislav Zubri\u010da\u0148\u00e1k <span style=\"float: right;\">Certification No.: 07\/2016\u00a0 dated 10\/2016<\/span><\/li>\r\n\t<li>Katar\u00edna Pil\u00e1tova <span style=\"float: right;\">Certification No.: 08\/2016\u00a0 dated 12\/2016<!--<span--><\/span><\/li>\r\n\t<li>Jozef Hu\u017ev\u00e1r <span style=\"float: right;\">Certification No.: 09\/2016\u00a0 dated 12\/2016<!--<span--><\/span><\/li>\r\n\t<li>Tom\u00e1\u0161 \u010carn\u00fd <span style=\"float: right;\">Certification No.: 10\/2016\u00a0 dated 12\/2016<!--<span--><\/span><\/li>\r\n\t<li>Jozef Babic <span style=\"float: right;\">Certification No.: 01\/2017\u00a0 dated 03\/2017<!--<span--><\/span><\/li>\r\n\t<li>\u013dubom\u00edr \u0160ivec <span style=\"float: right;\">Certification No.: 02\/2017\u00a0 dated 03\/2017<!--<span--><\/span><\/li>\r\n\t<li>Marek Horsk\u00fd <span style=\"float: right;\">Certification No.: 03\/2017\u00a0 dated 03\/2017<!--<span--><\/span><\/li>\r\n\t<li>Patrik Hnilica<span style=\"float: right;\">Certification No.: 19\/2017\u00a0 dated 06\/2017<\/span><\/li>\r\n\t<li>Jana Kov\u00e1\u010dikov\u00e1<span style=\"float: right;\">Certification No.: 20\/2017\u00a0 dated 06\/2017<\/span><\/li>\r\n\t<li>Tibor Renczes<span style=\"float: right;\">Certification No.: 21\/2017\u00a0 dated 06\/2017<\/span><\/li>\r\n\t<li>Hilda Hal\u00e1sov\u00e1<span style=\"float: right;\">Certification No.: 14\/2017\u00a0 dated 06\/2017<\/span><\/li>\r\n\t<li>Kamila Machovi\u010dov\u00e1<span style=\"float: right;\">Certification No.: 15\/2017\u00a0 dated 06\/2017<\/span><\/li>\r\n\t<li>Bianka \u017dit\u0148anov\u00e1<span style=\"float: right;\">Certification No.: 16\/2017\u00a0 dated 06\/2017<\/span><\/li>\r\n\t<li>Michal Ju\u0159en\u010d\u00e1k<span style=\"float: right;\">Certification No.: 17\/2017\u00a0 dated 06\/2017<\/span><\/li>\r\n\t<li>Ondrej Ako<span style=\"float: right;\">Certification No.: 18\/2017\u00a0 dated 06\/2017<\/span><\/li>\r\n\t<li>Miroslav Such\u00e1nek<span style=\"float: right;\">Certification No.: 22\/2017\u00a0 dated 11\/2017<\/span><\/li>\r\n\t<li>Filip Argay<span style=\"float: right;\">Certification No. :01\/2020\u00a0 dated 02\/2020<\/span><\/li>\r\n\t<li>Peter Vodr\u00e1\u0161ka<span style=\"float: right;\">Certification No.: 02\/2020\u00a0 dated 02\/2020<\/span><\/li>\r\n<\/ul>\r\n<p>&nbsp;<\/p>\r\n","protected":false},"excerpt":{"rendered":"\u00a0 Prihl\u00e1si\u0165 sa m\u00f4\u017eete prostredn\u00edctvom formul\u00e1ru Pan-eur\u00f3pska FM Certifik\u00e1cia &nbsp; ONLINE FORMOU:\u00a0 ZOOM Pr\u00edpravn\u00fd worshop:\u00a0\u00a0 \u010doskoro prinesieme dostupn\u00e9 term\u00edny Certifik\u00e1cia:\u00a0\u00a0 \u00a0 \u00a0 \u00a0 \u00a0 \u00a0 \u00a0 \u00a0 &nbsp; Prv\u00e1 \u00farove\u0148 riadenia facility slu\u017eieb patr\u00ed k najd\u00f4le\u017eitej\u0161\u00edm funkci\u00e1m v FM biznise. Facility mana\u017e\u00e9r tu je prostredn\u00edkom a pojivom medzi u\u017e\u00edvate\u013emi slu\u017eieb, nehnute\u013enos\u0165ou a poskytovan\u00fdmi slu\u017ebami. Mus\u00ed &hellip; <a href=\"https:\/\/safm.sk\/portal\/en\/pan-europska-fm-certifikacia\/\" class=\"more-link\">Continue reading <span class=\"screen-reader-text\">Pan-eur\u00f3pska FM certifik\u00e1cia<\/span> <span class=\"meta-nav\">&rarr;<\/span><\/a>","protected":false},"author":65,"featured_media":0,"parent":0,"menu_order":0,"comment_status":"closed","ping_status":"closed","template":"page-templates\/template_20-certifikacia.php","meta":[],"_links":{"self":[{"href":"https:\/\/safm.sk\/portal\/en\/wp-json\/wp\/v2\/pages\/6647"}],"collection":[{"href":"https:\/\/safm.sk\/portal\/en\/wp-json\/wp\/v2\/pages"}],"about":[{"href":"https:\/\/safm.sk\/portal\/en\/wp-json\/wp\/v2\/types\/page"}],"author":[{"embeddable":true,"href":"https:\/\/safm.sk\/portal\/en\/wp-json\/wp\/v2\/users\/65"}],"replies":[{"embeddable":true,"href":"https:\/\/safm.sk\/portal\/en\/wp-json\/wp\/v2\/comments?post=6647"}],"version-history":[{"count":1,"href":"https:\/\/safm.sk\/portal\/en\/wp-json\/wp\/v2\/pages\/6647\/revisions"}],"predecessor-version":[{"id":6658,"href":"https:\/\/safm.sk\/portal\/en\/wp-json\/wp\/v2\/pages\/6647\/revisions\/6658"}],"wp:attachment":[{"href":"https:\/\/safm.sk\/portal\/en\/wp-json\/wp\/v2\/media?parent=6647"}],"curies":[{"name":"wp","href":"https:\/\/api.w.org\/{rel}","templated":true}]}}