{"id":6643,"date":"2021-04-18T20:22:10","date_gmt":"2021-04-18T19:22:10","guid":{"rendered":"https:\/\/safm.sk\/portal\/?page_id=6643"},"modified":"2021-04-18T20:22:10","modified_gmt":"2021-04-18T19:22:10","slug":"contact","status":"publish","type":"page","link":"https:\/\/safm.sk\/portal\/en\/contact\/","title":{"rendered":"Contact"},"content":{"rendered":"<div class=\"kontakt\">\r\n<p><strong>SLOVENSK\u00c1 ASOCI\u00c1CIA FACILITY MANAGEMENTU<\/strong><br \/><br \/>\r\n\r\nCukrov\u00e1 14<br \/>\r\n811\u00a008 Bratislava<br \/>\r\nSlovakia<br \/>\r\nPhone: +421 903 755 600<br \/> I\u010cO: 42 170 583<\/p>\r\n<p>DI\u010c:<span style=\"font-size:18px\">&nbsp;<\/span><span style='line-height: 1.5'>2023520114<\/span><\/p>\r\n<p><br \/>\r\n\r\nBank account: SK57 1100 0000 0026 2873 5853<br \/><br \/>\r\n\r\ne-mail: <a href=\"mailto:safm@safm.sk\">safm&#64;safm.sk<\/a><\/p>\r\n<\/div>\r\n<h2 class=\"margin-top\">Leave us a message<\/h2>\r\n<div class=\"formular left\"><div role=\"form\" class=\"wpcf7\" id=\"wpcf7-f954-o1\" lang=\"sk-SK\" dir=\"ltr\">\n<div class=\"screen-reader-response\"><p role=\"status\" aria-live=\"polite\" aria-atomic=\"true\"><\/p> <ul><\/ul><\/div>\n<form action=\"\/portal\/en\/wp-json\/wp\/v2\/pages\/6643#wpcf7-f954-o1\" method=\"post\" class=\"wpcf7-form init wpcf7-acceptance-as-validation\" novalidate=\"novalidate\" data-status=\"init\">\n<div style=\"display: none;\">\n<input type=\"hidden\" name=\"_wpcf7\" value=\"954\" \/>\n<input type=\"hidden\" name=\"_wpcf7_version\" value=\"5.4\" \/>\n<input type=\"hidden\" name=\"_wpcf7_locale\" value=\"sk_SK\" \/>\n<input type=\"hidden\" name=\"_wpcf7_unit_tag\" value=\"wpcf7-f954-o1\" \/>\n<input type=\"hidden\" name=\"_wpcf7_container_post\" value=\"0\" \/>\n<input type=\"hidden\" name=\"_wpcf7_posted_data_hash\" value=\"\" \/>\n<input type=\"hidden\" name=\"_wpcf7_recaptcha_response\" value=\"\" \/>\n<\/div>\n<p><span class=\"wpcf7-form-control-wrap your-name\"><input type=\"text\" name=\"your-name\" value=\"\" size=\"40\" class=\"wpcf7-form-control wpcf7-text wpcf7-validates-as-required\" aria-required=\"true\" aria-invalid=\"false\" placeholder=\"Name\" \/><\/span> <\/p>\n<p><span class=\"wpcf7-form-control-wrap your-email\"><input type=\"email\" name=\"your-email\" value=\"\" size=\"40\" class=\"wpcf7-form-control wpcf7-text wpcf7-email wpcf7-validates-as-required wpcf7-validates-as-email\" aria-required=\"true\" aria-invalid=\"false\" placeholder=\"Email\" \/><\/span> <\/p>\n<p><span id=\"wpcf7-69e30ee02dbc6-wrapper\" class=\"wpcf7-form-control-wrap emailstag-wrap\" style=\"display:none !important; visibility:hidden !important;\"><label for=\"wpcf7-69e30ee02dbc6-field\" class=\"hp-message\">Please leave this field empty.<\/label><input id=\"wpcf7-69e30ee02dbc6-field\"  class=\"wpcf7-form-control wpcf7-text\" type=\"text\" name=\"emailstag\" value=\"\" size=\"40\" tabindex=\"-1\" autocomplete=\"new-password\" \/><\/span><\/p>\n<p><span class=\"wpcf7-form-control-wrap your-message\"><textarea name=\"your-message\" cols=\"40\" rows=\"10\" class=\"wpcf7-form-control wpcf7-textarea\" aria-invalid=\"false\" placeholder=\"Message\"><\/textarea><\/span> <\/p>\n<div class=\"recaptcha\">\n\n<\/div>\n<div class=\"akceptacia\">\n<span class=\"wpcf7-form-control-wrap acceptance-830\"><span class=\"wpcf7-form-control wpcf7-acceptance\"><span class=\"wpcf7-list-item\"><label><input type=\"checkbox\" name=\"acceptance-830\" value=\"1\" aria-invalid=\"false\" \/><span class=\"wpcf7-list-item-label\"><span class=\"akceptujem\">By submitting the form, you confirm that you have read and understood the processing principles of personal data. <a target=\"_blank\" href=\"http:\/\/safm.sk\/portal\/ochrana-osobnych-udajov\/\">Available here.<\/a><\/span><\/span><\/label><\/span><\/span><\/span><\/p>\n<\/div>\n<p><input type=\"submit\" value=\"Send\" class=\"wpcf7-form-control wpcf7-submit\" \/><\/p>\n<p style=\"display: none !important;\"><label>&#916;<textarea name=\"_wpcf7_ak_hp_textarea\" cols=\"45\" rows=\"8\" maxlength=\"100\"><\/textarea><\/label><input type=\"hidden\" id=\"ak_js\" name=\"_wpcf7_ak_js\" value=\"113\"\/><script>document.getElementById( \"ak_js\" ).setAttribute( \"value\", ( new Date() ).getTime() );<\/script><\/p><div class=\"wpcf7-response-output\" aria-hidden=\"true\"><\/div><input type=\"hidden\" value=\"no\" id=\"cf7-calculator-enable\" ><input type=\"hidden\" value=\"2\" id=\"cf7-calculator-decimals\" ><input type=\"hidden\" value=\".\" id=\"cf7-calculator-separator\" ><input type=\"hidden\" value=\",\" id=\"cf7-calculator-thousand\" ><input type=\"hidden\" value=\"yes\" id=\"cf7-calculator-right\" ><input type=\"hidden\" value=\"\" id=\"cf7-calculator-currency\" ><input type=\"hidden\" value=\"left\" id=\"cf7-calculator-currency_position\" >\n            <style type=\"text\/css\" >\n                .cf7-hide {\n                    display: none !important;\n                }\n                .cf7-calculated-name {\n                    width: 100%;\n                    display: inline-block;\n                }\n            <\/style>\n            <style type=\"text\/css\" >\n                .ctf7-total, .cf7-calculated-name {\n                    text-align: right !important;\n                }\n\n            <\/style><\/form><\/div><\/div>","protected":false},"excerpt":{"rendered":"SLOVENSK\u00c1 ASOCI\u00c1CIA FACILITY MANAGEMENTU Cukrov\u00e1 14 811\u00a008 Bratislava Slovakia Phone: +421 903 755 600 I\u010cO: 42 170 583 DI\u010c:&nbsp;2023520114 Bank account: SK57 1100 0000 0026 2873 5853 e-mail: safm&#64;safm.sk Leave us a message","protected":false},"author":65,"featured_media":0,"parent":0,"menu_order":0,"comment_status":"closed","ping_status":"closed","template":"","meta":[],"_links":{"self":[{"href":"https:\/\/safm.sk\/portal\/en\/wp-json\/wp\/v2\/pages\/6643"}],"collection":[{"href":"https:\/\/safm.sk\/portal\/en\/wp-json\/wp\/v2\/pages"}],"about":[{"href":"https:\/\/safm.sk\/portal\/en\/wp-json\/wp\/v2\/types\/page"}],"author":[{"embeddable":true,"href":"https:\/\/safm.sk\/portal\/en\/wp-json\/wp\/v2\/users\/65"}],"replies":[{"embeddable":true,"href":"https:\/\/safm.sk\/portal\/en\/wp-json\/wp\/v2\/comments?post=6643"}],"version-history":[{"count":1,"href":"https:\/\/safm.sk\/portal\/en\/wp-json\/wp\/v2\/pages\/6643\/revisions"}],"predecessor-version":[{"id":6654,"href":"https:\/\/safm.sk\/portal\/en\/wp-json\/wp\/v2\/pages\/6643\/revisions\/6654"}],"wp:attachment":[{"href":"https:\/\/safm.sk\/portal\/en\/wp-json\/wp\/v2\/media?parent=6643"}],"curies":[{"name":"wp","href":"https:\/\/api.w.org\/{rel}","templated":true}]}}