{"id":6568,"date":"2021-04-18T19:47:15","date_gmt":"2021-04-18T18:47:15","guid":{"rendered":"https:\/\/safm.sk\/portal\/?page_id=6568"},"modified":"2021-04-18T19:47:15","modified_gmt":"2021-04-18T18:47:15","slug":"annual-reports","status":"publish","type":"page","link":"https:\/\/safm.sk\/portal\/en\/about-us\/annual-reports\/","title":{"rendered":"Annual reports"},"content":{"rendered":"\r\n<p><p>\r\n\t&nbsp;\r\n<\/p>\r\n<p>\r\n\tTu si m\u00f4\u017eete stiahnu\u0165 na\u0161e v\u00fdro\u010dn\u00e9 spr\u00e1vy vo form\u00e1te PDF.\r\n<\/p>\r\n<p>\r\n\t&nbsp;\r\n<\/p>\r\n<p>\r\n\t&nbsp;\r\n<\/p>\r\n<\/p>\r\n<p><\/p>\r\n","protected":false},"excerpt":{"rendered":"&nbsp; Tu si m\u00f4\u017eete stiahnu\u0165 na\u0161e v\u00fdro\u010dn\u00e9 spr\u00e1vy vo form\u00e1te PDF. &nbsp; &nbsp;","protected":false},"author":65,"featured_media":0,"parent":6557,"menu_order":0,"comment_status":"closed","ping_status":"closed","template":"page-templates\/template_03.php","meta":[],"_links":{"self":[{"href":"https:\/\/safm.sk\/portal\/en\/wp-json\/wp\/v2\/pages\/6568"}],"collection":[{"href":"https:\/\/safm.sk\/portal\/en\/wp-json\/wp\/v2\/pages"}],"about":[{"href":"https:\/\/safm.sk\/portal\/en\/wp-json\/wp\/v2\/types\/page"}],"author":[{"embeddable":true,"href":"https:\/\/safm.sk\/portal\/en\/wp-json\/wp\/v2\/users\/65"}],"replies":[{"embeddable":true,"href":"https:\/\/safm.sk\/portal\/en\/wp-json\/wp\/v2\/comments?post=6568"}],"version-history":[{"count":1,"href":"https:\/\/safm.sk\/portal\/en\/wp-json\/wp\/v2\/pages\/6568\/revisions"}],"predecessor-version":[{"id":6599,"href":"https:\/\/safm.sk\/portal\/en\/wp-json\/wp\/v2\/pages\/6568\/revisions\/6599"}],"up":[{"embeddable":true,"href":"https:\/\/safm.sk\/portal\/en\/wp-json\/wp\/v2\/pages\/6557"}],"wp:attachment":[{"href":"https:\/\/safm.sk\/portal\/en\/wp-json\/wp\/v2\/media?parent=6568"}],"curies":[{"name":"wp","href":"https:\/\/api.w.org\/{rel}","templated":true}]}}