{"id":6561,"date":"2021-04-18T19:37:31","date_gmt":"2021-04-18T18:37:31","guid":{"rendered":"https:\/\/safm.sk\/portal\/?page_id=6561"},"modified":"2021-04-18T19:37:31","modified_gmt":"2021-04-18T18:37:31","slug":"our-partners","status":"publish","type":"page","link":"https:\/\/safm.sk\/portal\/en\/about-us\/our-partners\/","title":{"rendered":"Our partners"},"content":{"rendered":"\r\n<ul class=\"clenovia pravnicke partneri\">\r\n<li>\r\n\t\t<br \/>\r\n\t\t<a href=\"https:\/\/www.eurofm.org\" target=\"_blank\" rel=\"noopener noreferrer\"><img loading=\"lazy\" alt=\"EuroFM logo\" class=\"alignnone size-medium wp-image-215\" height=\"125\" src=\"https:\/\/safm.sk\/portal\/wp-content\/uploads\/2016\/04\/EuroFM-new-logo1-300x133.gif\" width=\"300\" \/><\/a><\/p>\r\n<p>\r\n\t\t\t&nbsp;\r\n\t\t<\/p>\r\n<p>\r\n\t\t\t&nbsp;\r\n\t\t<\/p>\r\n<p>\r\n\t\t\t&nbsp;\r\n\t\t<\/p>\r\n<p>\r\n\t\t\t&nbsp;\r\n\t\t<\/p>\r\n<p>\r\n\t\t\t&nbsp;\r\n\t\t<\/p>\r\n<h3>\r\n\t\t\tEur\u00f3pska organiz\u00e1cia na platforme facility managementu zdru\u017euje \u010dlenov z 23 kraj\u00edn cel\u00e9ho kontinentu.<br \/>\r\n\t\t\t<a href=\"http:\/\/www.eurofm.org\/\" target=\"_blank\" rel=\"noopener noreferrer\">www.eurofm.org<\/a><br \/>\r\n\t\t<\/h3>\r\n<\/li>\r\n<li>\r\n\t\t<br \/>\r\n\t\t<a href=\"https:\/\/www.ifma.org\" target=\"_blank\" rel=\"noopener noreferrer\"><img loading=\"lazy\" alt=\"IFMA logo\" class=\"alignnone size-medium wp-image-215\" height=\"125\" src=\"http:\/\/safm.sk\/portal\/wp-content\/uploads\/2016\/04\/ifma_90-300x82.png\" width=\"300\" \/><\/a><\/p>\r\n<p>\r\n\t\t\t&nbsp;\r\n\t\t<\/p>\r\n<p>\r\n\t\t\t&nbsp;\r\n\t\t<\/p>\r\n<p>\r\n\t\t\t&nbsp;\r\n\t\t<\/p>\r\n<p>\r\n\t\t\t&nbsp;\r\n\t\t<\/p>\r\n<p>\r\n\t\t\t&nbsp;\r\n\t\t<\/p>\r\n<p>\r\n\t\t\tIFMA is the world&#8217;s largest and most widely recognized international association for&nbsp;professional facility management.\r\n\t\t<\/p>\r\n<h3>\r\n\t\t\t<br \/>\r\n\t\t\t<a href=\"https:\/\/www.ifma.org\" target=\"_blank\" rel=\"noopener noreferrer\">www.IFMA.org<\/a><br \/>\r\n\t\t<\/h3>\r\n<\/li>\r\n<li>\r\n\t\t<br \/>\r\n\t\t<a href=\"https:\/\/www.ifma.cz\" target=\"_blank\" rel=\"noopener noreferrer\"><img loading=\"lazy\" alt=\"IFMA logo\" class=\"alignnone size-medium wp-image-215\" height=\"125\" src=\"http:\/\/safm.sk\/portal\/wp-content\/uploads\/2016\/04\/mw_ifma_logo.png\" width=\"300\" \/><\/a><\/p>\r\n<p>\r\n\t\t\t&nbsp;\r\n\t\t<\/p>\r\n<p>\r\n\t\t\t&nbsp;\r\n\t\t<\/p>\r\n<p>\r\n\t\t\t&nbsp;\r\n\t\t<\/p>\r\n<p>\r\n\t\t\t&nbsp;\r\n\t\t<\/p>\r\n<p>\r\n\t\t\t&nbsp;\r\n\t\t<\/p>\r\n<h3>\r\n\t\t\t\u010cesk\u00e1 pobo\u010dka medzin\u00e1rodnej profesijnej organiz\u00e1cie IFMA vznikla v roku 2000.<br \/>\r\n\t\t\t<a href=\"https:\/\/www.ifma.cz\" target=\"_blank\" rel=\"noopener noreferrer\">www.IFMA.cz<\/a><br \/>\r\n\t\t<\/h3>\r\n<\/li>\r\n<li>\r\n\t\t<br \/>\r\n\t\t<a href=\"http:\/\/www.sstp.sk\/\" target=\"_blank\" rel=\"noopener noreferrer\"><img loading=\"lazy\" alt=\"SSTP logo\" class=\"alignnone size-medium wp-image-215\" height=\"125\" src=\"http:\/\/safm.sk\/portal\/wp-content\/uploads\/2016\/04\/logo-sstp-2.png\" width=\"300\" \/><\/a><\/p>\r\n<p>\r\n\t\t\t&nbsp;\r\n\t\t<\/p>\r\n<p>\r\n\t\t\t&nbsp;\r\n\t\t<\/p>\r\n<p>\r\n\t\t\t&nbsp;\r\n\t\t<\/p>\r\n<p>\r\n\t\t\t&nbsp;\r\n\t\t<\/p>\r\n<p>\r\n\t\t\t&nbsp;\r\n\t\t<\/p>\r\n<p>\r\n\t\t\tSlovak Society for Environmental Technology&nbsp;<strong>(SSTP)<\/strong> is a voluntary association that brings&nbsp;together scientists and engineers in the area of creating and protecting the environment.\r\n\t\t<\/p>\r\n<h3>\r\n\t\t\t<br \/>\r\n\t\t\t<a href=\"http:\/\/www.sstp.sk\/\" target=\"_blank\" rel=\"noopener noreferrer\">www.SSTP.sk<\/a><br \/>\r\n\t\t<\/h3>\r\n<\/li>\r\n<li>\r\n\t\t<br \/>\r\n\t\t<a href=\"http:\/\/www.facilitymanager.cz\" target=\"_blank\" rel=\"noopener noreferrer\"><img loading=\"lazy\" alt=\"Facility Manager logo\" class=\"alignnone size-medium wp-image-215\" height=\"125\" src=\"https:\/\/safm.sk\/portal\/wp-content\/uploads\/2016\/04\/logo-facilitymanager-300x63.png\" width=\"300\" \/><\/a><\/p>\r\n<p>\r\n\t\t\t&nbsp;\r\n\t\t<\/p>\r\n<p>\r\n\t\t\t&nbsp;\r\n\t\t<\/p>\r\n<p>\r\n\t\t\t&nbsp;\r\n\t\t<\/p>\r\n<p>\r\n\t\t\t&nbsp;\r\n\t\t<\/p>\r\n<p>\r\n\t\t\t&nbsp;\r\n\t\t<\/p>\r\n<p>\r\n\t\t\tFacility Manager is the only professional&nbsp;<strong>magazine<\/strong> on the Czech market, which systematically&nbsp;deals with the problem of facility management.\r\n\t\t<\/p>\r\n<h3>\r\n\t\t\t<br \/>\r\n\t\t\t<a href=\"http:\/\/www.facilitymanager.cz\" target=\"_blank\" rel=\"noopener noreferrer\">www.FacilityManager.cz<\/a><br \/>\r\n\t\t<\/h3>\r\n<\/li>\r\n<li>\r\n\t\t<br \/>\r\n\t\t<a href=\"http:\/\/www.jaga.sk\" target=\"_blank\" rel=\"noopener noreferrer\"><img loading=\"lazy\" alt=\"Jaga logo\" class=\"alignnone size-medium wp-image-215\" height=\"125\" src=\"http:\/\/safm.sk\/portal\/wp-content\/uploads\/2016\/04\/Jaga.png\" width=\"300\" \/><\/a><\/p>\r\n<p>\r\n\t\t\t&nbsp;\r\n\t\t<\/p>\r\n<p>\r\n\t\t\t&nbsp;\r\n\t\t<\/p>\r\n<p>\r\n\t\t\t&nbsp;\r\n\t\t<\/p>\r\n<p>\r\n\t\t\t&nbsp;\r\n\t\t<\/p>\r\n<p>\r\n\t\t\t&nbsp;\r\n\t\t<\/p>\r\n<h3>\r\n\t\t\tVydavate\u013estvo JAGA vyd\u00e1va dev\u00e4\u0165 \u010dasopiseck\u00fdch titulov, medzi ktor\u00fdmi je p\u00e4\u0165 ur\u010den\u00fdch pre odborn\u00edkov z oblasti stavebn\u00edctva a architekt\u00fary.<br \/>\r\n\t\t\t<a href=\"http:\/\/www.jaga.sk\" target=\"_blank\" rel=\"noopener noreferrer\">www.jaga.sk<\/a><br \/>\r\n\t\t<\/h3>\r\n<\/li>\r\n<\/ul>\r\n\r\n","protected":false},"excerpt":{"rendered":"&nbsp; &nbsp; &nbsp; &nbsp; &nbsp; Eur\u00f3pska organiz\u00e1cia na platforme facility managementu zdru\u017euje \u010dlenov z 23 kraj\u00edn cel\u00e9ho kontinentu. www.eurofm.org &nbsp; &nbsp; &nbsp; &nbsp; &nbsp; IFMA is the world&#8217;s largest and most widely recognized international association for&nbsp;professional facility management. www.IFMA.org &nbsp; &nbsp; &nbsp; &nbsp; &nbsp; \u010cesk\u00e1 pobo\u010dka medzin\u00e1rodnej profesijnej organiz\u00e1cie IFMA vznikla v roku 2000. www.IFMA.cz &hellip; <a href=\"https:\/\/safm.sk\/portal\/en\/about-us\/our-partners\/\" class=\"more-link\">Continue reading <span class=\"screen-reader-text\">Our partners<\/span> <span class=\"meta-nav\">&rarr;<\/span><\/a>","protected":false},"author":65,"featured_media":0,"parent":6557,"menu_order":0,"comment_status":"closed","ping_status":"closed","template":"page-templates\/template_03.php","meta":[],"_links":{"self":[{"href":"https:\/\/safm.sk\/portal\/en\/wp-json\/wp\/v2\/pages\/6561"}],"collection":[{"href":"https:\/\/safm.sk\/portal\/en\/wp-json\/wp\/v2\/pages"}],"about":[{"href":"https:\/\/safm.sk\/portal\/en\/wp-json\/wp\/v2\/types\/page"}],"author":[{"embeddable":true,"href":"https:\/\/safm.sk\/portal\/en\/wp-json\/wp\/v2\/users\/65"}],"replies":[{"embeddable":true,"href":"https:\/\/safm.sk\/portal\/en\/wp-json\/wp\/v2\/comments?post=6561"}],"version-history":[{"count":1,"href":"https:\/\/safm.sk\/portal\/en\/wp-json\/wp\/v2\/pages\/6561\/revisions"}],"predecessor-version":[{"id":6582,"href":"https:\/\/safm.sk\/portal\/en\/wp-json\/wp\/v2\/pages\/6561\/revisions\/6582"}],"up":[{"embeddable":true,"href":"https:\/\/safm.sk\/portal\/en\/wp-json\/wp\/v2\/pages\/6557"}],"wp:attachment":[{"href":"https:\/\/safm.sk\/portal\/en\/wp-json\/wp\/v2\/media?parent=6561"}],"curies":[{"name":"wp","href":"https:\/\/api.w.org\/{rel}","templated":true}]}}