{"id":6549,"date":"2021-04-18T19:27:04","date_gmt":"2021-04-18T18:27:04","guid":{"rendered":"https:\/\/safm.sk\/portal\/?page_id=6549"},"modified":"2021-04-18T19:27:34","modified_gmt":"2021-04-18T18:27:34","slug":"online-webinars","status":"publish","type":"page","link":"https:\/\/safm.sk\/portal\/en\/our-activities\/online-webinars\/","title":{"rendered":"Online webinars"},"content":{"rendered":"<p><a href=\"https:\/\/safm.sk\/portal\/kvalitne-vnutorne-pracovne-prostredie\/obrazok1-2\/\" rel=\"attachment wp-att-5634\"><img loading=\"lazy\" class=\"alignnone size-full wp-image-6304\" src=\"https:\/\/safm.sk\/portal\/wp-content\/uploads\/2021\/04\/Obrazok1.png\" alt=\"\" width=\"601\" height=\"599\" srcset=\"https:\/\/safm.sk\/portal\/wp-content\/uploads\/2021\/04\/Obrazok1.png 601w, https:\/\/safm.sk\/portal\/wp-content\/uploads\/2021\/04\/Obrazok1-150x150.png 150w, https:\/\/safm.sk\/portal\/wp-content\/uploads\/2021\/04\/Obrazok1-100x100.png 100w, https:\/\/safm.sk\/portal\/wp-content\/uploads\/2021\/04\/Obrazok1-300x299.png 300w, https:\/\/safm.sk\/portal\/wp-content\/uploads\/2021\/04\/Obrazok1-350x350.png 350w\" sizes=\"(max-width: 601px) 100vw, 601px\" \/><\/a><\/p>\r\n<p>&nbsp;<\/p>\r\n<p>&nbsp;<\/p>\r\n<p>Bli\u017e\u0161ie inform\u00e1cie\u00a0 o \u010fal\u0161\u00edch na\u0161ich aktivit\u00e1ch na <a href=\"https:\/\/safm.sk\/portal\/nasa-cinnost\/webinare\/\">www.safm.sk<\/a> alebo <a href=\"mailto:safm@safm.sk\">safm@safm.sk<\/a><br \/>\r\n<strong><br \/>\r\n<\/strong><\/p>\r\n<p>&nbsp;<\/p>\r\n","protected":false},"excerpt":{"rendered":"&nbsp; &nbsp; Bli\u017e\u0161ie inform\u00e1cie\u00a0 o \u010fal\u0161\u00edch na\u0161ich aktivit\u00e1ch na www.safm.sk alebo safm@safm.sk &nbsp;","protected":false},"author":65,"featured_media":0,"parent":6351,"menu_order":0,"comment_status":"closed","ping_status":"closed","template":"","meta":[],"_links":{"self":[{"href":"https:\/\/safm.sk\/portal\/en\/wp-json\/wp\/v2\/pages\/6549"}],"collection":[{"href":"https:\/\/safm.sk\/portal\/en\/wp-json\/wp\/v2\/pages"}],"about":[{"href":"https:\/\/safm.sk\/portal\/en\/wp-json\/wp\/v2\/types\/page"}],"author":[{"embeddable":true,"href":"https:\/\/safm.sk\/portal\/en\/wp-json\/wp\/v2\/users\/65"}],"replies":[{"embeddable":true,"href":"https:\/\/safm.sk\/portal\/en\/wp-json\/wp\/v2\/comments?post=6549"}],"version-history":[{"count":3,"href":"https:\/\/safm.sk\/portal\/en\/wp-json\/wp\/v2\/pages\/6549\/revisions"}],"predecessor-version":[{"id":6552,"href":"https:\/\/safm.sk\/portal\/en\/wp-json\/wp\/v2\/pages\/6549\/revisions\/6552"}],"up":[{"embeddable":true,"href":"https:\/\/safm.sk\/portal\/en\/wp-json\/wp\/v2\/pages\/6351"}],"wp:attachment":[{"href":"https:\/\/safm.sk\/portal\/en\/wp-json\/wp\/v2\/media?parent=6549"}],"curies":[{"name":"wp","href":"https:\/\/api.w.org\/{rel}","templated":true}]}}