{"id":6544,"date":"2021-04-18T19:22:54","date_gmt":"2021-04-18T18:22:54","guid":{"rendered":"https:\/\/safm.sk\/portal\/?page_id=6544"},"modified":"2021-04-18T19:24:28","modified_gmt":"2021-04-18T18:24:28","slug":"legislative-activity","status":"publish","type":"page","link":"https:\/\/safm.sk\/portal\/en\/our-activities\/legislative-activity\/","title":{"rendered":"Legislative activity"},"content":{"rendered":"<p>\r\n\t&nbsp;\r\n<\/p>\r\n\r\n<p>\r\n\t&nbsp;\r\n<\/p>\r\n\r\n<p>\r\n\tThe facility management market in Europe is estimated at several billion euros. It wastherefore <strong>necessary to define and optimize this method<\/strong> together with a&nbsp;comprehensive and clear understanding of mutual interdependence processes of the&nbsp;organization and facility management processes. <strong>All this is described and&nbsp;modified by standard STN EN 15221,<\/strong>\r\n<\/p>\r\n\r\n<h2>\r\n\tThe full text of the standard is accessible only to SAFM members.\r\n<\/h2>\r\n\r\n\r\n\r\n<p>\r\n\tS\u00fabory na stiahnutie s\u00fa&nbsp;dostupn\u00e9 len pre \u010dlenov asoci\u00e1cie  &nbsp;\r\n<\/p>\r\n\r\n<p>\r\n\t&nbsp;\r\n<\/p>\r\n\r\n<p>\r\n\t&nbsp;\r\n<\/p>\r\n","protected":false},"excerpt":{"rendered":"&nbsp; &nbsp; The facility management market in Europe is estimated at several billion euros. It wastherefore necessary to define and optimize this method together with a&nbsp;comprehensive and clear understanding of mutual interdependence processes of the&nbsp;organization and facility management processes. All this is described and&nbsp;modified by standard STN EN 15221, The full text of the standard &hellip; <a href=\"https:\/\/safm.sk\/portal\/en\/our-activities\/legislative-activity\/\" class=\"more-link\">Continue reading <span class=\"screen-reader-text\">Legislative activity<\/span> <span class=\"meta-nav\">&rarr;<\/span><\/a>","protected":false},"author":65,"featured_media":0,"parent":6351,"menu_order":0,"comment_status":"closed","ping_status":"closed","template":"page-templates\/template_02.php","meta":[],"_links":{"self":[{"href":"https:\/\/safm.sk\/portal\/en\/wp-json\/wp\/v2\/pages\/6544"}],"collection":[{"href":"https:\/\/safm.sk\/portal\/en\/wp-json\/wp\/v2\/pages"}],"about":[{"href":"https:\/\/safm.sk\/portal\/en\/wp-json\/wp\/v2\/types\/page"}],"author":[{"embeddable":true,"href":"https:\/\/safm.sk\/portal\/en\/wp-json\/wp\/v2\/users\/65"}],"replies":[{"embeddable":true,"href":"https:\/\/safm.sk\/portal\/en\/wp-json\/wp\/v2\/comments?post=6544"}],"version-history":[{"count":2,"href":"https:\/\/safm.sk\/portal\/en\/wp-json\/wp\/v2\/pages\/6544\/revisions"}],"predecessor-version":[{"id":6547,"href":"https:\/\/safm.sk\/portal\/en\/wp-json\/wp\/v2\/pages\/6544\/revisions\/6547"}],"up":[{"embeddable":true,"href":"https:\/\/safm.sk\/portal\/en\/wp-json\/wp\/v2\/pages\/6351"}],"wp:attachment":[{"href":"https:\/\/safm.sk\/portal\/en\/wp-json\/wp\/v2\/media?parent=6544"}],"curies":[{"name":"wp","href":"https:\/\/api.w.org\/{rel}","templated":true}]}}