{"id":6507,"date":"2021-04-18T09:32:26","date_gmt":"2021-04-18T08:32:26","guid":{"rendered":"https:\/\/safm.sk\/portal\/?page_id=6507"},"modified":"2021-04-18T09:32:26","modified_gmt":"2021-04-18T08:32:26","slug":"stn-en-15-221","status":"publish","type":"page","link":"https:\/\/safm.sk\/portal\/en\/membership\/stn-en-15-221\/","title":{"rendered":"STN EN 15 221"},"content":{"rendered":"<h2>Inform\u00e1cie, ktor\u00e9 SAFM poskytuje v\u00fdhradne svojim \u010dlenom nie je v zmysle pou\u010denia ni\u017e\u0161ie mo\u017en\u00e9 poskytova\u0165 mimo r\u00e1mec SAFM a jej \u010dlenov.<\/h2>\r\n<h2>Reprodukovanie noriem<\/h2>\r\n<p>Ak nie je \u0161pecifikovan\u00e9 inak, \u017eiadna norma ani \u010das\u0165 normy nesmie by\u0165 reprodukovan\u00e1, zaznamenan\u00e1 alebo \u0161\u00edren\u00e1 v akejko\u013evek forme alebo ak\u00fdmko\u013evek prostriedkom, elektronicky alebo mechanicky, vr\u00e1tane fotok\u00f3pii a mikrofilmu, bez p\u00edsomn\u00e9ho s\u00fahlasu pr\u00edslu\u0161n\u00e9ho n\u00e1rodn\u00e9ho alebo medzin\u00e1rodn\u00e9ho normaliza\u010dn\u00e9ho org\u00e1nu.<\/p>\r\n<h2>Pou\u017e\u00edvanie verejn\u00fdch siet\u00ed vr\u00e1tane Internetu<\/h2>\r\n<p>Na v\u0161etk\u00fdch \u00farovniach &#8211; n\u00e1rodnej, region\u00e1lnej alebo medzin\u00e1rodnej &#8211; n\u00e1rodn\u00fd normaliza\u010dn\u00fd org\u00e1n mus\u00ed konzultova\u0165 zriadenie akejko\u013evek verejnej alebo s\u00fakromnej elektronickej siete (Internet, Intranet alebo podobnej), ktor\u00e1 m\u00e1 sl\u00fa\u017ei\u0165 na distrib\u00faciu, pren\u00e1\u0161anie alebo v\u00fdmenu textu alebo \u010dast\u00ed textu noriem v r\u00e1mci alebo mimo r\u00e1mca normaliza\u010dnej pr\u00e1ce. V ka\u017edom pr\u00edpade existuje striktn\u00e1 povinnos\u0165 dodr\u017eiava\u0165 odpor\u00fa\u010dania pr\u00edslu\u0161n\u00e9ho medzin\u00e1rodn\u00e9ho alebo n\u00e1rodn\u00e9ho org\u00e1nu, \u010di ide o pou\u017e\u00edvanie verejnej alebo s\u00fakromnej siete.<\/p>\r\n<p>&nbsp;<\/p>\r\n<p><strong>Upozor\u0148ujeme :<\/strong><\/p>\r\n<p>&nbsp;<\/p>\r\n<p>STN EN 15221-1 zru\u0161en\u00e1\u00a0 a nahr\u00e1dzaj\u00faca norma je\u00a0 STN EN ISO 41011:2018-11<\/p>\r\n<p>&nbsp;<\/p>\r\n<p>STN EN 15221-2 zru\u0161en\u00e1 a nahr\u00e1dzaj\u00faca norma je STN EN ISO 41012:2018-11\u00a0<\/p>\r\n<p>&nbsp;<\/p>\r\n<p>&nbsp;<\/p>\r\n<p>&nbsp;<\/p>\r\n<p>Pokia\u013e m\u00e1te z\u00e1ujem sa obozn\u00e1mi\u0165 s inform\u00e1ciami oh\u013eadne tvorby <strong>ISO noriem, komisie ISO\/TC-267<\/strong> v oblasti Facility Managementu\u00a0 nav\u0161t\u00edvte samostn\u00fd dedikovan\u00fd\u00a0 <a href=\"https:\/\/committee.iso.org\/home\/tc267\" target=\"_blank\" rel=\"noopener noreferrer\">WEB<\/a><\/p>\r\n<p>&nbsp;<\/p>\r\n<p>&nbsp;<\/p>\r\n<p>&nbsp;<\/p>\r\n<p><strong>N\u00e1kup platn\u00fdch Noriem<\/strong> na Slovensku zabezpe\u010duje \u00darad pre normaliz\u00e1ciu, metrol\u00f3giu a sk\u00fa\u0161obn\u00edctvo SR. <a href=\"https:\/\/www.sutn.sk\/eshop\/public\/search.aspx\" target=\"_blank\" rel=\"noopener noreferrer\">LINK na n\u00e1kup noriem<\/a><\/p>\r\n<p>&nbsp;<\/p>\r\n<p>&nbsp;<\/p>\r\n<p>&nbsp;<\/p>","protected":false},"excerpt":{"rendered":"Inform\u00e1cie, ktor\u00e9 SAFM poskytuje v\u00fdhradne svojim \u010dlenom nie je v zmysle pou\u010denia ni\u017e\u0161ie mo\u017en\u00e9 poskytova\u0165 mimo r\u00e1mec SAFM a jej \u010dlenov. Reprodukovanie noriem Ak nie je \u0161pecifikovan\u00e9 inak, \u017eiadna norma ani \u010das\u0165 normy nesmie by\u0165 reprodukovan\u00e1, zaznamenan\u00e1 alebo \u0161\u00edren\u00e1 v akejko\u013evek forme alebo ak\u00fdmko\u013evek prostriedkom, elektronicky alebo mechanicky, vr\u00e1tane fotok\u00f3pii a mikrofilmu, bez p\u00edsomn\u00e9ho s\u00fahlasu &hellip; <a href=\"https:\/\/safm.sk\/portal\/en\/membership\/stn-en-15-221\/\" class=\"more-link\">Continue reading <span class=\"screen-reader-text\">STN EN 15 221<\/span> <span class=\"meta-nav\">&rarr;<\/span><\/a>","protected":false},"author":65,"featured_media":0,"parent":6500,"menu_order":0,"comment_status":"closed","ping_status":"closed","template":"page-templates\/template_04.php","meta":[],"_links":{"self":[{"href":"https:\/\/safm.sk\/portal\/en\/wp-json\/wp\/v2\/pages\/6507"}],"collection":[{"href":"https:\/\/safm.sk\/portal\/en\/wp-json\/wp\/v2\/pages"}],"about":[{"href":"https:\/\/safm.sk\/portal\/en\/wp-json\/wp\/v2\/types\/page"}],"author":[{"embeddable":true,"href":"https:\/\/safm.sk\/portal\/en\/wp-json\/wp\/v2\/users\/65"}],"replies":[{"embeddable":true,"href":"https:\/\/safm.sk\/portal\/en\/wp-json\/wp\/v2\/comments?post=6507"}],"version-history":[{"count":1,"href":"https:\/\/safm.sk\/portal\/en\/wp-json\/wp\/v2\/pages\/6507\/revisions"}],"predecessor-version":[{"id":6529,"href":"https:\/\/safm.sk\/portal\/en\/wp-json\/wp\/v2\/pages\/6507\/revisions\/6529"}],"up":[{"embeddable":true,"href":"https:\/\/safm.sk\/portal\/en\/wp-json\/wp\/v2\/pages\/6500"}],"wp:attachment":[{"href":"https:\/\/safm.sk\/portal\/en\/wp-json\/wp\/v2\/media?parent=6507"}],"curies":[{"name":"wp","href":"https:\/\/api.w.org\/{rel}","templated":true}]}}