{"id":6505,"date":"2021-04-18T09:07:29","date_gmt":"2021-04-18T08:07:29","guid":{"rendered":"https:\/\/safm.sk\/portal\/?page_id=6505"},"modified":"2021-04-18T09:11:37","modified_gmt":"2021-04-18T08:11:37","slug":"skdokumenty-pre-clenov-safm","status":"publish","type":"page","link":"https:\/\/safm.sk\/portal\/en\/membership\/skdokumenty-pre-clenov-safm\/","title":{"rendered":"Documents for members"},"content":{"rendered":"<p>V\u00e1\u017een\u00ed \u010dlenovia,<\/p>\r\n<p>&nbsp;<\/p>\r\n<p>Po prihl\u00e1sen\u00ed do priv\u00e1tnej z\u00f3ny je dokument\u00e1cia pr\u00edstupn\u00e1. Ak neviete svoje prihlasovacie \u00fadaje kontaktujte n\u00e1s na safm@safm.sk.<\/p>\r\n","protected":false},"excerpt":{"rendered":"V\u00e1\u017een\u00ed \u010dlenovia, &nbsp; Po prihl\u00e1sen\u00ed do priv\u00e1tnej z\u00f3ny je dokument\u00e1cia pr\u00edstupn\u00e1. Ak neviete svoje prihlasovacie \u00fadaje kontaktujte n\u00e1s na safm@safm.sk.","protected":false},"author":65,"featured_media":0,"parent":6500,"menu_order":0,"comment_status":"closed","ping_status":"closed","template":"page-templates\/template_11.php","meta":[],"_links":{"self":[{"href":"https:\/\/safm.sk\/portal\/en\/wp-json\/wp\/v2\/pages\/6505"}],"collection":[{"href":"https:\/\/safm.sk\/portal\/en\/wp-json\/wp\/v2\/pages"}],"about":[{"href":"https:\/\/safm.sk\/portal\/en\/wp-json\/wp\/v2\/types\/page"}],"author":[{"embeddable":true,"href":"https:\/\/safm.sk\/portal\/en\/wp-json\/wp\/v2\/users\/65"}],"replies":[{"embeddable":true,"href":"https:\/\/safm.sk\/portal\/en\/wp-json\/wp\/v2\/comments?post=6505"}],"version-history":[{"count":2,"href":"https:\/\/safm.sk\/portal\/en\/wp-json\/wp\/v2\/pages\/6505\/revisions"}],"predecessor-version":[{"id":6524,"href":"https:\/\/safm.sk\/portal\/en\/wp-json\/wp\/v2\/pages\/6505\/revisions\/6524"}],"up":[{"embeddable":true,"href":"https:\/\/safm.sk\/portal\/en\/wp-json\/wp\/v2\/pages\/6500"}],"wp:attachment":[{"href":"https:\/\/safm.sk\/portal\/en\/wp-json\/wp\/v2\/media?parent=6505"}],"curies":[{"name":"wp","href":"https:\/\/api.w.org\/{rel}","templated":true}]}}