{"id":6504,"date":"2021-04-18T09:03:09","date_gmt":"2021-04-18T08:03:09","guid":{"rendered":"https:\/\/safm.sk\/portal\/?page_id=6504"},"modified":"2021-04-18T09:03:09","modified_gmt":"2021-04-18T08:03:09","slug":"certification-mark","status":"publish","type":"page","link":"https:\/\/safm.sk\/portal\/en\/membership\/certification-mark\/","title":{"rendered":"Certification mark"},"content":{"rendered":"<p>\r\n\tThe certification mark is a distinctive <strong>graphic logo that SAFM provides to its&nbsp;members<\/strong> together with the granting of certificates. The validity of trademarks is limited by the&nbsp;certificate\u2019s period of validity.\r\n<\/p>\r\n\r\n<p>\r\n\t\u0160tandardn\u00e9 umiestnenie v&nbsp;tla\u010dov\u00fdch materi\u00e1loch&nbsp; je pri hornom alebo pri spodnom okraji dokumentu (napr. hlavi\u010dkov\u00fd papier, ob\u00e1lka), s&nbsp;mo\u017enos\u0165ou v\u013eavo i vpravo. Pri vizitke je mo\u017en\u00e9 pou\u017ei\u0165 i zadn\u00fa stranu.\r\n<\/p>\r\n\r\n<p>\r\n\t&nbsp;\r\n<\/p>\r\n\r\n<p>\r\n\t<span style=\"line-height: 1.5\"><em>&nbsp;<\/em>S\u00fabory na stiahnutie s\u00fa <\/span><span style=\"line-height: 1.5\">dostupn\u00e9 len pre \u010dlenov asoci\u00e1cie<em>&nbsp;<\/em>&nbsp;<\/span>\r\n<\/p>\r\n\r\n<p>\r\n\t<span style=\"line-height: 1.5\">\r\n<\/p>\r\n","protected":false},"excerpt":{"rendered":"The certification mark is a distinctive graphic logo that SAFM provides to its&nbsp;members together with the granting of certificates. The validity of trademarks is limited by the&nbsp;certificate\u2019s period of validity. \u0160tandardn\u00e9 umiestnenie v&nbsp;tla\u010dov\u00fdch materi\u00e1loch&nbsp; je pri hornom alebo pri spodnom okraji dokumentu (napr. hlavi\u010dkov\u00fd papier, ob\u00e1lka), s&nbsp;mo\u017enos\u0165ou v\u013eavo i vpravo. Pri vizitke je mo\u017en\u00e9 pou\u017ei\u0165 &hellip; <a href=\"https:\/\/safm.sk\/portal\/en\/membership\/certification-mark\/\" class=\"more-link\">Continue reading <span class=\"screen-reader-text\">Certification mark<\/span> <span class=\"meta-nav\">&rarr;<\/span><\/a>","protected":false},"author":65,"featured_media":0,"parent":6500,"menu_order":0,"comment_status":"closed","ping_status":"closed","template":"page-templates\/template_04.php","meta":[],"_links":{"self":[{"href":"https:\/\/safm.sk\/portal\/en\/wp-json\/wp\/v2\/pages\/6504"}],"collection":[{"href":"https:\/\/safm.sk\/portal\/en\/wp-json\/wp\/v2\/pages"}],"about":[{"href":"https:\/\/safm.sk\/portal\/en\/wp-json\/wp\/v2\/types\/page"}],"author":[{"embeddable":true,"href":"https:\/\/safm.sk\/portal\/en\/wp-json\/wp\/v2\/users\/65"}],"replies":[{"embeddable":true,"href":"https:\/\/safm.sk\/portal\/en\/wp-json\/wp\/v2\/comments?post=6504"}],"version-history":[{"count":1,"href":"https:\/\/safm.sk\/portal\/en\/wp-json\/wp\/v2\/pages\/6504\/revisions"}],"predecessor-version":[{"id":6520,"href":"https:\/\/safm.sk\/portal\/en\/wp-json\/wp\/v2\/pages\/6504\/revisions\/6520"}],"up":[{"embeddable":true,"href":"https:\/\/safm.sk\/portal\/en\/wp-json\/wp\/v2\/pages\/6500"}],"wp:attachment":[{"href":"https:\/\/safm.sk\/portal\/en\/wp-json\/wp\/v2\/media?parent=6504"}],"curies":[{"name":"wp","href":"https:\/\/api.w.org\/{rel}","templated":true}]}}