{"id":6501,"date":"2017-11-21T10:00:57","date_gmt":"2017-11-21T08:00:57","guid":{"rendered":"https:\/\/safm.sk\/portal\/?page_id=6501"},"modified":"2021-12-06T10:23:00","modified_gmt":"2021-12-06T09:23:00","slug":"aktualni-clenovia-asociacie","status":"publish","type":"page","link":"https:\/\/safm.sk\/portal\/en\/membership\/aktualni-clenovia-asociacie\/","title":{"rendered":"Members"},"content":{"rendered":"<p><strong>Honorable members:<\/strong><\/p>\r\n\r\n<ul class=\"clenovia\">\r\n \t<li><strong>prof.Ing. Du\u0161an Petr\u00e1\u0161 PhD.,<\/strong><\/li>\r\n<\/ul>\r\n<br><br>\r\n\r\n\r\n<p><strong>List of members:<\/strong><\/p>\r\n\r\n<p>&nbsp;<\/p>\r\n<ul class=\"clenovia\">\r\n \t<li><strong>Silvia Nagyov\u00e1, \u00a0prezidentka<\/strong> <a href=\"mailto:snagyova@safm.sk\">snagyova@safm.sk<\/a><\/li>\r\n \t<li><strong>Ing.arch. Karol Hederling, viceprezident\u00a0<\/strong> <a href=\"mailto:khederling@safm.sk\">khederling@safm.sk<\/a><\/li>\r\n \t<li><strong>Ing. Marek Horsk\u00fd, \u010dlen predstavenstva\u00a0\u00a0<\/strong> <a href=\"mailto:mhorsky@safm.sk\">mhorsky@safm.sk<\/a><\/li>\r\n \t<li><strong>Ing. Vladim\u00edr Prvy\u0301, \u010dlen predstavenstva, tajomn\u00edk a pokladn\u00edk\u00a0<\/strong> <a href=\"mailto:vprvy@safm.sk\">vprvy@safm.sk<\/a><\/li>\r\n \t<li><strong>Ing. Ladislav Pir\u0161el PhD., predseda dozornej rady<\/strong> <a href=\"mailto:ladislav.pirsel@alocons.com\">ladislav.pirsel@alocons.com<\/a><\/li>\r\n \t<li><strong>Ing. Andrea Szabov\u00e1 PhD.<\/strong>,<strong> \u010dlen dozornej rady<\/strong> <a href=\"mailto:asproperty@asproperty.sk\">asproperty@asproperty.sk<\/a><\/li>\r\n \t<li><strong>Ing. \u0160tefan Kukumberg<\/strong><\/li>\r\n \t<li><strong>Ing. Peter Kov\u00e1\u010d <\/strong><\/li>\r\n \t<li><strong>Ing. Mari\u00e1n \u017ditny\u0301, \u010dlen dozornej rady <\/strong> <a href=\"mailto:marian.zitny@firstfacility.net\">marian.zitny@firstfacility.net<\/a><\/li>\r\n \t<li><strong>Kamil \u0160icko<\/strong> <a href=\"mailto:kamil.sicko@gmail.com\">kamil.sicko@gmail.com<\/a><\/li>\r\n \t<li><strong>Ing. Katar\u00edna Stron\u010dekov\u00e1<\/strong><\/li>\r\n \t<li><strong>Ing. Paula Kamodyov\u00e1<\/strong><\/li>\r\n \t<li><strong>Mgr. Jana Hra\u0161kov\u00e1, PhD<\/strong><\/li>\r\n<\/ul>\r\n<ul id=\"new-pravnicke\" class=\"clenovia pravnicke\">\r\n \t<li>\r\n<table style=\"width: 100%;\" cellspacing=\"2\" cellpadding=\"2\">\r\n<tbody>\r\n<tr>\r\n<td style=\"width: 27%;\"><a href=\"https:\/\/slovenska.atalian.com\/\" target=\"_blank\" rel=\"noopener noreferrer\"><img class=\"size-medium wp-image-2084 aligncenter\" style=\"width: 190px;\" title=\"\" src=\"https:\/\/safm.sk\/portal\/wp-content\/uploads\/2018\/07\/atalian-logo-300x146.png\" alt=\"\" \/><\/a><\/td>\r\n<td style=\"width: 43%;\">ATALIAN SK, s.r.o.<br>\r\n\r\nMlynsk\u00e9 nivy 73<br>\r\n821\u00a005\u00a0Bratislava<\/td>\r\n<td><\/td>\r\n<\/tr>\r\n<\/tbody>\r\n<\/table>\r\n<\/li>\r\n \t<li>\r\n<table style=\"width: 100%;\" cellspacing=\"2\" cellpadding=\"2\">\r\n<tbody>\r\n<tr>\r\n<td style=\"width: 27%;\"><a href=\"https:\/\/beservice.sk\" target=\"_blank\" rel=\"noopener noreferrer\"><img class=\"size-medium wp-image-2084 aligncenter\" style=\"width: 190px;\" title=\"\" src=\"https:\/\/safm.sk\/portal\/wp-content\/uploads\/2017\/10\/BEService_logo_transparent_1-300x94.png\" alt=\"\" \/><\/a><\/td>\r\n<td style=\"width: 43%;\">B.E.Service, spol. s r.o.<br>\r\n\r\n\u017dikava \u010d.202, 951 92<br>\r\nKancel\u00e1ria:<br>\r\nRa\u010dianska 153, Bratislava<\/td>\r\n<td>v.z. Miroslav Kukla, \u010dlen predstavenstva SAFM\r\n<u><a href=\"mailto:info@beservice.sk\">info@beservice.sk<\/a><\/u><\/td>\r\n<\/tr>\r\n<\/tbody>\r\n<\/table>\r\n<\/li>\r\n \t<li>\r\n<table style=\"width: 100%;\" cellspacing=\"2\" cellpadding=\"2\">\r\n<tbody>\r\n<tr>\r\n<td style=\"width: 27%;\"><a href=\"https:\/\/www.bkgroup.info\/\" target=\"_blank\" rel=\"noopener noreferrer\"><img loading=\"lazy\" width=\"300\" height=\"204\" class=\"alignnone size-medium wp-image-2139\" style=\"width: 190px;\" src=\"https:\/\/safm.sk\/portal\/wp-content\/uploads\/2017\/02\/BKGroup-RGB-Positive-300x204.png\" alt=\"\" \/><\/a><\/td>\r\n<td style=\"width: 43%;\">BK, a.s.<br>\r\n\r\nDopravn\u00e1 19<br>\r\n\r\n921 01\u00a0 Pie\u0161\u0165any<\/td>\r\n<td><\/td>\r\n<\/tr>\r\n<\/tbody>\r\n<\/table>\r\n<\/li>\r\n\t<li>\r\n<table style=\"width: 100%;\" cellspacing=\"2\" cellpadding=\"2\">\r\n<tbody>\r\n<tr>\r\n<td style=\"width: 27%;\"><a href=\"https:\/\/bplusn.sk\/\" target=\"_blank\" rel=\"noopener noreferrer\"><img style=\"width: 190px;\" src=\"https:\/\/safm.sk\/portal\/wp-content\/uploads\/2021\/12\/bnlogo.jpg\" alt=\"\" \/><\/a><\/td>\r\n<td style=\"width: 43%;\">B+N Slovakia Facility Services spol. s r.o.<br \/>\r\nD\u00fabravsk\u00e1 cesta 14<br \/>\r\n841 04 Bratislava<\/td>\r\n<td>\r\n<p>&nbsp;<\/p>\r\n<p>&nbsp;<\/p>\r\n<\/td>\r\n<\/tr>\r\n<\/tbody>\r\n<\/table>\r\n<\/li>\r\n\r\n\r\n \t<li>\r\n<table style=\"width: 100%;\" cellspacing=\"2\" cellpadding=\"2\">\r\n<tbody>\r\n<tr>\r\n<td style=\"width: 27%;\"><img class=\"alignnone size-medium wp-image-2139\" style=\"width: 190px;\" src=\"https:\/\/safm.sk\/portal\/wp-content\/uploads\/2020\/07\/Logo_BVS-300x300.jpg\" alt=\"\" \/><\/td>\r\n<td style=\"width: 43%;\">Bureau Veritas Slovakia, s.r.o.<br>\r\n\r\nPlyn\u00e1rensk\u00e1 7\/B<br>\r\n\r\n821 09 Bratislava 2<\/td>\r\n<td><td>v.z. Peter \u0160kyrta <a href=\"mailto:peter.skyrta@bureauveritas.com\">peter.skyrta@bureauveritas.com.<\/a><\/td><\/td>\r\n<\/tr>\r\n<\/tbody>\r\n<\/table>\r\n<\/li>\r\n\r\n\r\n\r\n \t<li>\r\n<table style=\"width: 100%;\" cellspacing=\"2\" cellpadding=\"2\">\r\n<tbody>\r\n<tr>\r\n<td style=\"width: 27%;\"><a href=\"https:\/\/www.cbre.sk\/sk-sk\/sluzby\/obchodne-linie\/global-workplace-solutions\" target=\"_blank\" rel=\"noopener noreferrer\"><img class=\"alignnone size-medium wp-image-2139\" style=\"width: 190px;\" src=\"https:\/\/safm.sk\/portal\/wp-content\/uploads\/2019\/07\/CBRE-1-300x77.jpg\" alt=\"\" \/><\/a><\/td>\r\n<td style=\"width: 43%;\">CBRE Global Workplace Solutions s.r.o.<br>\r\n\r\nZ\u00e1mock\u00e1 34<br>\r\n\r\n811 01 Bratislava<\/td>\r\n<td><\/td>\r\n<\/tr>\r\n<\/tbody>\r\n<\/table>\r\n<\/li>\r\n \t<li>\r\n<table style=\"width: 100%;\" cellspacing=\"2\" cellpadding=\"2\">\r\n<tbody>\r\n<tr>\r\n<td style=\"width: 27%;\"><a href=\"https:\/\/d-fs.sk\/\" target=\"_blank\" rel=\"noopener noreferrer\"><img loading=\"lazy\" width=\"300\" height=\"89\" class=\"alignnone size-medium wp-image-1817\" style=\"width: 190px;\" src=\"https:\/\/safm.sk\/portal\/wp-content\/uploads\/2017\/01\/DFS_logo-01-300x89.jpg\" alt=\"\" \/><\/a><\/td>\r\n<td style=\"width: 43%;\">DANUBE Facility Services, s.r.o.<br>\r\nDvo\u0159\u00e1kovo n\u00e1bre\u017eie 10<br>\r\n811 02 Bratislava<\/td>\r\n<td><\/td>\r\n<\/tr>\r\n<\/tbody>\r\n<\/table>\r\n<\/li>\r\n \t<li>\r\n<table style=\"width: 100%;\" cellspacing=\"2\" cellpadding=\"2\">\r\n<tbody>\r\n<tr>\r\n<td style=\"width: 27%;\"><a href=\"https:\/\/engie.sk\/\" target=\"_blank\" rel=\"noopener noreferrer\"><img loading=\"lazy\" width=\"290\" height=\"174\" class=\"alignnone size-full wp-image-5803\" style=\"width: 190px;\" src=\"https:\/\/safm.sk\/portal\/wp-content\/uploads\/2017\/01\/engie.png\" alt=\"\" \/><\/a><\/td>\r\n<td style=\"width: 43%;\">ENGIE Services, a. s.<br>\r\nJaro\u0161ova 1<br>\r\n831 03 Bratislava<br><\/td>\r\n<td><\/td>\r\n<\/tr>\r\n<\/tbody>\r\n<\/table>\r\n<\/li>\r\n \t<li>\r\n<table style=\"width: 100%;\" cellspacing=\"2\" cellpadding=\"2\">\r\n<tbody>\r\n<tr>\r\n<td style=\"width: 27%;\"><a href=\"https:\/\/www.edymax.com\/sk\" target=\"_blank\" rel=\"noopener noreferrer\"><img class=\"size-full wp-image-2051 aligncenter\" style=\"width: 190px;\" title=\"\" src=\"https:\/\/safm.sk\/portal\/wp-content\/uploads\/2018\/07\/edymax.png\" alt=\"\" \/><\/a><\/td>\r\n<td style=\"width: 43%;\">EDYMAX SE<br>\r\nBajkalsk\u00e1 22<br>\r\n821 09 Bratislava<br><\/td>\r\n<td><\/td>\r\n<\/tr>\r\n<\/tbody>\r\n<\/table>\r\n<\/li>\r\n\t<li>\r\n<table style=\"width: 100%;\" cellspacing=\"2\" cellpadding=\"2\">\r\n<tbody>\r\n<tr>\r\n<td style=\"width: 27%;\"><a href=\"https:\/\/www.essity.com\" target=\"_blank\" rel=\"noopener noreferrer\"><img src=\"https:\/\/safm.sk\/portal\/wp-content\/uploads\/2019\/08\/Essity_logo.png\" alt=\"\" \/><\/a><\/td>\r\n<td style=\"width: 43%;\">Essity<br \/>\r\nGemersk\u00e1 H\u00f4rka 400<br \/>\r\n049 12 Slovakia<\/td>\r\n<td>&nbsp;<\/td>\r\n<\/tr>\r\n<\/tbody>\r\n<\/table>\r\n<\/li>\r\n\t<li>\r\n<table style=\"width: 100%;\" cellspacing=\"2\" cellpadding=\"2\">\r\n<tbody>\r\n<tr>\r\n<td style=\"width: 27%;\"><img src=\"https:\/\/safm.sk\/portal\/wp-content\/uploads\/2019\/08\/FPMlogo.png\" alt=\"\" \/><\/td>\r\n<td style=\"width: 43%;\">Facility and Property Management<br \/>\r\nGen. Svobodu 2612<br \/>\r\n911 08 Tren\u010d\u00edn<\/td>\r\n<td>&nbsp;<\/td>\r\n<\/tr>\r\n<\/tbody>\r\n<\/table>\r\n<\/li>\r\n \t<li>\r\n<table style=\"width: 100%;\" cellspacing=\"2\" cellpadding=\"2\">\r\n<tbody>\r\n<tr>\r\n<td style=\"width: 27%;\"><a href=\"https:\/\/www.fmi.sk\/\" target=\"_blank\" rel=\"noopener noreferrer\"><img loading=\"lazy\" width=\"228\" height=\"70\" class=\"alignnone size-full wp-image-5740\" style=\"width: 190px;\" src=\"https:\/\/safm.sk\/portal\/wp-content\/uploads\/2016\/09\/FMI.png\" alt=\"fmi\" \/><\/a><\/td>\r\n<td style=\"width: 43%;\">FM Institute Slovakia, s.r.o.<br>\r\nMostov\u00e1 2<br>\r\n811 02 Bratislava<\/td>\r\n<td>v.z. Andrea Szabov\u00e1\r\n<u><a href=\"mailto:global@globalfacility.sk\">andrea.szabova@fmi.sk<\/a><\/u><\/td>\r\n<\/tr>\r\n<\/tbody>\r\n<\/table>\r\n<\/li>\r\n \t\r\n \t<li>\r\n<table style=\"width: 100%;\" cellspacing=\"2\" cellpadding=\"2\">\r\n<tbody>\r\n<tr>\r\n<td style=\"width: 27%;\"><a href=\"https:\/\/globalfacility.sk\/\" target=\"_blank\" rel=\"noopener noreferrer\">\u200b<img class=\"alignnone size-medium wp-image-217\" style=\"width: 190px;\" src=\"https:\/\/safm.sk\/portal\/wp-content\/uploads\/2016\/04\/gfkrivky1-300x176.png\" alt=\"ISS FS Logo\" \/><\/a><\/td>\r\n<td style=\"width: 43%;\">Global Facility, a.s<br>\r\nRa\u010dianska 153,<br>\r\n831 54 Bratislava<\/td>\r\n<td>v.z. Daniel Bez\u00e1k\r\n<a href=\"mailto:global@globalfacility.sk\">global@globalfacility.sk<\/a><\/td>\r\n<\/tr>\r\n<\/tbody>\r\n<\/table>\r\n<\/li>\r\n \t<li>\r\n<table style=\"width: 100%;\" cellspacing=\"2\" cellpadding=\"2\">\r\n<tbody>\r\n<tr>\r\n<td style=\"width: 27%;\"><a href=\"https:\/\/www.chastia.sk\/\" target=\"_blank\" rel=\"noopener noreferrer\"><img loading=\"lazy\" width=\"150\" height=\"83\" class=\"alignnone size-full wp-image-5810\" style=\"width: 190px;\" src=\"https:\/\/safm.sk\/portal\/wp-content\/uploads\/2017\/02\/chastia.png\" alt=\"\" \/><\/a><\/td>\r\n<td style=\"width: 43%;\">CHASTIA, s.r.o.<br>\r\n\r\nKo\u0161ick\u00e1 68<br>\r\n\r\n058 01 Poprad<\/td>\r\n<td><\/td>\r\n<\/tr>\r\n<\/tbody>\r\n<\/table>\r\n<\/li>\r\n\t<li>\r\n<table style=\"width: 100%;\" cellspacing=\"2\" cellpadding=\"2\">\r\n<tbody>\r\n<tr>\r\n<td style=\"width: 27%;\"><a href=\"https:\/\/www.kodys.sk\" target=\"_blank\" rel=\"noopener noreferrer\"><img src=\"https:\/\/safm.sk\/portal\/wp-content\/uploads\/2019\/08\/KODYS-SLOVENSKO.png\" alt=\"\" \/><\/a><\/td>\r\n<td style=\"width: 43%;\">Kodys Slovensko, s.r.o.<br \/>\r\nSlia\u010dska 2<br \/>\r\n831 02 Bratislava<\/td>\r\n<td>&nbsp;<\/td>\r\n<\/tr>\r\n<\/tbody>\r\n<\/table>\r\n<\/li>\r\n<li>\r\n<table style=\"width: 100%;\" cellspacing=\"2\" cellpadding=\"2\">\r\n<tbody>\r\n<tr>\r\n<td style=\"width: 27%;\"><a href=\"http:\/\/www.lux-kosice.sk\/\" target=\"_blank\" rel=\"noopener noreferrer\"><img src=\"https:\/\/safm.sk\/portal\/wp-content\/uploads\/2019\/10\/logo_LUX_Kosice.png\" alt=\"\" \/><\/a><\/td>\r\n<td style=\"width: 43%;\">LUX &#8211; KO\u0160ICE, s.r.o.<br \/>\r\nPre\u0161ovsk\u00e1 31<br \/>\r\nKo\u0161ice 040 01<\/td>\r\n<td>&nbsp;<\/td>\r\n<\/tr>\r\n<\/tbody>\r\n<\/table>\r\n<\/li>\r\n \t<li>\r\n<table style=\"width: 100%;\" cellspacing=\"2\" cellpadding=\"2\">\r\n<tbody>\r\n<tr>\r\n<td style=\"width: 27%;\"><a href=\"https:\/\/www.m2c.eu\/sk\/\" target=\"_blank\" rel=\"noopener noreferrer\"><img loading=\"lazy\" width=\"300\" height=\"157\" class=\"alignnone size-medium wp-image-2136\" style=\"width: 190px;\" src=\"https:\/\/safm.sk\/portal\/wp-content\/uploads\/2017\/02\/M2C_logo-300x157.jpg\" alt=\"\" srcset=\"https:\/\/safm.sk\/portal\/wp-content\/uploads\/2017\/02\/M2C_logo-300x157.jpg 300w, https:\/\/safm.sk\/portal\/wp-content\/uploads\/2017\/02\/M2C_logo-768x402.jpg 768w, https:\/\/safm.sk\/portal\/wp-content\/uploads\/2017\/02\/M2C_logo-600x314.jpg 600w, https:\/\/safm.sk\/portal\/wp-content\/uploads\/2017\/02\/M2C_logo.jpg 973w\" sizes=\"(max-width: 300px) 100vw, 300px\" \/><\/a><\/td>\r\n<td style=\"width: 43%;\">Mark2 Corporation Slovakia s.r.o.<br>\r\n\r\nPanensk\u00e1 8<br>\r\n\r\n811 03 Bratislava<\/td>\r\n<td><\/td>\r\n<\/tr>\r\n<\/tbody>\r\n<\/table>\r\n<\/li>\r\n<li>\r\n<table style=\"width: 100%;\" cellspacing=\"2\" cellpadding=\"2\">\r\n<tbody>\r\n<tr>\r\n<td style=\"width: 27%;\"><a href=\"https:\/\/mogroup.eu\/\" target=\"_blank\" rel=\"noopener noreferrer\"><img class=\"alignnone size-medium\" style=\"width: 190px;\" src=\"https:\/\/safm.sk\/portal\/wp-content\/uploads\/2021\/02\/mo-group-logo.jpg\" alt=\"\" \/><\/a><\/td>\r\n<td style=\"width: 43%;\">\r\n<p>MO Group, s.r.o.<\/p>\r\n<p>\u013dudov\u00e9 n\u00e1mestie 4<\/p>\r\n<p>831 03 Bratislava<\/p>\r\n<\/td>\r\n<td>v.z. \u013dubom\u00edr Br\u00e1zdovi\u010d <br \/>\r\n<a href=\"mailto:brazdovic@mogroup.eu\">brazdovic@mogroup.eu<\/a><\/td>\r\n<\/tr>\r\n<\/tbody>\r\n<\/table>\r\n<\/li>\r\n<li>\r\n<table style=\"width: 100%;\" cellspacing=\"2\" cellpadding=\"2\">\r\n<tbody>\r\n<tr>\r\n<td style=\"width: 27%;\"><img class=\"alignnone size-medium wp-image-2136\" style=\"width: 190px;\" src=\"https:\/\/safm.sk\/portal\/wp-content\/uploads\/2021\/07\/prior_logo-300x92.jpg\" alt=\"\" \/><\/td>\r\n<td style=\"width: 43%;\">\r\n<p>Obchodn\u00e9 domy PRIOR STRED, a.s.<\/p>\r\n<p>N\u00e1mestie SNP 2497<\/p>\r\n<p>960 01 Zvolen<\/p>\r\n<\/td>\r\n<td>&nbsp;<\/td>\r\n<\/tr>\r\n<\/tbody>\r\n<\/table>\r\n<\/li>\r\n<li>\r\n<table style=\"width: 100%;\" cellspacing=\"2\" cellpadding=\"2\">\r\n<tbody>\r\n<tr>\r\n<td style=\"width: 27%;\"><img class=\"alignnone size-medium wp-image-2136\" style=\"width: 190px;\" src=\"https:\/\/safm.sk\/portal\/wp-content\/uploads\/2021\/07\/reinoo_logo.png\" alt=\"\" \/><\/td>\r\n<td style=\"width: 43%;\">\r\n<p>Reinoo, a. s.<\/p>\r\n<p>Po\u0161tov\u00e1 1<\/p>\r\n<p>010 08 \u017dilina<\/p>\r\n<\/td>\r\n<td>&nbsp;<\/td>\r\n<\/tr>\r\n<\/tbody>\r\n<\/table>\r\n<\/li>\r\n\t<li>\r\n<table style=\"width: 100%;\" cellspacing=\"2\" cellpadding=\"2\">\r\n<tbody>\r\n<tr>\r\n<td style=\"width: 27%;\"><img class=\"alignnone size-medium wp-image-215\" style=\"width: 190px;\" src=\"https:\/\/safm.sk\/portal\/wp-content\/uploads\/2020\/05\/Schaeffler-Logo-300x154.png\" alt=\"\" \/><\/a><\/td>\r\n<td style=\"width: 43%;\">Schaeffler Skalica, spol. s r.o.<br \/>\r\nDr. G. Schaefflera 1<br \/>\r\nSK-909 01 Skalica<\/td>\r\n<td>Filip Vesel\u00fd <br \/>\r\n<a href=\"mailto:veselfli@schaeffler.com\">veselfli@schaeffler.com<\/a><\/td>\r\n<\/tr>\r\n<\/tbody>\r\n<\/table>\r\n<\/li>\r\n\r\n \t<li>\r\n<table style=\"width: 100%;\" cellspacing=\"2\" cellpadding=\"2\">\r\n<tbody>\r\n<tr>\r\n<td style=\"width: 27%;\"><a href=\"https:\/\/www.slovclean.sk\/\" target=\"_blank\" rel=\"noopener noreferrer\"><img loading=\"lazy\" width=\"300\" height=\"125\" class=\"alignnone size-medium wp-image-215\" style=\"width: 190px;\" src=\"https:\/\/safm.sk\/portal\/wp-content\/uploads\/2016\/04\/Slovclean-logo-300x125.jpg\" alt=\"Slovclean - logo\" srcset=\"https:\/\/safm.sk\/portal\/wp-content\/uploads\/2016\/04\/Slovclean-logo-300x125.jpg 300w, https:\/\/safm.sk\/portal\/wp-content\/uploads\/2016\/04\/Slovclean-logo.jpg 347w\" sizes=\"(max-width: 300px) 100vw, 300px\" \/><\/a><\/td>\r\n<td style=\"width: 43%;\">SLOVCLEAN a.s.<br>\r\nRa\u010dianska 96<br>\r\n831 02 Bratislava<\/td>\r\n<td>v.z. Martin Z\u00e1hora,\r\n\u010dlen predstavenstva SAFM\r\n<a href=\"mailto:zahora@slovclean.sk\">zahora@slovclean.sk<\/a><\/td>\r\n<\/tr>\r\n<\/tbody>\r\n<\/table>\r\n<\/li>\r\n \t<li>\r\n<table style=\"width: 100%;\" cellspacing=\"2\" cellpadding=\"2\">\r\n<tbody>\r\n<tr>\r\n<td style=\"width: 27%;\"><a href=\"https:\/\/sk.sodexo.com\/home.html\" target=\"_blank\" rel=\"noopener noreferrer\"><img loading=\"lazy\" width=\"200\" height=\"73\" class=\"alignnone size-full wp-image-6077\" style=\"width: 200px;\" src=\"https:\/\/safm.sk\/portal\/wp-content\/uploads\/2019\/04\/sodexho.png\" alt=\"\" \/><\/a><\/td>\r\n<td style=\"width: 43%;\">Sodexo s.r.o.<br>\r\nVajnorsk\u00e1 100\/B<br>\r\n831 04 Bratislava<br><\/td>\r\n<td><\/td>\r\n<\/tr>\r\n<\/tbody>\r\n<\/table>\r\n<\/li>\r\n \t<li>\r\n<table style=\"width: 100%;\" cellspacing=\"2\" cellpadding=\"2\">\r\n<tbody>\r\n<tr>\r\n<td style=\"width: 27%;\"><a href=\"https:\/\/www.ssi.cz\/sk\/\" target=\"_blank\" rel=\"noopener noreferrer\"><img style=\"width: 190px;\" src=\"https:\/\/safm.sk\/portal\/wp-content\/uploads\/SSI%20GROUP_logo.png\" alt=\"\" \/><\/a><\/td>\r\n<td style=\"width: 43%;\">Special Service International SK s. r. o.<br>\r\nNev\u00e4dzova 6C<br>\r\n821 01 Bratislava<br><\/td>\r\n<td>v.z. Zden\u011bk Pa\u0159\u00edzek<\/td>\r\n<\/tr>\r\n<\/tbody>\r\n<\/table>\r\n<\/li>\r\n \t<li>\r\n<table style=\"width: 100%;\" cellspacing=\"2\" cellpadding=\"2\">\r\n<tbody>\r\n<tr>\r\n<td style=\"width: 27%;\"><a href=\"https:\/\/www.strabag-pfs.sk\/\" target=\"_blank\" rel=\"noopener noreferrer\"><img loading=\"lazy\" width=\"254\" height=\"161\" class=\"alignnone size-full wp-image-5685\" style=\"width: 190px;\" src=\"https:\/\/safm.sk\/portal\/wp-content\/uploads\/2016\/04\/STRABAG_PFS_256-logo.jpg\" alt=\"STRABAG_PFS_256 - logo\" \/><\/a><\/td>\r\n<td style=\"width: 43%;\">STRABAG Property and Facility Services s.r.o.<br>\r\nDunajsk\u00e1 32<br>\r\n817 85 Bratislava<br><\/td>\r\n<td>v.z. Ing. Eugen Maczko<\/td>\r\n<\/tr>\r\n<\/tbody>\r\n<\/table>\r\n<\/li>\r\n<li>\r\n<table style=\"width: 100%;\" cellspacing=\"2\" cellpadding=\"2\">\r\n<tbody>\r\n<tr>\r\n<td style=\"width: 27%;\"><a href=\"https:\/\/unicornsystems.eu\/\" target=\"_blank\" rel=\"noopener noreferrer\"><img class=\"alignnone size-full\" style=\"width: 300px;\" src=\"https:\/\/safm.sk\/portal\/wp-content\/uploads\/2021\/02\/unicorn-logo.jpg\" alt=\"Unicorn Systems SK s. r. o.\" \/><\/a><\/td>\r\n<td style=\"width: 43%;\">Unicorn Systems SK s. r. o.<br \/>\r\nCentral 5, \u0160ev\u010denkova 3770\/34<br \/>\r\n851 01 Bratislava<\/td>\r\n<td>v.z. Mat\u00fa\u0161 Jen\u010d\u00edk<br \/>\r\n<a href=\"mailto:matus.jencik@unicornsystems.eu\">matus.jencik@unicornsystems.eu<\/a><\/td>\r\n<\/tr>\r\n<\/tbody>\r\n<\/table>\r\n<\/li>\r\n<li>\r\n<table style=\"width: 100%;\" cellspacing=\"2\" cellpadding=\"2\">\r\n<tbody>\r\n<tr>\r\n<td style=\"width: 27%;\"><a href=\"https:\/\/www.verveservices.sk\/\" target=\"_blank\" rel=\"noopener noreferrer\"><img class=\"alignnone size-full wp-image-5685\" style=\"width: 300px;\" src=\"https:\/\/safm.sk\/portal\/wp-content\/uploads\/2021\/01\/verve-fs.jpg\" alt=\"Verve Facility Services\" \/><\/a><\/td>\r\n<td style=\"width: 43%;\">Verve Facility Services, s.r.o.<br \/>\r\nLazaretsk\u00e1 3\/A<br \/>\r\n811 08 Bratislava<\/td>\r\n<td>v.z Filip Sekan<br \/>\r\n<a href=\"mailto:filip.sekan@verveservices.sk\">filip.sekan@verveservices.sk<\/a><\/td>\r\n<\/tr>\r\n<\/tbody>\r\n<\/table>\r\n<\/li>\r\n\r\n\r\n<\/ul>","protected":false},"excerpt":{"rendered":"Honorable members: prof.Ing. Du\u0161an Petr\u00e1\u0161 PhD., List of members: &nbsp; Silvia Nagyov\u00e1, \u00a0prezidentka snagyova@safm.sk Ing.arch. Karol Hederling, viceprezident\u00a0 khederling@safm.sk Ing. Marek Horsk\u00fd, \u010dlen predstavenstva\u00a0\u00a0 mhorsky@safm.sk Ing. Vladim\u00edr Prvy\u0301, \u010dlen predstavenstva, tajomn\u00edk a pokladn\u00edk\u00a0 vprvy@safm.sk Ing. Ladislav Pir\u0161el PhD., predseda dozornej rady ladislav.pirsel@alocons.com Ing. Andrea Szabov\u00e1 PhD., \u010dlen dozornej rady asproperty@asproperty.sk Ing. \u0160tefan Kukumberg Ing. Peter &hellip; <a href=\"https:\/\/safm.sk\/portal\/en\/membership\/aktualni-clenovia-asociacie\/\" class=\"more-link\">Continue reading <span class=\"screen-reader-text\">Members<\/span> <span class=\"meta-nav\">&rarr;<\/span><\/a>","protected":false},"author":5,"featured_media":0,"parent":6500,"menu_order":0,"comment_status":"closed","ping_status":"closed","template":"page-templates\/template_04.php","meta":[],"_links":{"self":[{"href":"https:\/\/safm.sk\/portal\/en\/wp-json\/wp\/v2\/pages\/6501"}],"collection":[{"href":"https:\/\/safm.sk\/portal\/en\/wp-json\/wp\/v2\/pages"}],"about":[{"href":"https:\/\/safm.sk\/portal\/en\/wp-json\/wp\/v2\/types\/page"}],"author":[{"embeddable":true,"href":"https:\/\/safm.sk\/portal\/en\/wp-json\/wp\/v2\/users\/5"}],"replies":[{"embeddable":true,"href":"https:\/\/safm.sk\/portal\/en\/wp-json\/wp\/v2\/comments?post=6501"}],"version-history":[{"count":6,"href":"https:\/\/safm.sk\/portal\/en\/wp-json\/wp\/v2\/pages\/6501\/revisions"}],"predecessor-version":[{"id":7771,"href":"https:\/\/safm.sk\/portal\/en\/wp-json\/wp\/v2\/pages\/6501\/revisions\/7771"}],"up":[{"embeddable":true,"href":"https:\/\/safm.sk\/portal\/en\/wp-json\/wp\/v2\/pages\/6500"}],"wp:attachment":[{"href":"https:\/\/safm.sk\/portal\/en\/wp-json\/wp\/v2\/media?parent=6501"}],"curies":[{"name":"wp","href":"https:\/\/api.w.org\/{rel}","templated":true}]}}