{"id":6462,"date":"2021-04-15T13:32:42","date_gmt":"2021-04-15T12:32:42","guid":{"rendered":"https:\/\/safm.sk\/portal\/?page_id=6462"},"modified":"2021-05-03T06:56:41","modified_gmt":"2021-05-03T05:56:41","slug":"fm-days-2021","status":"publish","type":"page","link":"https:\/\/safm.sk\/portal\/en\/fm-days-2021\/","title":{"rendered":"FM DAYS 2021"},"content":{"rendered":"<div id=\"fm_21\">\r\n\r\n<div class=\"banner-top\">\r\n\r\n<div class=\"ov-v\"><h1 class=\"dfm\">Facility management days 2021<\/h1>\r\n\r\n<span class=\"place\">21 \u2013 22.9. 2021 \u2013 <a href=\"https:\/\/www.x-bionicsphere.com\/\" target=\"_blank\" rel=\"noopener noreferrer\">X-BIONIC\u00ae \u2013 \u0160amor\u00edn<\/a><\/span>\r\n\r\n<a target=\"_blank\" href=\"#program\" rel=\"noopener noreferrer\">PROGRAM<\/a>\r\n<a class=\"anchor\" href=\"#partneri-2020\">PARTNERS<\/a>\r\n<a target=\"_blank\" class=\"btn cta\" href=\"#tickets\" rel=\"noopener noreferrer\">Buy Tickets<\/a>\r\n\r\n<\/div>\r\n<div class=\"v-hold\">\r\n<video id=\"video\" class=\"v2\" preload=\"auto\" muted=\"\" autoplay=\"\" playsinline=\"\" loop=\"\">\r\n<source src=\"https:\/\/safm.sk\/portal\/wp-content\/uploads\/2021\/05\/film-safm2020-o.mp4\" type=\"video\/mp4\">\r\n<source src=\"https:\/\/safm.sk\/portal\/wp-content\/uploads\/2021\/05\/film-safm2020-o.mp4\" type=\"video\/webm\">\r\n<\/video>\r\n<\/div>\r\n<\/div>\r\n\r\n\r\n\r\n\r\n\r\n\r\n\r\n<div id=\"program\">\r\n\r\n<h1>Program<\/h1>\r\n\r\n<div class=\"safm\">\r\n\r\n<h2><em>8:00 \u2013 8:25<\/em> OTVORENIE KONFERENCIE<\/h2>\r\n<div class=\"foto\">\r\n<img class=\"im\" src=\"https:\/\/safm.sk\/portal\/wp-content\/uploads\/2021\/04\/silvia-2.png\">\r\n<\/div>\r\n<div class=\"popis\">\r\n<strong>Silvia Nagyov\u00e1 prezidentka<\/strong>\r\n<em>Slovensk\u00e1 asoci\u00e1cia facility managementu<\/em>\r\n<\/div>\r\n<\/div>\r\n\r\n\r\n\r\n<div class=\"safm\">\r\n<h2><em>8:25 \u2013 8:55<\/em>FACILITIES MANAGEMENT \u2013 KARI\u00c9RNA VO\u013dBA V HOLANDSKU<\/h2>\r\n<div class=\"foto\">\r\n<img class=\"im\" src=\"https:\/\/www.informslovakia.sk\/sites\/sk\/files\/styles\/foto\/public\/foto\/niels_peters.jpg?itok=lYgTO-xa\">\r\n<\/div>\r\n<div class=\"popis\">\r\n<strong>Niels Peters Young Professional <i>Holandsko<\/i> <\/strong>\r\n<p>Vy\u0161tudoval Facility Management na Univerzite aplikovan\u00fdch vied HAN, Nijmegen. Jeho prv\u00fdm klientom bolo ministerstvo obrany v Haagu. Je v\u00ed\u0165azom s\u00fa\u0165a\u017ee EuroFM Bachelor Student Poster Competition 2016 v Mil\u00e1ne.<p>\r\n<p>\r\nPrem\u00fd\u0161\u013ea\u0165 spolu s predstavenstvom o strategick\u00fdch ot\u00e1zkach, implement\u00e1cia udr\u017eate\u013enosti, zvy\u0161ovanie spokojnosti z\u00e1kazn\u00edkov a zamestnancov, \u010d\u00edm sa zv\u00fd\u0161i aj zisk, nie je u\u017e iba snom, ale s\u00fa\u010das\u0165ou va\u0161ej pr\u00e1ce, ke\u010f ste Facility Manager!<\/p>\r\n\r\n<a href=\"\">Prezent\u00e1cia na stiahnutie<\/a>\r\n\r\n\r\n\r\n\r\n\r\n\r\n\r\n\r\n\r\n<\/div>\r\n<\/div>\r\n\r\n\r\n<\/div>\r\n\r\n\r\n\r\n\r\n\r\n<div class=\"\" id=\"tickets\">\r\n<h1>Tickets<\/h1>\r\n<div class=\"woocommerce \"><ul class=\"products columns-4\">\n<li class=\"has-post-thumbnail product type-product post-6747 status-publish first instock product_cat-tickets virtual taxable purchasable product-type-simple\">\n\t<\/li>\n<\/ul>\n<\/div>\r\n\r\n<\/div>\r\n\r\n\r\n\r\n\r\n\r\n<div class=\"\" id=\"partneri-2020\">\r\n<h1>Partners<\/h1>\r\n<div id='gallery-1' class='gallery galleryid-6462 gallery-columns-3 gallery-size-thumbnail'><figure class='gallery-item'>\n\t\t\t<div class='gallery-icon landscape'>\n\t\t\t\t<a href='https:\/\/safm.sk\/portal\/wp-content\/uploads\/2020\/05\/2color_euro-fm-logo.png' title=\"\" data-rl_title=\"\" class=\"rl-gallery-link\" data-rl_caption=\"\" data-rel=\"lightbox-gallery-1\"><img width=\"350\" height=\"191\" src=\"https:\/\/safm.sk\/portal\/wp-content\/uploads\/2020\/05\/2color_euro-fm-logo-350x191.png\" class=\"attachment-thumbnail size-thumbnail\" alt=\"\" loading=\"lazy\" srcset=\"https:\/\/safm.sk\/portal\/wp-content\/uploads\/2020\/05\/2color_euro-fm-logo-350x191.png 350w, https:\/\/safm.sk\/portal\/wp-content\/uploads\/2020\/05\/2color_euro-fm-logo-300x164.png 300w, https:\/\/safm.sk\/portal\/wp-content\/uploads\/2020\/05\/2color_euro-fm-logo-768x420.png 768w, https:\/\/safm.sk\/portal\/wp-content\/uploads\/2020\/05\/2color_euro-fm-logo-600x328.png 600w, https:\/\/safm.sk\/portal\/wp-content\/uploads\/2020\/05\/2color_euro-fm-logo.png 989w\" sizes=\"(max-width: 350px) 100vw, 350px\" \/><\/a>\n\t\t\t<\/div><\/figure><figure class='gallery-item'>\n\t\t\t<div class='gallery-icon landscape'>\n\t\t\t\t<a href='https:\/\/safm.sk\/portal\/wp-content\/uploads\/2020\/05\/member.svg' title=\"\" data-rl_title=\"\" class=\"rl-gallery-link\" data-rl_caption=\"\" data-rel=\"lightbox-gallery-1\"><img src=\"https:\/\/safm.sk\/portal\/wp-content\/uploads\/2020\/05\/member.svg\" class=\"attachment-thumbnail size-thumbnail\" alt=\"\" loading=\"lazy\" height=\"80\" width=\"280\" \/><\/a>\n\t\t\t<\/div><\/figure><figure class='gallery-item'>\n\t\t\t<div class='gallery-icon landscape'>\n\t\t\t\t<a href='https:\/\/safm.sk\/portal\/wp-content\/uploads\/2020\/05\/logo.jpg' title=\"\" data-rl_title=\"\" class=\"rl-gallery-link\" data-rl_caption=\"\" data-rel=\"lightbox-gallery-1\"><img width=\"135\" height=\"16\" src=\"https:\/\/safm.sk\/portal\/wp-content\/uploads\/2020\/05\/logo.jpg\" class=\"attachment-thumbnail size-thumbnail\" alt=\"\" loading=\"lazy\" \/><\/a>\n\t\t\t<\/div><\/figure><figure class='gallery-item'>\n\t\t\t<div class='gallery-icon landscape'>\n\t\t\t\t<a href='https:\/\/safm.sk\/portal\/wp-content\/uploads\/2020\/01\/Logo_EP_trans_RGB.png' title=\"\" data-rl_title=\"\" class=\"rl-gallery-link\" data-rl_caption=\"\" data-rel=\"lightbox-gallery-1\"><img width=\"350\" height=\"73\" src=\"https:\/\/safm.sk\/portal\/wp-content\/uploads\/2020\/01\/Logo_EP_trans_RGB-350x73.png\" class=\"attachment-thumbnail size-thumbnail\" alt=\"\" loading=\"lazy\" srcset=\"https:\/\/safm.sk\/portal\/wp-content\/uploads\/2020\/01\/Logo_EP_trans_RGB-350x73.png 350w, https:\/\/safm.sk\/portal\/wp-content\/uploads\/2020\/01\/Logo_EP_trans_RGB-300x63.png 300w, https:\/\/safm.sk\/portal\/wp-content\/uploads\/2020\/01\/Logo_EP_trans_RGB-1024x213.png 1024w, https:\/\/safm.sk\/portal\/wp-content\/uploads\/2020\/01\/Logo_EP_trans_RGB-768x160.png 768w, https:\/\/safm.sk\/portal\/wp-content\/uploads\/2020\/01\/Logo_EP_trans_RGB-600x125.png 600w, https:\/\/safm.sk\/portal\/wp-content\/uploads\/2020\/01\/Logo_EP_trans_RGB-1320x275.png 1320w, https:\/\/safm.sk\/portal\/wp-content\/uploads\/2020\/01\/Logo_EP_trans_RGB.png 1473w\" sizes=\"(max-width: 350px) 100vw, 350px\" \/><\/a>\n\t\t\t<\/div><\/figure>\n\t\t<\/div>\n\r\n\r\n<\/div>\r\n\r\n\r\n\r\n\r\n<div class=\"\" id=\"ucastnici-2020\">\r\n\r\n\r\n\r\n<\/div>\r\n\r\n<\/div>","protected":false},"excerpt":{"rendered":"Facility management days 2021 21 \u2013 22.9. 2021 \u2013 X-BIONIC\u00ae \u2013 \u0160amor\u00edn PROGRAM PARTNERS Buy Tickets Program 8:00 \u2013 8:25 OTVORENIE KONFERENCIE Silvia Nagyov\u00e1 prezidentka Slovensk\u00e1 asoci\u00e1cia facility managementu 8:25 \u2013 8:55FACILITIES MANAGEMENT \u2013 KARI\u00c9RNA VO\u013dBA V HOLANDSKU Niels Peters Young Professional Holandsko Vy\u0161tudoval Facility Management na Univerzite aplikovan\u00fdch vied HAN, Nijmegen. Jeho prv\u00fdm klientom &hellip; <a href=\"https:\/\/safm.sk\/portal\/en\/fm-days-2021\/\" class=\"more-link\">Continue reading <span class=\"screen-reader-text\">FM DAYS 2021<\/span> <span class=\"meta-nav\">&rarr;<\/span><\/a>","protected":false},"author":65,"featured_media":0,"parent":0,"menu_order":0,"comment_status":"closed","ping_status":"closed","template":"temp-22.php","meta":[],"_links":{"self":[{"href":"https:\/\/safm.sk\/portal\/en\/wp-json\/wp\/v2\/pages\/6462"}],"collection":[{"href":"https:\/\/safm.sk\/portal\/en\/wp-json\/wp\/v2\/pages"}],"about":[{"href":"https:\/\/safm.sk\/portal\/en\/wp-json\/wp\/v2\/types\/page"}],"author":[{"embeddable":true,"href":"https:\/\/safm.sk\/portal\/en\/wp-json\/wp\/v2\/users\/65"}],"replies":[{"embeddable":true,"href":"https:\/\/safm.sk\/portal\/en\/wp-json\/wp\/v2\/comments?post=6462"}],"version-history":[{"count":26,"href":"https:\/\/safm.sk\/portal\/en\/wp-json\/wp\/v2\/pages\/6462\/revisions"}],"predecessor-version":[{"id":6769,"href":"https:\/\/safm.sk\/portal\/en\/wp-json\/wp\/v2\/pages\/6462\/revisions\/6769"}],"wp:attachment":[{"href":"https:\/\/safm.sk\/portal\/en\/wp-json\/wp\/v2\/media?parent=6462"}],"curies":[{"name":"wp","href":"https:\/\/api.w.org\/{rel}","templated":true}]}}