{"id":6348,"date":"2021-04-15T11:52:16","date_gmt":"2021-04-15T10:52:16","guid":{"rendered":"https:\/\/safm.sk\/portal\/?page_id=6348"},"modified":"2021-04-15T11:52:41","modified_gmt":"2021-04-15T10:52:41","slug":"electronic-application","status":"publish","type":"page","link":"https:\/\/safm.sk\/portal\/en\/membership\/electronic-application\/","title":{"rendered":"Electronic application"},"content":{"rendered":"<p>By completing an electronic form you <strong>express interest in becoming a member<\/strong> of the Association. Its sending is the <strong>first step in the recruitment process.<\/strong> We firmly believe that it will be completed with the consent of the SAFM Board and we will be able to gladly give you the required membership.\r\n<\/p>\r\n\r\n<div class=\"formular bigger fyzicka\">\r\n<h2>Membership Application SAFM<\/h2>\r\n<div role=\"form\" class=\"wpcf7\" id=\"wpcf7-f401-o1\" lang=\"sk-SK\" dir=\"ltr\">\n<div class=\"screen-reader-response\"><p role=\"status\" aria-live=\"polite\" aria-atomic=\"true\"><\/p> <ul><\/ul><\/div>\n<form action=\"\/portal\/en\/wp-json\/wp\/v2\/pages\/6348#wpcf7-f401-o1\" method=\"post\" class=\"wpcf7-form init wpcf7-acceptance-as-validation\" novalidate=\"novalidate\" data-status=\"init\">\n<div style=\"display: none;\">\n<input type=\"hidden\" name=\"_wpcf7\" value=\"401\" \/>\n<input type=\"hidden\" name=\"_wpcf7_version\" value=\"5.4\" \/>\n<input type=\"hidden\" name=\"_wpcf7_locale\" value=\"sk_SK\" \/>\n<input type=\"hidden\" name=\"_wpcf7_unit_tag\" value=\"wpcf7-f401-o1\" \/>\n<input type=\"hidden\" name=\"_wpcf7_container_post\" value=\"0\" \/>\n<input type=\"hidden\" name=\"_wpcf7_posted_data_hash\" value=\"\" \/>\n<input type=\"hidden\" name=\"_wpcf7_recaptcha_response\" value=\"\" \/>\n<\/div>\n<p><span class=\"wpcf7-form-control-wrap company-name\"><input type=\"text\" name=\"company-name\" value=\"\" size=\"40\" class=\"wpcf7-form-control wpcf7-text wpcf7-validates-as-required\" aria-required=\"true\" aria-invalid=\"false\" placeholder=\"Organization (legal entity)\" \/><\/span> <\/p>\n<p><span id=\"wpcf7-69e327379dc7a-wrapper\" class=\"wpcf7-form-control-wrap emailstag-wrap\" style=\"display:none !important; visibility:hidden !important;\"><label for=\"wpcf7-69e327379dc7a-field\" class=\"hp-message\">Please leave this field empty.<\/label><input id=\"wpcf7-69e327379dc7a-field\"  class=\"wpcf7-form-control wpcf7-text\" type=\"text\" name=\"emailstag\" value=\"\" size=\"40\" tabindex=\"-1\" autocomplete=\"new-password\" \/><\/span><\/p>\n<p><span class=\"wpcf7-form-control-wrap company-id\"><input type=\"text\" name=\"company-id\" value=\"\" size=\"40\" class=\"wpcf7-form-control wpcf7-text wpcf7-validates-as-required\" aria-required=\"true\" aria-invalid=\"false\" placeholder=\"Entity ID (legal entity)\" \/><\/span> <\/p>\n<p><span class=\"wpcf7-form-control-wrap your-name\"><input type=\"text\" name=\"your-name\" value=\"\" size=\"40\" class=\"wpcf7-form-control wpcf7-text wpcf7-validates-as-required\" aria-required=\"true\" aria-invalid=\"false\" placeholder=\"Your name\" \/><\/span> <\/p>\n<p><span class=\"wpcf7-form-control-wrap your-location\"><input type=\"text\" name=\"your-location\" value=\"\" size=\"40\" class=\"wpcf7-form-control wpcf7-text wpcf7-validates-as-required\" aria-required=\"true\" aria-invalid=\"false\" placeholder=\"Address\" \/><\/span> <\/p>\n<p><span class=\"wpcf7-form-control-wrap your-phone\"><input type=\"text\" name=\"your-phone\" value=\"\" size=\"40\" class=\"wpcf7-form-control wpcf7-text wpcf7-validates-as-required\" aria-required=\"true\" aria-invalid=\"false\" placeholder=\"Phone\" \/><\/span> <\/p>\n<p><span class=\"wpcf7-form-control-wrap your-email\"><input type=\"email\" name=\"your-email\" value=\"\" size=\"40\" class=\"wpcf7-form-control wpcf7-text wpcf7-email wpcf7-validates-as-required wpcf7-validates-as-email\" aria-required=\"true\" aria-invalid=\"false\" placeholder=\"E-mail\" \/><\/span> <\/p>\n<p><span class=\"wpcf7-form-control-wrap your-profesion\"><input type=\"text\" name=\"your-profesion\" value=\"\" size=\"40\" class=\"wpcf7-form-control wpcf7-text wpcf7-validates-as-required\" aria-required=\"true\" aria-invalid=\"false\" placeholder=\"Job \/ position (individual)\" \/><\/span> <\/p>\n<p><span class=\"wpcf7-form-control-wrap your-nationality\"><input type=\"text\" name=\"your-nationality\" value=\"\" size=\"40\" class=\"wpcf7-form-control wpcf7-text wpcf7-validates-as-required\" aria-required=\"true\" aria-invalid=\"false\" placeholder=\"Nationality (individual)\" \/><\/span> <\/p>\n<div class=\"clenstvo\">\n<h5>Membership<\/h5>\n<p><br><span class=\"wpcf7-form-control-wrap checkbox-332\"><span class=\"wpcf7-form-control wpcf7-checkbox\"><span class=\"wpcf7-list-item first\"><label><input type=\"checkbox\" name=\"checkbox-332[]\" value=\"full\" \/><span class=\"wpcf7-list-item-label\">full<\/span><\/label><\/span><span class=\"wpcf7-list-item last\"><label><input type=\"checkbox\" name=\"checkbox-332[]\" value=\"honorary\" \/><span class=\"wpcf7-list-item-label\">honorary<\/span><\/label><\/span><\/span><\/span><\/div>\n<div class=\"akceptacia\">\n<span class=\"wpcf7-form-control-wrap acceptance-690\"><span class=\"wpcf7-form-control wpcf7-acceptance\"><span class=\"wpcf7-list-item\"><input type=\"checkbox\" name=\"acceptance-690\" value=\"1\" aria-invalid=\"false\" checked=\"checked\" \/><\/span><\/span><\/span><span class=\"akceptujem\"><b>Prehl\u00e1senie<\/b>: S\u00fahlas\u00edm s\u00a0poslan\u00edm asoci\u00e1cie, pre\u0161tudoval\/a som si <a target=\"_blank\" href=\"http:\/\/safm.sk\/portal\/o-nas\/stanovy\/\">Stanovy SAFM<\/a>,\u00a0s\u00fahlas\u00edm s\u00a0nimi a\u00a0zav\u00e4zujem sa dodr\u017eiava\u0165 ich. Svojim podpisom ude\u013eujem s\u00fahlas s evidovan\u00edm, spracovan\u00edm a manipul\u00e1ciou s osobn\u00fdmi \u00fadajmi v zmysle platn\u00fdch z\u00e1konn\u00fdch noriem.<\/span>\n<\/div>\n<div class=\"recaptcha\">\n\n<\/div>\n<p><input type=\"submit\" value=\"Send\" class=\"wpcf7-form-control wpcf7-submit\" \/><\/p>\n<p style=\"display: none !important;\"><label>&#916;<textarea name=\"_wpcf7_ak_hp_textarea\" cols=\"45\" rows=\"8\" maxlength=\"100\"><\/textarea><\/label><input type=\"hidden\" id=\"ak_js\" name=\"_wpcf7_ak_js\" value=\"124\"\/><script>document.getElementById( \"ak_js\" ).setAttribute( \"value\", ( new Date() ).getTime() );<\/script><\/p><div class=\"wpcf7-response-output\" aria-hidden=\"true\"><\/div><input type=\"hidden\" value=\"no\" id=\"cf7-calculator-enable\" ><input type=\"hidden\" value=\"2\" id=\"cf7-calculator-decimals\" ><input type=\"hidden\" value=\".\" id=\"cf7-calculator-separator\" ><input type=\"hidden\" value=\",\" id=\"cf7-calculator-thousand\" ><input type=\"hidden\" value=\"yes\" id=\"cf7-calculator-right\" ><input type=\"hidden\" value=\"\" id=\"cf7-calculator-currency\" ><input type=\"hidden\" value=\"left\" id=\"cf7-calculator-currency_position\" >\n            <style type=\"text\/css\" >\n                .cf7-hide {\n                    display: none !important;\n                }\n                .cf7-calculated-name {\n                    width: 100%;\n                    display: inline-block;\n                }\n            <\/style>\n            <style type=\"text\/css\" >\n                .ctf7-total, .cf7-calculated-name {\n                    text-align: right !important;\n                }\n\n            <\/style><\/form><\/div>\r\n<\/div>","protected":false},"excerpt":{"rendered":"By completing an electronic form you express interest in becoming a member of the Association. Its sending is the first step in the recruitment process. We firmly believe that it will be completed with the consent of the SAFM Board and we will be able to gladly give you the required membership. Membership Application SAFM","protected":false},"author":65,"featured_media":0,"parent":6500,"menu_order":0,"comment_status":"closed","ping_status":"closed","template":"page-templates\/template_04.php","meta":[],"_links":{"self":[{"href":"https:\/\/safm.sk\/portal\/en\/wp-json\/wp\/v2\/pages\/6348"}],"collection":[{"href":"https:\/\/safm.sk\/portal\/en\/wp-json\/wp\/v2\/pages"}],"about":[{"href":"https:\/\/safm.sk\/portal\/en\/wp-json\/wp\/v2\/types\/page"}],"author":[{"embeddable":true,"href":"https:\/\/safm.sk\/portal\/en\/wp-json\/wp\/v2\/users\/65"}],"replies":[{"embeddable":true,"href":"https:\/\/safm.sk\/portal\/en\/wp-json\/wp\/v2\/comments?post=6348"}],"version-history":[{"count":2,"href":"https:\/\/safm.sk\/portal\/en\/wp-json\/wp\/v2\/pages\/6348\/revisions"}],"predecessor-version":[{"id":6350,"href":"https:\/\/safm.sk\/portal\/en\/wp-json\/wp\/v2\/pages\/6348\/revisions\/6350"}],"up":[{"embeddable":true,"href":"https:\/\/safm.sk\/portal\/en\/wp-json\/wp\/v2\/pages\/6500"}],"wp:attachment":[{"href":"https:\/\/safm.sk\/portal\/en\/wp-json\/wp\/v2\/media?parent=6348"}],"curies":[{"name":"wp","href":"https:\/\/api.w.org\/{rel}","templated":true}]}}